{"id":264,"date":"2020-02-09T14:27:05","date_gmt":"2020-02-09T14:27:05","guid":{"rendered":"http:\/\/demo.themetim.com\/bring-back\/?page_id=264"},"modified":"2025-07-16T07:08:03","modified_gmt":"2025-07-16T07:08:03","slug":"general-information","status":"publish","type":"page","link":"https:\/\/www.doctaforum-events.org\/2026\/workshop-aortic-techniques2026\/general-information\/","title":{"rendered":"General Information"},"content":{"rendered":"<p><span style=\"display: inline-block; width: 0px; overflow: hidden; line-height: 0;\" data-mce-type=\"bookmark\" class=\"mce_SELRES_start\"><\/span><span style=\"display: inline-block; width: 0px; overflow: hidden; line-height: 0;\" data-mce-type=\"bookmark\" class=\"mce_SELRES_start\"><\/span>&nbsp;<\/p>\n<p>&nbsp;<\/p>\n<p>&nbsp;<\/p>\n<p>&nbsp;<\/p>\n<p>&nbsp;<\/p>\n<p style=\"text-align: center;\"><span style=\"font-size: 20pt; color: #e84739;\">COMING SOON<\/span><\/p>\n<p>&nbsp;<\/p>\n<p>&nbsp;<\/p>\n<p>&nbsp;<\/p>\n<p>&nbsp;<\/p>\n<p>&nbsp;<\/p>\n<p>&nbsp;<\/p>\n<p>&nbsp;<br \/>\n<!--\n\n<div class=\"col-lg-12\">\n\n<span style=\"text-decoration: underline;\"><span class=\"clase1\">Organized by:<\/span><\/span>\n\n<img decoding=\"async\" src=\"https:\/\/www.doctaforum-events.org\/2026\/workshop-aortic-techniques2026\/wp-content\/themes\/bring-back\/images\/logo-cliente.webp\" alt=\"logo GECP\" width=\"120px\" \/>\n\n&nbsp;\n\n<\/div>\n\n\n\n\n<div class=\"col-lg-12\">\n\n<span style=\"text-decoration: underline;\"><span class=\"clase1\">Organizers:<\/span><\/span>\n\n<span class=\"clase2\">- Joan Carles Galcer\u00e1n, <\/span><span class=\"clase3\">Vall d\u00b4Hebron Institute of Oncology, Barcelona<\/span>\n\n<span class=\"clase2\">- Manuel D\u00f3mine G\u00f3mez, <\/span> <span class=\"clase3\">Hospital Univ. Fundaci\u00f3n Jim\u00e9nez D\u00edaz, Oncohealth Institute, Madrid<\/span>\n<span class=\"clase3\">\n<\/span>\n\n<\/div>\n\n\n\n\n<div class=\"col-lg-12\">\n\n<span style=\"text-decoration: underline;\"> <span class=\"clase1\">Venue:<\/span> <\/span>\n\n<span class=\"clase3\">MEETING PLACE Orense 34 Auditorio<\/span>\n<span class=\"clase3\">C\/ de Orense, 34, Planta baja<\/span>\n<span class=\"clase3\">28020 Madrid<\/span>\n\n<\/div>\n\n\n\n\n<div class=\"col-lg-12 col-md-12 col-sm-12\">\n\n<iframe class=\"mapa-sede\" style=\"border: 0;\" src=\"https:\/\/www.google.com\/maps\/embed?pb=!1m18!1m12!1m3!1d3035.941823395652!2d-3.6962892846029227!3d40.45442457936066!2m3!1f0!2f0!3f0!3m2!1i1024!2i768!4f13.1!3m3!1m2!1s0xd42297d7e30b2f7%3A0x24ad2a7193b14d90!2sMEETING%20PLACE%20Orense%2034!5e0!3m2!1ses!2ses!4v1686912833801!5m2!1ses!2ses\" allowfullscreen=\"allowfullscreen\" aria-label=\"Venue\">\n<\/iframe>\n\n<\/div>\n\n--><\/p>\n","protected":false},"excerpt":{"rendered":"<p>&nbsp; &nbsp; &nbsp; &nbsp; &nbsp; COMING SOON &nbsp; &nbsp; &nbsp; &nbsp; &nbsp; &nbsp; &nbsp;<\/p>\n","protected":false},"author":1,"featured_media":0,"parent":0,"menu_order":0,"comment_status":"closed","ping_status":"closed","template":"","meta":{"footnotes":""},"class_list":["post-264","page","type-page","status-publish","hentry"],"_links":{"self":[{"href":"https:\/\/www.doctaforum-events.org\/2026\/workshop-aortic-techniques2026\/wp-json\/wp\/v2\/pages\/264","targetHints":{"allow":["GET"]}}],"collection":[{"href":"https:\/\/www.doctaforum-events.org\/2026\/workshop-aortic-techniques2026\/wp-json\/wp\/v2\/pages"}],"about":[{"href":"https:\/\/www.doctaforum-events.org\/2026\/workshop-aortic-techniques2026\/wp-json\/wp\/v2\/types\/page"}],"author":[{"embeddable":true,"href":"https:\/\/www.doctaforum-events.org\/2026\/workshop-aortic-techniques2026\/wp-json\/wp\/v2\/users\/1"}],"replies":[{"embeddable":true,"href":"https:\/\/www.doctaforum-events.org\/2026\/workshop-aortic-techniques2026\/wp-json\/wp\/v2\/comments?post=264"}],"version-history":[{"count":121,"href":"https:\/\/www.doctaforum-events.org\/2026\/workshop-aortic-techniques2026\/wp-json\/wp\/v2\/pages\/264\/revisions"}],"predecessor-version":[{"id":1414,"href":"https:\/\/www.doctaforum-events.org\/2026\/workshop-aortic-techniques2026\/wp-json\/wp\/v2\/pages\/264\/revisions\/1414"}],"wp:attachment":[{"href":"https:\/\/www.doctaforum-events.org\/2026\/workshop-aortic-techniques2026\/wp-json\/wp\/v2\/media?parent=264"}],"curies":[{"name":"wp","href":"https:\/\/api.w.org\/{rel}","templated":true}]}}