{"id":424,"date":"2020-03-16T18:17:34","date_gmt":"2020-03-16T18:17:34","guid":{"rendered":"https:\/\/www.doctaforum-events.org\/2026\/radar-geicam2026\/?page_id=424"},"modified":"2026-03-25T12:06:21","modified_gmt":"2026-03-25T12:06:21","slug":"viernes-3-julio","status":"publish","type":"page","link":"https:\/\/www.doctaforum-events.org\/2026\/radar-geicam2026\/viernes-3-julio\/","title":{"rendered":"Viernes, 3 de julio"},"content":{"rendered":"<p><!--<span style=\"display: inline-block; width: 0px; overflow: hidden; line-height: 0;\" data-mce-type=\"bookmark\" class=\"mce_SELRES_start\"><\/span><span style=\"display: inline-block; width: 0px; overflow: hidden; line-height: 0;\" data-mce-type=\"bookmark\" class=\"mce_SELRES_start\"><\/span>&nbsp;\n&nbsp;\n&nbsp;\n&nbsp;\n&nbsp;\n\n\n<p style=\"text-align: center;\"><span style=\"font-size: 20pt; color: #e84739;\">PROX\u00cdMAMENTE<\/span><\/p>\n\n\n&nbsp;\n&nbsp;\n&nbsp;\n&nbsp;\n&nbsp;\n&nbsp;\n&nbsp;\n--><\/p>\n<div id=\"\" class=\"panel-group\">\n<div class=\"panel panel-default\">\n<div class=\"panel-heading\">\n<div class=\"panel_hour d-flex align-items-center\">\n<h4 class=\"panel-title \">08:00 &#8211; 09:00<\/h4>\n<\/p><\/div>\n<div class=\"title_panel col d-flex align-items-center\">\n<h4 class=\"panel-title\">SIMPOSIO: Desayuno con el Experto<\/h4>\n<\/p><\/div>\n<\/p><\/div>\n<\/p><\/div>\n<div class=\"panel panel-default\">\n<div class=\"panel-heading\">\n<div class=\"panel_hour d-flex align-items-center\">\n<h4 class=\"panel-title \">09:15 &#8211; 09:30<\/h4>\n<\/p><\/div>\n<div class=\"title_panel col d-flex align-items-center\">\n<h4 class=\"panel-title\">Bienvenida<\/h4>\n<\/p><\/div>\n<\/p><\/div>\n<div id=\"collapse2\" class=\"panel-collapse collapse in\">\n<table id=\"tablepress-18\" class=\"tablepress tablepress-id-18\">\n<tbody class=\"row-striping row-hover\">\n<tr class=\"row-1\">\n\t<td class=\"column-1\"><\/td><td class=\"column-2\"><span class=\"clase2\">Dra. Vega Iranzo, <\/span><span class=\"clase3\">Hospital General Univ. De Valencia<\/span><br \/>\n<span class=\"clase2\">Dra. Mar\u00eda del Mar Vernet, <\/span><span class=\"clase3\">Hospital del Mar, Barcelona<\/span><\/td>\n<\/tr>\n<\/tbody>\n<\/table>\n<!-- #tablepress-18 from cache --><\/div>\n<\/p><\/div>\n<div class=\"panel panel-default\">\n<div class=\"panel-heading coloramarillo\">\n<div class=\"panel_hour d-flex align-items-center\">\n<h4 class=\"panel-title \">09:30 &#8211; 10:35<\/h4>\n<\/p><\/div>\n<div class=\"title_panel col d-flex align-items-center\">\n<h4 class=\"panel-title\">Radar GEICAM: Enfermedad metast\u00e1sica<\/h4>\n<\/p><\/div>\n<\/p><\/div>\n<div id=\"collapse3\" class=\"panel-collapse collapse in\">\n<table id=\"tablepress-19\" class=\"tablepress tablepress-id-19\">\n<tbody class=\"row-striping row-hover\">\n<tr class=\"row-1\">\n\t<td class=\"column-1\"><\/td><td class=\"column-2\"><span class=\"clase1\">Modera<\/span><br \/>\n<span class=\"clase2\">Dra. Sonia Servitja, <\/span><span class=\"clase3\">Hospital del Mar, Barcelona<\/span><\/td>\n<\/tr>\n<tr class=\"row-2\">\n\t<td class=\"column-1\">09:30 - 09:45<\/td><td class=\"column-2\"><span class=\"clase1\">Luminal<\/span><br \/>\n<span class=\"clase2\">Dr. Javier Pascual, <\/span><span class=\"clase3\">Hospital Univ. Virgen de la Victoria, M\u00e1laga<\/span><\/td>\n<\/tr>\n<tr class=\"row-3\">\n\t<td class=\"column-1\">09:45 - 10:00<\/td><td class=\"column-2\"><span class=\"clase1\">Triple Negativo<\/span><br \/>\n<span class=\"clase2\">Dra. Antonia Perell\u00f3, <\/span><span class=\"clase3\">Hospital Univ. Son Espases, Palma de Mallorca<\/span><\/td>\n<\/tr>\n<tr class=\"row-4\">\n\t<td class=\"column-1\">10:00 - 10:15<\/td><td class=\"column-2\"><span class=\"clase1\">HER2<\/span><br \/>\n<span class=\"clase2\">Dra. Isabel Echavarria, <\/span><span class=\"clase3\">Hospital Univ. Gregorio Mara\u00f1\u00f3n, Madrid<\/span><\/td>\n<\/tr>\n<tr class=\"row-5\">\n\t<td class=\"column-1\">10:15 - 10:35<\/td><td class=\"column-2\"><span class=\"clase1\">Debate<\/span><br \/>\n<\/td>\n<\/tr>\n<\/tbody>\n<\/table>\n<!-- #tablepress-19 from cache --><\/div>\n<\/p><\/div>\n<div class=\"panel panel-default\">\n<div class=\"panel-heading coloramarillo\">\n<div class=\"panel_hour d-flex align-items-center\">\n<h4 class=\"panel-title \">10:35 &#8211; 11:20<\/h4>\n<\/p><\/div>\n<div class=\"title_panel col d-flex align-items-center\">\n<h4 class=\"panel-title\">Ponencia Magistral: En la l\u00ednea de fuego<\/h4>\n<\/p><\/div>\n<\/p><\/div>\n<div id=\"collapse4\" class=\"panel-collapse collapse in\">\n<table id=\"tablepress-20\" class=\"tablepress tablepress-id-20\">\n<tbody class=\"row-striping row-hover\">\n<tr class=\"row-1\">\n\t<td class=\"column-1\"><\/td><td class=\"column-2\"><span class=\"clase1\">Modera<\/span><br \/>\n<span class=\"clase2\">Dr. Jos\u00e9 \u00c1ngel Garc\u00eda-S\u00e1enz, <\/span><span class=\"clase3\">Hospital Cl\u00ednico San Carlos, Madrid<\/span><\/td>\n<\/tr>\n<tr class=\"row-2\">\n\t<td class=\"column-1\"><\/td><td class=\"column-2\"><span class=\"clase1\">Nuevas opciones en el tratamiento en el c\u00e1ncer de mama hereditario<\/span><br \/>\n<span class=\"clase2\">Dr. Matteo Lambertini, <\/span><span class=\"clase3\">Universidad de G\u00e9nova<\/span><\/td>\n<\/tr>\n<\/tbody>\n<\/table>\n<!-- #tablepress-20 from cache --><\/div>\n<\/p><\/div>\n<div class=\"panel panel-default\">\n<div class=\"panel-heading breakColors\">\n<div class=\"panel_hour d-flex align-items-center\">\n<h4 class=\"panel-title \">11:20 &#8211; 11:50<\/h4>\n<\/p><\/div>\n<div class=\"title_panel col d-flex align-items-center\">\n<h4 class=\"panel-title\">Caf\u00e9<\/h4>\n<\/p><\/div>\n<\/p><\/div>\n<\/p><\/div>\n<div class=\"panel panel-default\">\n<div class=\"panel-heading coloramarillo\">\n<div class=\"panel_hour d-flex align-items-center\">\n<h4 class=\"panel-title \">11:50 &#8211; 12:40<\/h4>\n<\/p><\/div>\n<div class=\"title_panel col d-flex align-items-center\">\n<h4 class=\"panel-title\">Comit\u00e9 de expertos: Se\u00f1ales de progresi\u00f3n<\/h4>\n<\/p><\/div>\n<\/p><\/div>\n<div id=\"collapse5\" class=\"panel-collapse collapse in\">\n<table id=\"tablepress-21\" class=\"tablepress tablepress-id-21\">\n<tbody class=\"row-striping row-hover\">\n<tr class=\"row-1\">\n\t<td class=\"column-1\"><\/td><td class=\"column-2\"><span class=\"clase1\">Modera<\/span><br \/>\n<span class=\"clase2\">Dra. Marta Santiesteban, <\/span><span class=\"clase3\">Cl\u00ednica Universidad Navarra<\/span><\/td>\n<\/tr>\n<tr class=\"row-2\">\n\t<td class=\"column-1\"><\/td><td class=\"column-2\"><span class=\"clase1\">Comit\u00e9 Oncolog\u00eda M\u00e9dica<\/span><br \/>\n<span class=\"clase2\">Dra. Maria Mart\u00ednez, <\/span><span class=\"clase3\">Hospital del Mar, Barcelona<\/span><\/td>\n<\/tr>\n<tr class=\"row-3\">\n\t<td class=\"column-1\"><\/td><td class=\"column-2\"><span class=\"clase1\">Oncolog\u00eda Radioterapia<\/span><br \/>\n<span class=\"clase2\">Dra. Beatriz \u00c1lvarez, <\/span><span class=\"clase3\">Centro Integral Oncol\u00f3gico Clara Campal HM San Chinarro, Madrid<\/span><\/td>\n<\/tr>\n<tr class=\"row-4\">\n\t<td class=\"column-1\"><\/td><td class=\"column-2\"><span class=\"clase1\">Cirug\u00eda<\/span><br \/>\n<span class=\"clase2\">Dra. Ver\u00f3nica Gumbau, <\/span><span class=\"clase3\">Consorcio Hospital General Universitario de Valencia<\/span><\/td>\n<\/tr>\n<tr class=\"row-5\">\n\t<td class=\"column-1\">11:50 - 12:15<\/td><td class=\"column-2\"><span class=\"clase1\">Oligoprogresi\u00f3n cerebral<\/span><br \/>\n<span class=\"clase2\">Dra. Claudia Miquel, <\/span><span class=\"clase3\">Hospital del Mar, Barcelona<\/span><\/td>\n<\/tr>\n<tr class=\"row-6\">\n\t<td class=\"column-1\">12:15 - 12:40<\/td><td class=\"column-2\"><span class=\"clase1\">Reca\u00edda locorregional<\/span><br \/>\n<span class=\"clase2\">Dra. Raquel S\u00e1nchez de la Casa, <\/span><span class=\"clase3\">Centro Integral Oncol\u00f3gico Clara Campal HM San Chinarro, Madrid<\/span><\/td>\n<\/tr>\n<\/tbody>\n<\/table>\n<!-- #tablepress-21 from cache --><\/div>\n<\/p><\/div>\n<div class=\"panel panel-default\">\n<div class=\"panel-heading coloramarillo\">\n<div class=\"panel_hour d-flex align-items-center\">\n<h4 class=\"panel-title \">12:40 &#8211; 13:30<\/h4>\n<\/p><\/div>\n<div class=\"title_panel col d-flex align-items-center\">\n<h4 class=\"panel-title\">En el punto de mira<\/h4>\n<\/p><\/div>\n<\/p><\/div>\n<div id=\"collapse6\" class=\"panel-collapse collapse in\">\n<table id=\"tablepress-22\" class=\"tablepress tablepress-id-22\">\n<tbody class=\"row-striping row-hover\">\n<tr class=\"row-1\">\n\t<td class=\"column-1\"><\/td><td class=\"column-2\"><span class=\"clase1\">Modera<\/span><br \/>\n<span class=\"clase2\">Dr. \u00c1ngel Guerrero Zotano, <\/span><span class=\"clase3\">Instituto Valenciano de Oncolog\u00eda (IVO), Valencia<\/span><\/td>\n<\/tr>\n<tr class=\"row-2\">\n\t<td class=\"column-1\">12:40 - 13:00<\/td><td class=\"column-2\"><span class=\"clase1\">Biopsia l\u00edquida<\/span><br \/>\n<span class=\"clase2\">Dr. Isaac Garcia-Murillas, <\/span><span class=\"clase3\">The Institute of Cancer Research, London, UK<\/span><\/td>\n<\/tr>\n<tr class=\"row-3\">\n\t<td class=\"column-1\">13:00 - 13:20<\/td><td class=\"column-2\"><span class=\"clase1\">Manejo integral de las pacientes<\/span><br \/>\n<span class=\"clase2\">Dra. Marta Leger\u00e9n, <\/span><span class=\"clase3\">Hospital Univ. Cl\u00ednico San Cecilio, Granada<\/span><\/td>\n<\/tr>\n<tr class=\"row-4\">\n\t<td class=\"column-1\">13:20 - 13:30<\/td><td class=\"column-2\"><span class=\"clase1\">Debate<\/span><br \/>\n<\/td>\n<\/tr>\n<\/tbody>\n<\/table>\n<!-- #tablepress-22 from cache --><\/div>\n<\/p><\/div>\n<div class=\"panel panel-default\">\n<div class=\"panel-heading\">\n<div class=\"panel_hour d-flex align-items-center\">\n<h4 class=\"panel-title \">13:30<\/h4>\n<\/p><\/div>\n<div class=\"title_panel col d-flex align-items-center\">\n<h4 class=\"panel-title\">Conclusiones finales y cierre de la jornada<\/h4>\n<\/p><\/div>\n<\/p><\/div>\n<div id=\"collapse7\" class=\"panel-collapse collapse in\">\n<table id=\"tablepress-23\" class=\"tablepress tablepress-id-23\">\n<tbody class=\"row-striping row-hover\">\n<tr class=\"row-1\">\n\t<td class=\"column-1\"><\/td><td class=\"column-2\"><span class=\"clase2\">Dra. Agostina Stradella, <\/span><span class=\"clase3\">ICO L\u00b4Hospitalet-Hospital Duran I Reynalds, Barcelona<\/span><br \/>\n<span class=\"clase2\">Dr. Fernando M. Henao, <\/span><span class=\"clase3\">Hospital Univ. Virgen de la Macarena, Sevilla<\/span><\/td>\n<\/tr>\n<\/tbody>\n<\/table>\n<!-- #tablepress-23 from cache --><\/div>\n<\/p><\/div>\n<\/div>\n","protected":false},"excerpt":{"rendered":"<p>08:00 &#8211; 09:00 SIMPOSIO: Desayuno con el Experto 09:15 &#8211; 09:30 Bienvenida 09:30 &#8211; 10:35 Radar GEICAM: Enfermedad metast\u00e1sica 10:35 &#8211; 11:20 Ponencia Magistral: En la l\u00ednea de fuego 11:20 &#8211; 11:50 Caf\u00e9 11:50 &#8211; 12:40 Comit\u00e9 de expertos: Se\u00f1ales de progresi\u00f3n 12:40 &#8211; 13:30 En el punto de mira 13:30 Conclusiones finales y cierre [&hellip;]<\/p>\n","protected":false},"author":1,"featured_media":0,"parent":0,"menu_order":0,"comment_status":"closed","ping_status":"closed","template":"","meta":{"footnotes":""},"class_list":["post-424","page","type-page","status-publish","hentry"],"_links":{"self":[{"href":"https:\/\/www.doctaforum-events.org\/2026\/radar-geicam2026\/wp-json\/wp\/v2\/pages\/424","targetHints":{"allow":["GET"]}}],"collection":[{"href":"https:\/\/www.doctaforum-events.org\/2026\/radar-geicam2026\/wp-json\/wp\/v2\/pages"}],"about":[{"href":"https:\/\/www.doctaforum-events.org\/2026\/radar-geicam2026\/wp-json\/wp\/v2\/types\/page"}],"author":[{"embeddable":true,"href":"https:\/\/www.doctaforum-events.org\/2026\/radar-geicam2026\/wp-json\/wp\/v2\/users\/1"}],"replies":[{"embeddable":true,"href":"https:\/\/www.doctaforum-events.org\/2026\/radar-geicam2026\/wp-json\/wp\/v2\/comments?post=424"}],"version-history":[{"count":82,"href":"https:\/\/www.doctaforum-events.org\/2026\/radar-geicam2026\/wp-json\/wp\/v2\/pages\/424\/revisions"}],"predecessor-version":[{"id":1451,"href":"https:\/\/www.doctaforum-events.org\/2026\/radar-geicam2026\/wp-json\/wp\/v2\/pages\/424\/revisions\/1451"}],"wp:attachment":[{"href":"https:\/\/www.doctaforum-events.org\/2026\/radar-geicam2026\/wp-json\/wp\/v2\/media?parent=424"}],"curies":[{"name":"wp","href":"https:\/\/api.w.org\/{rel}","templated":true}]}}