{"id":417,"date":"2020-03-16T18:16:17","date_gmt":"2020-03-16T18:16:17","guid":{"rendered":"https:\/\/www.doctaforum-events.org\/2026\/radar-geicam2026\/?page_id=417"},"modified":"2026-04-10T07:23:08","modified_gmt":"2026-04-10T07:23:08","slug":"cuotas-de-inscripcion","status":"publish","type":"page","link":"https:\/\/www.doctaforum-events.org\/2026\/radar-geicam2026\/cuotas-de-inscripcion\/","title":{"rendered":"Cuotas de Inscripci\u00f3n"},"content":{"rendered":"\n<table id=\"tablepress-1\" class=\"tablepress tablepress-id-1 tbody-has-connected-cells\">\n<tbody class=\"row-striping row-hover\">\n<tr class=\"row-1\">\n\t<td colspan=\"2\" class=\"column-1\">INSCRIPCI\u00d3N GENERAL<\/td>\n<\/tr>\n<tr class=\"row-2\">\n\t<td class=\"column-1\">Inscripci\u00f3n general ONLINE<\/td><td class=\"column-2\"><strong>544,50 \u20ac<\/strong><\/td>\n<\/tr>\n<tr class=\"row-3\">\n\t<td class=\"column-1\">Inscripci\u00f3n PRESENCIAL<\/td><td class=\"column-2\"><strong>665,50\u20ac<\/strong><\/td>\n<\/tr>\n<tr class=\"row-4\">\n\t<td class=\"column-1\">Inscripci\u00f3n para residentes<br \/>\n(ser\u00e1 necesaria la carta de certificaci\u00f3n del Jefe de Servicio)<\/td><td class=\"column-2\"><strong>108,90\u20ac<\/strong><\/td>\n<\/tr>\n<tr class=\"row-5\">\n\t<td class=\"column-1\">Inscripci\u00f3n para staff laboratorio patrocinador<\/td><td class=\"column-2\"><strong>108,90\u20ac<\/strong><\/td>\n<\/tr>\n<tr class=\"row-6\">\n\t<td colspan=\"2\" class=\"column-1\"><ul style=\"list-style: none\"><br \/>\n<li><i>21% IVA incluido.<\/i><\/li><br \/>\n<li>La cuota de inscripci\u00f3n incluye la participaci\u00f3n en todas las sesiones, material docente, certificado de asistencia, almuerzo y caf\u00e9s de trabajo indicados en el programa.<\/li><br \/>\n<\/ul><\/td>\n<\/tr>\n<\/tbody>\n<\/table>\n<!-- #tablepress-1 from cache -->\n\n<table id=\"tablepress-2\" class=\"tablepress tablepress-id-2\">\n<tbody class=\"row-striping row-hover\">\n<tr class=\"row-1\">\n\t<td class=\"column-1\">FORMA DE PAGO<\/td>\n<\/tr>\n<tr class=\"row-2\">\n\t<td class=\"column-1\"><strong>Mediante transferencia bancaria<\/strong> a nombre de Doctaforum Servicios, S.L., a la cuenta:<br \/>\n<ul style=\"list-style: none\" class=\"lista_pgos\"><br \/>\n<li>IBAN: ES37 0081 7116 6500 0109 4519<\/li><br \/>\n<li>SWIFT: BSABESBBXXX<\/li><br \/>\n<\/ul><br \/>\n- Los pagos deben ser sin gastos para el receptor.<br \/>\n<br \/>\n- Por favor, env\u00ede el comprobante de la transferencia a la direcci\u00f3n de correo electr\u00f3nico: <a style=\"color: #23474d\" href=\"mailto:radar-geicam2026@doctaforum.com\">radar-geicam2026@doctaforum.com<\/a><br \/>\n <br \/>\n<\/td>\n<\/tr>\n<tr class=\"row-3\">\n\t<td class=\"column-1\"><strong>Tarjeta de cr\u00e9dito:<\/strong> (Visa o Master Card) a trav\u00e9s de la p\u00e1gina web del curso (TPV virtual).<\/td>\n<\/tr>\n<\/tbody>\n<\/table>\n<!-- #tablepress-2 from cache -->\n<p><!--<a href=\"https:\/\/www.doctaforum-events.org\/2026\/radar-geicam2026\/formulario-de-inscripcion\/\" rel=\"noopener\"><img loading=\"lazy\" decoding=\"async\" class=\"aligncenter wp-image-1130 size-full\" src=\"https:\/\/www.doctaforum-events.org\/2026\/radar-geicam2026\/wp-content\/uploads\/2024\/04\/boton-formulario.png\" alt=\"\" width=\"220\" height=\"42\" \/><\/a>--><br \/>\n<span style=\"display: inline-block; width: 0px; overflow: hidden; line-height: 0;\" data-mce-type=\"bookmark\" class=\"mce_SELRES_start\"><\/span><span style=\"display: inline-block; width: 0px; overflow: hidden; line-height: 0;\" data-mce-type=\"bookmark\" class=\"mce_SELRES_start\"><\/span>&nbsp;<\/p>\n<p>En cumplimiento de la legislaci\u00f3n aplicable en materia de protecci\u00f3n de consumidores y usuarios puede ejercer su derecho de desistimiento dentro de los plazos legalmente establecidos enviando el siguiente <a href=\"https:\/\/www.doctaforum.com\/-modelo-desistimiento\/MODELO_DESISTIMIENTO-2025-ES.pdf\" class=\"documento_desestimiento\" target=\"_blank\" rel=\"noopener noreferrer\">documento<\/a> convenientemente cumplimentado y firmado.<\/p>\n<div style=\"width: 100%; display: flex; flex-wrap: wrap; justify-content: center; align-items: center; margin-top: 10px\">\n\t<a href=\"https:\/\/www.doctaforum-events.org\/2026\/radar-geicam2026\/formulario-de-inscripcion\/\" class=\"btn-platforms\"><br \/>\n\tFormulario de inscripci\u00f3n<br \/>\n\t<\/a>\n<\/div>\n<p>&nbsp;<\/p>\n<p>&nbsp;<\/p>\n<p><!--\n&nbsp;\n\n&nbsp;\n\n&nbsp;\n\n&nbsp;\n\n&nbsp;\n\n\n<p style=\"text-align: center;\"><span style=\"font-size: 20pt; color: #5a7e88;\">Disponible en breve<\/span><\/p>\n\n\n&nbsp;\n\n&nbsp;\n\n&nbsp;\n\n&nbsp;\n\n&nbsp;\n\n&nbsp;\n\n&nbsp;--><\/p>\n","protected":false},"excerpt":{"rendered":"<p>&nbsp; En cumplimiento de la legislaci\u00f3n aplicable en materia de protecci\u00f3n de consumidores y usuarios puede ejercer su derecho de desistimiento dentro de los plazos legalmente establecidos enviando el siguiente documento convenientemente cumplimentado y firmado. Formulario de inscripci\u00f3n &nbsp; &nbsp;<\/p>\n","protected":false},"author":1,"featured_media":0,"parent":0,"menu_order":0,"comment_status":"closed","ping_status":"closed","template":"","meta":{"footnotes":""},"class_list":["post-417","page","type-page","status-publish","hentry"],"_links":{"self":[{"href":"https:\/\/www.doctaforum-events.org\/2026\/radar-geicam2026\/wp-json\/wp\/v2\/pages\/417","targetHints":{"allow":["GET"]}}],"collection":[{"href":"https:\/\/www.doctaforum-events.org\/2026\/radar-geicam2026\/wp-json\/wp\/v2\/pages"}],"about":[{"href":"https:\/\/www.doctaforum-events.org\/2026\/radar-geicam2026\/wp-json\/wp\/v2\/types\/page"}],"author":[{"embeddable":true,"href":"https:\/\/www.doctaforum-events.org\/2026\/radar-geicam2026\/wp-json\/wp\/v2\/users\/1"}],"replies":[{"embeddable":true,"href":"https:\/\/www.doctaforum-events.org\/2026\/radar-geicam2026\/wp-json\/wp\/v2\/comments?post=417"}],"version-history":[{"count":76,"href":"https:\/\/www.doctaforum-events.org\/2026\/radar-geicam2026\/wp-json\/wp\/v2\/pages\/417\/revisions"}],"predecessor-version":[{"id":1467,"href":"https:\/\/www.doctaforum-events.org\/2026\/radar-geicam2026\/wp-json\/wp\/v2\/pages\/417\/revisions\/1467"}],"wp:attachment":[{"href":"https:\/\/www.doctaforum-events.org\/2026\/radar-geicam2026\/wp-json\/wp\/v2\/media?parent=417"}],"curies":[{"name":"wp","href":"https:\/\/api.w.org\/{rel}","templated":true}]}}