{"id":264,"date":"2020-02-09T14:27:05","date_gmt":"2020-02-09T14:27:05","guid":{"rendered":"http:\/\/demo.themetim.com\/bring-back\/?page_id=264"},"modified":"2026-02-11T07:50:18","modified_gmt":"2026-02-11T07:50:18","slug":"informacion-general","status":"publish","type":"page","link":"https:\/\/www.doctaforum-events.org\/2026\/radar-geicam2026\/informacion-general\/","title":{"rendered":"Informaci\u00f3n General"},"content":{"rendered":"<p><!--<span style=\"display: inline-block; width: 0px; overflow: hidden; line-height: 0;\" data-mce-type=\"bookmark\" class=\"mce_SELRES_start\"><span style=\"display: inline-block; width: 0px; overflow: hidden; line-height: 0;\" data-mce-type=\"bookmark\" class=\"mce_SELRES_start\"><\/span><\/span><span style=\"display: inline-block; width: 0px; overflow: hidden; line-height: 0;\" data-mce-type=\"bookmark\" class=\"mce_SELRES_start\"><\/span>&nbsp;\n\n&nbsp;\n\n&nbsp;\n\n&nbsp;\n\n&nbsp;\n\n\n<p style=\"text-align: center;\"><span style=\"font-size: 20pt; color: #e84739;\">PROX\u00cdMAMENTE<\/span><\/p>\n\n\n&nbsp;\n\n&nbsp;\n\n&nbsp;\n\n&nbsp;\n\n&nbsp;\n\n&nbsp;\n\n&nbsp;--><\/p>\n<div class=\"col-lg-12\">\n<span style=\"text-decoration: underline;\"><span class=\"clase1\">Organizado por:<\/span><\/span><\/p>\n<p><img loading=\"lazy\" decoding=\"async\" class=\"\" src=\"https:\/\/www.doctaforum-events.org\/2026\/radar-geicam2026\/wp-content\/themes\/bring-back\/images\/logo-cliente.webp\" alt=\"logo GECP\" width=\"153\" height=\"75\" \/><\/p>\n<\/div>\n<div class=\"col-lg-12\"><span style=\"text-decoration: underline;\"><span class=\"clase1\">Coordinadores:<\/span><\/span><\/p>\n<p><span class=\"clase2\">&#8211; Dra. Agostina Stradella Trucco, <\/span><span class=\"clase3\">ICO L\u00b4Hospitalet-Hospital Duran I Reynalds, Barcelona<\/span><\/p>\n<p><span class=\"clase2\">&#8211; Dr. Fernando M. Henao Carrasco, <\/span><span class=\"clase3\">Hospital Univ. Virgen de la Macarena, Sevilla<\/span><\/p>\n<p><span class=\"clase2\">&#8211; Dra. Mar\u00eda del Mar Vernet Tomas, <\/span><span class=\"clase3\">Hospital del Mar, Barcelona<\/span><\/p>\n<p><span class=\"clase2\">&#8211; Dra. Vega Iranzo Gonz\u00e1lez-Cruz, <\/span><span class=\"clase3\">Hospital General Universitario de Valencia<\/span><\/p>\n<\/div>\n<div class=\"col-lg-12\">\n<p><span style=\"text-decoration: underline;\"> <span class=\"clase1\">Sede Presencial:<\/span> <\/span><\/p>\n<p><span class=\"clase3\">Hotel Nh Eurobuilding, Sal\u00f3n Madrid<\/span><br \/>\n<span class=\"clase3\">C. del Padre Dami\u00e1n, 23,<br \/>\n28036 Madrid<\/span><\/p>\n<\/div>\n<div class=\"col-lg-12 col-md-12 col-sm-12\">\n<p><iframe src=\"https:\/\/www.google.com\/maps\/embed?pb=!1m14!1m8!1m3!1d3035.761405951603!2d-3.6885577!3d40.4584175!3m2!1i1024!2i768!4f13.1!3m3!1m2!1s0xd42291ee8a47523%3A0x694d36733a63ed29!2sHotel%20NH%20Collection%20Madrid%20Eurobuilding!5e0!3m2!1ses!2ses!4v1770795751253!5m2!1ses!2ses\" allowfullscreen=\"allowfullscreen\" aria-label=\"Sede\"><br \/>\n<\/iframe><\/p>\n<\/div>\n","protected":false},"excerpt":{"rendered":"<p>Organizado por: Coordinadores: &#8211; Dra. Agostina Stradella Trucco, ICO L\u00b4Hospitalet-Hospital Duran I Reynalds, Barcelona &#8211; Dr. Fernando M. Henao Carrasco, Hospital Univ. Virgen de la Macarena, Sevilla &#8211; Dra. Mar\u00eda del Mar Vernet Tomas, Hospital del Mar, Barcelona &#8211; Dra. Vega Iranzo Gonz\u00e1lez-Cruz, Hospital General Universitario de Valencia Sede Presencial: Hotel Nh Eurobuilding, Sal\u00f3n Madrid [&hellip;]<\/p>\n","protected":false},"author":1,"featured_media":0,"parent":0,"menu_order":0,"comment_status":"closed","ping_status":"closed","template":"","meta":{"footnotes":""},"class_list":["post-264","page","type-page","status-publish","hentry"],"_links":{"self":[{"href":"https:\/\/www.doctaforum-events.org\/2026\/radar-geicam2026\/wp-json\/wp\/v2\/pages\/264","targetHints":{"allow":["GET"]}}],"collection":[{"href":"https:\/\/www.doctaforum-events.org\/2026\/radar-geicam2026\/wp-json\/wp\/v2\/pages"}],"about":[{"href":"https:\/\/www.doctaforum-events.org\/2026\/radar-geicam2026\/wp-json\/wp\/v2\/types\/page"}],"author":[{"embeddable":true,"href":"https:\/\/www.doctaforum-events.org\/2026\/radar-geicam2026\/wp-json\/wp\/v2\/users\/1"}],"replies":[{"embeddable":true,"href":"https:\/\/www.doctaforum-events.org\/2026\/radar-geicam2026\/wp-json\/wp\/v2\/comments?post=264"}],"version-history":[{"count":129,"href":"https:\/\/www.doctaforum-events.org\/2026\/radar-geicam2026\/wp-json\/wp\/v2\/pages\/264\/revisions"}],"predecessor-version":[{"id":1423,"href":"https:\/\/www.doctaforum-events.org\/2026\/radar-geicam2026\/wp-json\/wp\/v2\/pages\/264\/revisions\/1423"}],"wp:attachment":[{"href":"https:\/\/www.doctaforum-events.org\/2026\/radar-geicam2026\/wp-json\/wp\/v2\/media?parent=264"}],"curies":[{"name":"wp","href":"https:\/\/api.w.org\/{rel}","templated":true}]}}