{"id":1413,"date":"2026-02-06T20:45:17","date_gmt":"2026-02-06T20:45:17","guid":{"rendered":"https:\/\/www.doctaforum-events.org\/2026\/radar-geicam2026\/?page_id=1413"},"modified":"2026-03-25T12:00:24","modified_gmt":"2026-03-25T12:00:24","slug":"jueves-2-de-julio","status":"publish","type":"page","link":"https:\/\/www.doctaforum-events.org\/2026\/radar-geicam2026\/jueves-2-de-julio\/","title":{"rendered":"Jueves, 2 de julio"},"content":{"rendered":"<p><!--<span style=\"display: inline-block; width: 0px; overflow: hidden; line-height: 0;\" data-mce-type=\"bookmark\" class=\"mce_SELRES_start\"><\/span><span style=\"display: inline-block; width: 0px; overflow: hidden; line-height: 0;\" data-mce-type=\"bookmark\" class=\"mce_SELRES_start\"><\/span>&nbsp;\n\n&nbsp;\n\n&nbsp;\n\n&nbsp;\n\n&nbsp;\n\n\n<p style=\"text-align: center;\"><span style=\"font-size: 20pt; color: #e84739;\">PROX\u00cdMAMENTE<\/span><\/p>\n\n\n&nbsp;\n\n&nbsp;\n\n&nbsp;\n\n&nbsp;\n\n&nbsp;\n\n&nbsp;\n\n&nbsp;\n--><\/p>\n<div id=\"\" class=\"panel-group\">\n<div class=\"panel panel-default\">\n<div class=\"panel-heading\">\n<div class=\"panel_hour d-flex align-items-center\">\n<h4 class=\"panel-title\">14:00 &#8211; 15:30<\/h4>\n<\/p><\/div>\n<div class=\"title_panel col d-flex align-items-center\">\n<h4 class=\"panel-title\">SIMPOSIO: Almuerzo con el Experto<\/h4>\n<\/p><\/div>\n<\/p><\/div>\n<\/p><\/div>\n<div class=\"panel panel-default\">\n<div class=\"panel-heading\">\n<div class=\"panel_hour d-flex align-items-center\">\n<h4 class=\"panel-title\">16:00 &#8211; 16:10<\/h4>\n<\/p><\/div>\n<div class=\"title_panel col d-flex align-items-center\">\n<h4 class=\"panel-title\">Bienvenida<\/h4>\n<\/p><\/div>\n<\/p><\/div>\n<div class=\"panel-collapse collapse in\">\n<table id=\"tablepress-8\" class=\"tablepress tablepress-id-8\">\n<tbody class=\"row-striping row-hover\">\n<tr class=\"row-1\">\n\t<td class=\"column-1\"><\/td><td class=\"column-2\"><span class=\"clase2\">Dra. Agostina Stradella, <\/span><span class=\"clase3\">ICO L\u00b4Hospitalet-Hospital Duran I Reynalds, Barcelona<\/span><br \/>\n<span class=\"clase2\">Dr. Fernando M. Henao, <\/span><span class=\"clase3\">Hospital Univ. Virgen de la Macarena, Sevilla<\/span><\/td>\n<\/tr>\n<\/tbody>\n<\/table>\n<!-- #tablepress-8 from cache --><\/div>\n<\/p><\/div>\n<div class=\"panel panel-default\">\n<div class=\"panel-heading coloramarillo\">\n<div class=\"panel_hour d-flex align-items-center\">\n<h4 class=\"panel-title\">16:10 &#8211; 17:30<\/h4>\n<\/p><\/div>\n<div class=\"title_panel col d-flex align-items-center\">\n<h4 class=\"panel-title\">Radar GEICAM: Enfermedad precoz<\/h4>\n<\/p><\/div>\n<\/p><\/div>\n<div class=\"panel-collapse collapse in\">\n<table id=\"tablepress-9\" class=\"tablepress tablepress-id-9\">\n<tbody class=\"row-striping row-hover\">\n<tr class=\"row-1\">\n\t<td class=\"column-1\"><\/td><td class=\"column-2\"><span class=\"clase1\">Modera<\/span><br \/>\n<span class=\"clase2\">Dr. Ander Urruticoechea, <\/span><span class=\"clase3\">Unidad de C\u00e1ncer de Guip\u00fazcoa - Osakidetza<\/span><\/td>\n<\/tr>\n<tr class=\"row-2\">\n\t<td class=\"column-1\">16:10 - 16:25<\/td><td class=\"column-2\"><span class=\"clase1\">Diagn\u00f3stico por imagen<\/span><br \/>\n<span class=\"clase2\">Dr. Jaime Jim\u00e9nez, <\/span><span class=\"clase3\">Hospital Univ. de Bellvitge, Barcelona<\/span><\/td>\n<\/tr>\n<tr class=\"row-3\">\n\t<td class=\"column-1\">16:25 - 16:40<\/td><td class=\"column-2\"><span class=\"clase1\">Cirug\u00eda<\/span><br \/>\n<span class=\"clase2\">Dr. Francisco Ripoll, <\/span><span class=\"clase3\">Hospital Univ. y Polit\u00e9cnico La Fe, Valencia<\/span><\/td>\n<\/tr>\n<tr class=\"row-4\">\n\t<td class=\"column-1\">16:40 - 16:55<\/td><td class=\"column-2\"><span class=\"clase1\">Radioterapia<\/span><br \/>\n<span class=\"clase2\">Dra. Carolina de la Pinta, <\/span><span class=\"clase3\">Hospital Univ. Ram\u00f3n y Cajal, Madrid<\/span><\/td>\n<\/tr>\n<tr class=\"row-5\">\n\t<td class=\"column-1\">16:55 - 17:10<\/td><td class=\"column-2\"><span class=\"clase1\">Oncolog\u00eda M\u00e9dica<\/span><br \/>\n<span class=\"clase2\">Dr. Santiago Gonz\u00e1lez, <\/span><span class=\"clase3\">Hospital San Pedro de Alc\u00e1ntara de C\u00e1ceres<\/span><\/td>\n<\/tr>\n<tr class=\"row-6\">\n\t<td class=\"column-1\">17:10 - 17:30<\/td><td class=\"column-2\"><span class=\"clase1\">Debate<\/span><\/td>\n<\/tr>\n<\/tbody>\n<\/table>\n<!-- #tablepress-9 from cache --><\/div>\n<\/p><\/div>\n<div class=\"panel panel-default\">\n<div class=\"panel-heading coloramarillo\">\n<div class=\"panel_hour d-flex align-items-center\">\n<h4 class=\"panel-title\">17:30 &#8211; 18:30<\/h4>\n<\/p><\/div>\n<div class=\"title_panel col d-flex align-items-center\">\n<h4 class=\"panel-title\">Sesi\u00f3n de Comit\u00e9: Todos en la misma onda<\/h4>\n<\/p><\/div>\n<\/p><\/div>\n<div class=\"panel-collapse collapse in\">\n<table id=\"tablepress-10\" class=\"tablepress tablepress-id-10\">\n<tbody class=\"row-striping row-hover\">\n<tr class=\"row-1\">\n\t<td class=\"column-1\"><\/td><td class=\"column-2\"><span class=\"clase1\">Modera<\/span><br \/>\n<span class=\"clase2\">Dra. Silvia Antol\u00edn, <\/span><span class=\"clase3\">Complejo Hospitalario Univ. de La Coru\u00f1a<\/span><\/td>\n<\/tr>\n<tr class=\"row-2\">\n\t<td class=\"column-1\"><\/td><td class=\"column-2\"><span class=\"clase1\">Comit\u00e9 Oncolog\u00eda M\u00e9dica<\/span><br \/>\n<span class=\"clase2\">Dr. Fernando Moreno, <\/span><span class=\"clase3\">Hospital Clinico San Carlos, Madrid<\/span><\/td>\n<\/tr>\n<tr class=\"row-3\">\n\t<td class=\"column-1\"><\/td><td class=\"column-2\"><span class=\"clase1\">Oncolog\u00eda Radioterapia<\/span><br \/>\n<span class=\"clase2\">Dra. Evelyn P\u00e9rez, <\/span><span class=\"clase3\">ICO L\u00b4Hospitalet-Hospital Duran I Reynalds, Barcelona<\/span><\/td>\n<\/tr>\n<tr class=\"row-4\">\n\t<td class=\"column-1\"><\/td><td class=\"column-2\"><span class=\"clase1\">Cirug\u00eda<\/span><br \/>\n<span class=\"clase2\">Dr. Carlos Fuster, <\/span><span class=\"clase3\">Fundaci\u00f3n IVO, Valencia<\/span><\/td>\n<\/tr>\n<tr class=\"row-5\">\n\t<td class=\"column-1\">17:30 - 18:00<\/td><td class=\"column-2\"><span class=\"clase1\">Caso 1 Luminal y discusi\u00f3n<\/span><br \/>\n<span class=\"clase2\">Dra. Laura de Paz, <\/span><span class=\"clase3\">Complejo Hospitalario Univ. de Ferrol<\/span><\/td>\n<\/tr>\n<tr class=\"row-6\">\n\t<td class=\"column-1\">18:00 - 18:30<\/td><td class=\"column-2\"><span class=\"clase1\">Caso 2 HER2 y discusi\u00f3n<\/span><br \/>\n<span class=\"clase2\">Dra. Mar\u00eda Jos\u00e9 Echarri, <\/span><span class=\"clase3\">Hospital Univ. Severo Ochoa, Madrid<\/span><\/td>\n<\/tr>\n<tr class=\"row-7\">\n\t<td class=\"column-1\">18:15 - 18:30<\/td><td class=\"column-2\"><span class=\"clase1\">Conclusiones Comit\u00e9<\/span><br \/>\n<\/td>\n<\/tr>\n<\/tbody>\n<\/table>\n<!-- #tablepress-10 from cache --><\/div>\n<\/p><\/div>\n<div class=\"panel panel-default\">\n<div class=\"panel-heading breakColors\">\n<div class=\"panel_hour d-flex align-items-center\">\n<h4 class=\"panel-title\">18:30 &#8211; 19:00<\/h4>\n<\/p><\/div>\n<div class=\"title_panel col d-flex align-items-center\">\n<h4 class=\"panel-title\">Caf\u00e9<\/h4>\n<\/p><\/div>\n<\/p><\/div>\n<\/p><\/div>\n<div class=\"panel panel-default\">\n<div class=\"panel-heading coloramarillo\">\n<div class=\"panel_hour d-flex align-items-center\">\n<h4 class=\"panel-title\">19:00 &#8211; 20:00<\/h4>\n<\/p><\/div>\n<div class=\"title_panel col d-flex align-items-center\">\n<h4 class=\"panel-title\">Bajo el Radar: cara a cara de expertos<\/h4>\n<\/p><\/div>\n<\/p><\/div>\n<div class=\"panel-collapse collapse in\">\n<table id=\"tablepress-11\" class=\"tablepress tablepress-id-11\">\n<tbody class=\"row-striping row-hover\">\n<tr class=\"row-1\">\n\t<td class=\"column-1\"><\/td><td class=\"column-2\"><span class=\"clase1\">Modera<\/span><br \/>\n<span class=\"clase2\">Dra. Sara L\u00f3pez-Tarruella, <\/span><span class=\"clase3\">Hospital Univ. Gregorio Mara\u00f1\u00f3n, Madrid<\/span><br \/>\n<span class=\"clase2\">Dr. C\u00e9sar Rodr\u00edguez, <\/span><span class=\"clase3\">Hospital Cl\u00ednico Univ. de Salamanca <\/span><\/td>\n<\/tr>\n<tr class=\"row-2\">\n\t<td class=\"column-1\">19:00 - 19:15<\/td><td class=\"column-2\"><span class=\"clase1\">Debate sobre el manejo de la axila post-neoadyuvancia<\/span><br \/>\n<br \/>\n<span class=\"clase1\">Cirug\u00eda<\/span><br \/>\n<span class=\"clase2\">Dra. Amparo Garc\u00eda, <\/span><span class=\"clase3\">Hospital Univ. de Bellvitge, Barcelona<\/span><br \/>\n<br \/>\n<span class=\"clase1\">Onco-Radioterapia<\/span><br \/>\n<span class=\"clase2\">Dra. Esther Jord\u00e1, <\/span><span class=\"clase3\">Hospital Cl\u00ednico Univ. Valencia<\/span><\/td>\n<\/tr>\n<tr class=\"row-3\">\n\t<td class=\"column-1\">19:15 - 19:30<\/td><td class=\"column-2\"><span class=\"clase1\">Plataforma en neoadyuvancia<\/span><br \/>\n<br \/>\n<span class=\"clase1\">Oncolog\u00eda<\/span><br \/>\n<span class=\"clase2\">Dra. Cristina Hernando, <\/span><span class=\"clase3\">Fundaci\u00f3n IVO Valencia<\/span><br \/>\n<br \/>\n<span class=\"clase1\">Cirug\u00eda<\/span><br \/>\n<span class=\"clase2\">Dr. Jaime Jimeno, <\/span><span class=\"clase3\">Hospital Univ. Marqu\u00e9s de Valdecilla, Santander<\/span><\/td>\n<\/tr>\n<tr class=\"row-4\">\n\t<td class=\"column-1\">19:30 - 19:45<\/td><td class=\"column-2\"><span class=\"clase1\">Estudio din\u00e1mico antes de la cirug\u00eda<\/span><br \/>\n<br \/>\n<span class=\"clase1\">Radiolog\u00eda<\/span><br \/>\n<span class=\"clase2\">Dra. Rosana Medina, <\/span><span class=\"clase3\">Hospital Univ. Doctor Peset, Valencia<\/span><br \/>\n<br \/>\n<span class=\"clase1\">Cirug\u00eda<\/span><br \/>\n<span class=\"clase2\">Dr. Alejandro Utor, <\/span><span class=\"clase3\">Hospital Univ. Puerta del Mar, C\u00e1diz<\/span><\/td>\n<\/tr>\n<tr class=\"row-5\">\n\t<td class=\"column-1\">19:45 - 20:00<\/td><td class=\"column-2\"><span class=\"clase1\">Cierre de la jornada<\/span><br \/>\n<span class=\"clase2\">Dra. Vega Iranzo, <\/span><span class=\"clase3\">Hospital General Univ. De Valencia<\/span><br \/>\n<span class=\"clase2\">Dra. Mar\u00eda del Mar Vernet, <\/span><span class=\"clase3\">Hospital del Mar, Barcelona<\/span><\/td>\n<\/tr>\n<\/tbody>\n<\/table>\n<!-- #tablepress-11 from cache --><\/div>\n<\/p><\/div>\n<div class=\"panel panel-default\">\n<div class=\"panel-heading\">\n<div class=\"panel_hour d-flex align-items-center\">\n<h4 class=\"panel-title\">20:15 &#8211; 21:15<\/h4>\n<\/p><\/div>\n<div class=\"title_panel col d-flex align-items-center\">\n<h4 class=\"panel-title\">SIMPOSIO: Encuentro con el Experto<\/h4>\n<\/p><\/div>\n<\/p><\/div>\n<\/p><\/div>\n<\/div>\n","protected":false},"excerpt":{"rendered":"<p>14:00 &#8211; 15:30 SIMPOSIO: Almuerzo con el Experto 16:00 &#8211; 16:10 Bienvenida 16:10 &#8211; 17:30 Radar GEICAM: Enfermedad precoz 17:30 &#8211; 18:30 Sesi\u00f3n de Comit\u00e9: Todos en la misma onda 18:30 &#8211; 19:00 Caf\u00e9 19:00 &#8211; 20:00 Bajo el Radar: cara a cara de expertos 20:15 &#8211; 21:15 SIMPOSIO: Encuentro con el Experto<\/p>\n","protected":false},"author":3,"featured_media":0,"parent":0,"menu_order":0,"comment_status":"closed","ping_status":"closed","template":"","meta":{"footnotes":""},"class_list":["post-1413","page","type-page","status-publish","hentry"],"_links":{"self":[{"href":"https:\/\/www.doctaforum-events.org\/2026\/radar-geicam2026\/wp-json\/wp\/v2\/pages\/1413","targetHints":{"allow":["GET"]}}],"collection":[{"href":"https:\/\/www.doctaforum-events.org\/2026\/radar-geicam2026\/wp-json\/wp\/v2\/pages"}],"about":[{"href":"https:\/\/www.doctaforum-events.org\/2026\/radar-geicam2026\/wp-json\/wp\/v2\/types\/page"}],"author":[{"embeddable":true,"href":"https:\/\/www.doctaforum-events.org\/2026\/radar-geicam2026\/wp-json\/wp\/v2\/users\/3"}],"replies":[{"embeddable":true,"href":"https:\/\/www.doctaforum-events.org\/2026\/radar-geicam2026\/wp-json\/wp\/v2\/comments?post=1413"}],"version-history":[{"count":7,"href":"https:\/\/www.doctaforum-events.org\/2026\/radar-geicam2026\/wp-json\/wp\/v2\/pages\/1413\/revisions"}],"predecessor-version":[{"id":1448,"href":"https:\/\/www.doctaforum-events.org\/2026\/radar-geicam2026\/wp-json\/wp\/v2\/pages\/1413\/revisions\/1448"}],"wp:attachment":[{"href":"https:\/\/www.doctaforum-events.org\/2026\/radar-geicam2026\/wp-json\/wp\/v2\/media?parent=1413"}],"curies":[{"name":"wp","href":"https:\/\/api.w.org\/{rel}","templated":true}]}}