{"id":264,"date":"2020-02-09T14:27:05","date_gmt":"2020-02-09T14:27:05","guid":{"rendered":"http:\/\/demo.themetim.com\/bring-back\/?page_id=264"},"modified":"2026-02-09T07:09:39","modified_gmt":"2026-02-09T07:09:39","slug":"general-information","status":"publish","type":"page","link":"https:\/\/www.doctaforum-events.org\/2026\/ibc2026\/general-information\/","title":{"rendered":"General Information"},"content":{"rendered":"<p><!--&nbsp;\n\n<span style=\"display: inline-block; width: 0px; overflow: hidden; line-height: 0;\" data-mce-type=\"bookmark\" class=\"mce_SELRES_start\"><span data-mce-type=\"bookmark\" style=\"display: inline-block; width: 0px; overflow: hidden; line-height: 0;\" class=\"mce_SELRES_start\"><\/span><span style=\"display: inline-block; width: 0px; overflow: hidden; line-height: 0;\" data-mce-type=\"bookmark\" class=\"mce_SELRES_start\"><\/span><span style=\"display: inline-block; width: 0px; overflow: hidden; line-height: 0;\" data-mce-type=\"bookmark\" class=\"mce_SELRES_start\"><\/span><\/span><span style=\"display: inline-block; width: 0px; overflow: hidden; line-height: 0;\" data-mce-type=\"bookmark\" class=\"mce_SELRES_start\"><\/span>&nbsp;\n\n&nbsp;\n\n&nbsp;\n\n&nbsp;\n\n&nbsp;\n\n\n<p style=\"text-align: center;\"><span style=\"font-size: 20pt;\">COMING SOON<\/span><\/p>\n\n\n&nbsp;\n\n&nbsp;\n\n&nbsp;\n\n&nbsp;\n\n&nbsp;\n\n&nbsp;\n\n&nbsp;--><\/p>\n<div class=\"col-lg-12\">\n<p><span style=\"text-decoration: underline;\"><span class=\"clase1\">Organized by:<\/span><\/span><\/p>\n<p><img loading=\"lazy\" decoding=\"async\" class=\"\" src=\"https:\/\/www.doctaforum-events.org\/2026\/ibc2026\/wp-content\/themes\/bring-back\/images\/logo-cliente.webp\" alt=\"logo GECP\" width=\"254\" height=\"55\" \/><\/p>\n<p>&nbsp;<\/p>\n<\/div>\n<div class=\"col-lg-12\">\n<p><span style=\"text-decoration: underline;\"><span class=\"clase1\">Directors:<\/span><\/span><\/p>\n<p><span class=\"clase2\">&#8211; Francisco Ayala, <\/span><span class=\"clase3\">Hospital General Universitario Gregorio Mara\u00f1\u00f3n, Madrid, Spain<\/span><br \/>\n<span class=\"clase2\">&#8211; Miguel Mart\u00edn, <\/span> <span class=\"clase3\">Hospital General Universitario Gregorio Mara\u00f1\u00f3n, Madrid, Spain<\/span><br \/>\n<span class=\"clase3\"><br \/>\n<\/span><\/p>\n<\/div>\n<div class=\"col-lg-12\">\n<p><span style=\"text-decoration: underline;\"><span class=\"clase1\">With the Scientific Endorsement of:<\/span><\/span><\/p>\n<h3><img loading=\"lazy\" decoding=\"async\" class=\"alignnone wp-image-1427 \" src=\"https:\/\/www.doctaforum-events.org\/2026\/ibc2026\/wp-content\/uploads\/2026\/01\/Geicam.png\" alt=\"\" width=\"154\" height=\"77\" \/>\u00a0 \u00a0 \u00a0 \u00a0 \u00a0 \u00a0 \u00a0 <img loading=\"lazy\" decoding=\"async\" class=\"alignnone wp-image-1427 \" src=\"https:\/\/www.doctaforum-events.org\/2026\/ibc2026\/wp-content\/uploads\/2026\/01\/SEOM.png\" alt=\"\" width=\"117\" height=\"112\" \/><\/h3>\n<p>&nbsp;<\/p>\n<\/div>\n","protected":false},"excerpt":{"rendered":"<p>Organized by: &nbsp; Directors: &#8211; Francisco Ayala, Hospital General Universitario Gregorio Mara\u00f1\u00f3n, Madrid, Spain &#8211; Miguel Mart\u00edn, Hospital General Universitario Gregorio Mara\u00f1\u00f3n, Madrid, Spain With the Scientific Endorsement of: \u00a0 \u00a0 \u00a0 \u00a0 \u00a0 \u00a0 \u00a0 &nbsp;<\/p>\n","protected":false},"author":1,"featured_media":0,"parent":0,"menu_order":0,"comment_status":"closed","ping_status":"closed","template":"","meta":{"footnotes":""},"class_list":["post-264","page","type-page","status-publish","hentry"],"_links":{"self":[{"href":"https:\/\/www.doctaforum-events.org\/2026\/ibc2026\/wp-json\/wp\/v2\/pages\/264","targetHints":{"allow":["GET"]}}],"collection":[{"href":"https:\/\/www.doctaforum-events.org\/2026\/ibc2026\/wp-json\/wp\/v2\/pages"}],"about":[{"href":"https:\/\/www.doctaforum-events.org\/2026\/ibc2026\/wp-json\/wp\/v2\/types\/page"}],"author":[{"embeddable":true,"href":"https:\/\/www.doctaforum-events.org\/2026\/ibc2026\/wp-json\/wp\/v2\/users\/1"}],"replies":[{"embeddable":true,"href":"https:\/\/www.doctaforum-events.org\/2026\/ibc2026\/wp-json\/wp\/v2\/comments?post=264"}],"version-history":[{"count":122,"href":"https:\/\/www.doctaforum-events.org\/2026\/ibc2026\/wp-json\/wp\/v2\/pages\/264\/revisions"}],"predecessor-version":[{"id":1454,"href":"https:\/\/www.doctaforum-events.org\/2026\/ibc2026\/wp-json\/wp\/v2\/pages\/264\/revisions\/1454"}],"wp:attachment":[{"href":"https:\/\/www.doctaforum-events.org\/2026\/ibc2026\/wp-json\/wp\/v2\/media?parent=264"}],"curies":[{"name":"wp","href":"https:\/\/api.w.org\/{rel}","templated":true}]}}