{"id":2,"date":"2020-03-09T12:55:45","date_gmt":"2020-03-09T12:55:45","guid":{"rendered":"https:\/\/www.doctaforum-events.org\/2026\/ibc2026\/?page_id=2"},"modified":"2026-02-04T14:32:19","modified_gmt":"2026-02-04T14:32:19","slug":"presentation","status":"publish","type":"page","link":"https:\/\/www.doctaforum-events.org\/2026\/ibc2026\/presentation\/","title":{"rendered":"Presentation"},"content":{"rendered":"<p><!--\n\n<span style=\"display: inline-block; width: 0px; overflow: hidden; line-height: 0;\" data-mce-type=\"bookmark\" class=\"mce_SELRES_start\"><\/span><span style=\"display: inline-block; width: 0px; overflow: hidden; line-height: 0;\" data-mce-type=\"bookmark\" class=\"mce_SELRES_start\"><\/span>&nbsp;\n\n&nbsp;\n\n&nbsp;\n\n&nbsp;\n\n&nbsp;\n\n\n<p style=\"text-align: center;\"><span style=\"font-size: 20pt; color: #5A7E88;\">Pr\u00f3ximamente<\/span><\/p>\n\n\n&nbsp;\n\n&nbsp;\n\n&nbsp;\n\n&nbsp;\n\n&nbsp;\n\n&nbsp;\n\n&nbsp;\n\n--><\/p>\n<div class=\"speakers-section\">\n<div class=\"speakers-container\">\n    <!-- Primer speaker --><\/p>\n<div class=\"speaker-card\">\n      <img decoding=\"async\" src=\"https:\/\/www.doctaforum-events.org\/2026\/ibc2026\/wp-content\/uploads\/2024\/12\/MicrosoftTeams-image.png\" alt=\"Prof. Miguel Mart\u00edn\"><\/p>\n<div class=\"speaker-info\">\n        <span class=\"speaker-name\">Prof. Miguel Mart\u00edn<\/span><br \/>\n        <span class=\"speaker-affiliation\">Hospital General Universitario Gregorio Mara\u00f1\u00f3n, Madrid<\/span>\n      <\/div>\n<\/p><\/div>\n<p>    <!-- Segundo speaker --><\/p>\n<div class=\"speaker-card\">\n      <img decoding=\"async\" src=\"https:\/\/www.doctaforum-events.org\/2026\/ibc2026\/wp-content\/uploads\/2024\/12\/199045164--1200x840.webp\" alt=\"Francisco Ayala\"><\/p>\n<div class=\"speaker-info\">\n        <span class=\"speaker-name\">Francisco Ayala<\/span><br \/>\n        <span class=\"speaker-affiliation\">Hospital General Universitario Gregorio Mara\u00f1\u00f3n, Madrid<\/span>\n      <\/div>\n<\/p><\/div>\n<\/p><\/div>\n<p>&nbsp;<\/p>\n<p>Dear Colleagues,<\/p>\n<p>It is a great pleasure to welcome you to the 16th Innovation in Breast Cancer symposium, which will be held in online format on February 12 and 13, 2026. This two-day international scientific program aims to provide state-of-the-art information on breast cancer, achieving a balance of clinical, translational, and basic research. It also serves as a forum for interaction, communication, and education for medical oncologists, gynecologists, and other specialists with a special interest in breast cancer.<\/p>\n<p>The symposium is divided into four sessions, and each lecture will be followed by a brief open discussion between speakers and attendees, emphasizing the exchange of knowledge among international experts.<\/p>\n<p>You will receive an online evaluation form, and we kindly ask you to fill it out. Your feedback on the current program and speakers, as well as any suggestions for next year&#8217;s program, will be greatly appreciated.<\/p>\n<p>I sincerely hope you find this symposium of interest and look forward to meeting with you online.<\/p>\n<p>Kind regards.<\/p>\n<p>&nbsp;<\/p>\n<div class=\"d-flex flex-wrap\">\n<div class=\"col-12 d-flex flex-wrap align-items-center\">\n<div class=\"col-6 text-center\"><\/div>\n<div class=\"col-6 text-center\"><\/div>\n<\/div>\n<div class=\"col-12 d-flex flex-wrap justify-content-center\">\n<div class=\"col-6 text-center\"><span class=\"clase2\">Miguel Mart\u00edn and Francico Ayala<\/span><br \/>\n<em class=\"clase3\">Hospital General Universitario Gregorio Mara\u00f1\u00f3n, Madrid.<\/em><\/div>\n<\/div>\n<\/div>\n","protected":false},"excerpt":{"rendered":"<p>Prof. Miguel Mart\u00edn Hospital General Universitario Gregorio Mara\u00f1\u00f3n, Madrid Francisco Ayala Hospital General Universitario Gregorio Mara\u00f1\u00f3n, Madrid &nbsp; Dear Colleagues, It is a great pleasure to welcome you to the 16th Innovation in Breast Cancer symposium, which will be held in online format on February 12 and 13, 2026. This two-day international scientific program aims [&hellip;]<\/p>\n","protected":false},"author":1,"featured_media":0,"parent":0,"menu_order":0,"comment_status":"closed","ping_status":"closed","template":"","meta":{"footnotes":""},"class_list":["post-2","page","type-page","status-publish","hentry"],"_links":{"self":[{"href":"https:\/\/www.doctaforum-events.org\/2026\/ibc2026\/wp-json\/wp\/v2\/pages\/2","targetHints":{"allow":["GET"]}}],"collection":[{"href":"https:\/\/www.doctaforum-events.org\/2026\/ibc2026\/wp-json\/wp\/v2\/pages"}],"about":[{"href":"https:\/\/www.doctaforum-events.org\/2026\/ibc2026\/wp-json\/wp\/v2\/types\/page"}],"author":[{"embeddable":true,"href":"https:\/\/www.doctaforum-events.org\/2026\/ibc2026\/wp-json\/wp\/v2\/users\/1"}],"replies":[{"embeddable":true,"href":"https:\/\/www.doctaforum-events.org\/2026\/ibc2026\/wp-json\/wp\/v2\/comments?post=2"}],"version-history":[{"count":45,"href":"https:\/\/www.doctaforum-events.org\/2026\/ibc2026\/wp-json\/wp\/v2\/pages\/2\/revisions"}],"predecessor-version":[{"id":1437,"href":"https:\/\/www.doctaforum-events.org\/2026\/ibc2026\/wp-json\/wp\/v2\/pages\/2\/revisions\/1437"}],"wp:attachment":[{"href":"https:\/\/www.doctaforum-events.org\/2026\/ibc2026\/wp-json\/wp\/v2\/media?parent=2"}],"curies":[{"name":"wp","href":"https:\/\/api.w.org\/{rel}","templated":true}]}}