{"id":264,"date":"2020-02-09T14:27:05","date_gmt":"2020-02-09T14:27:05","guid":{"rendered":"http:\/\/demo.themetim.com\/bring-back\/?page_id=264"},"modified":"2026-03-18T15:40:08","modified_gmt":"2026-03-18T15:40:08","slug":"informacion-general","status":"publish","type":"page","link":"https:\/\/www.doctaforum-events.org\/2026\/hematologia48h2026\/informacion-general\/","title":{"rendered":"Informaci\u00f3n General"},"content":{"rendered":"<div class=\"col-lg-12\"><span style=\"text-decoration: underline;\"><span class=\"clase1\">Organizado por:<\/span><\/span><br \/>\n<img loading=\"lazy\" decoding=\"async\" class=\"\" src=\"https:\/\/www.doctaforum-events.org\/2026\/hematologia48h2026\/wp-content\/themes\/bring-back\/images\/logo-cliente.webp\" alt=\"logo GECP\" width=\"190\" height=\"98\" \/><\/div>\n<div><\/div>\n<p>&nbsp;<\/p>\n<div class=\"col-lg-12\"><span style=\"text-decoration: underline;\"><span class=\"clase1\">Coordinadores:<\/span><\/span><br \/>\n<span class=\"clase2\">&#8211; Dr. Ram\u00f3n Lecumberri,<\/span> <em><span class=\"clase3\">Cl\u00ednica Universidad de Navarra, Pamplona<\/span><\/em><br \/>\n<span class=\"clase2\">&#8211; Dr. Felipe Pr\u00f3sper,<\/span> <em><span class=\"clase3\">Cl\u00ednica Universidad de Navarra, Pamplona<\/span><\/em><br \/>\n<span class=\"clase2\">&#8211; Dr. Jes\u00fas San Miguel, <\/span><em><span class=\"clase3\">Cancer Center Cl\u00ednica Universidad de Navarra, Pamplona<\/span><\/em><\/div>\n<div><\/div>\n<p>&nbsp;<\/p>\n<div class=\"col-lg-12\"><span style=\"text-decoration: underline;\"><span class=\"clase1\">Con el Aval Cient\u00edfico de:<\/span><\/span><br \/>\n<img loading=\"lazy\" decoding=\"async\" class=\"alignnone wp-image-2313 \" src=\"https:\/\/www.doctaforum-events.org\/2026\/hematologia48h2026\/wp-content\/uploads\/2026\/01\/SEHH.webp\" alt=\"\" width=\"275\" height=\"76\" \/>\u00a0 \u00a0 \u00a0 \u00a0 \u00a0 \u00a0 <img loading=\"lazy\" decoding=\"async\" class=\"alignnone wp-image-2313 \" src=\"https:\/\/www.doctaforum-events.org\/2026\/hematologia48h2026\/wp-content\/uploads\/2026\/01\/SETH.png\" alt=\"\" width=\"236\" height=\"71\" \/><\/div>\n<div><\/div>\n<p>&nbsp;<\/p>\n<div class=\"col-lg-12\"><span style=\"text-decoration: underline;\"><span class=\"clase1\">Acreditaci\u00f3n:<\/span><\/span><br \/>\n<span class=\"clase2\">Actividad acreditada por la Comisi\u00f3n de Formaci\u00f3n Continuada de Navarra del Sistema Nacional de Salud con 1,7 cr\u00e9ditos para los profesionales m\u00e9dicos (n\u00ba acreditaci\u00f3n 90\/2026 CFCN). Los cr\u00e9ditos de esta actividad formativa no son aplicables a los profesionales que participen en la misma y que est\u00e9n form\u00e1ndose como especialistas en Ciencias de la Salud.<\/span><br \/>\n<img loading=\"lazy\" decoding=\"async\" class=\"alignnone wp-image-2313\" src=\"https:\/\/www.doctaforum-events.org\/2026\/hematologia48h2026\/wp-content\/uploads\/2026\/03\/comision-formacion-continuada.webp\" alt=\"\" width=\"99\" height=\"103\" \/><\/div>\n<div><\/div>\n<p>&nbsp;<\/p>\n<div class=\"col-lg-12\"><span style=\"text-decoration: underline;\"><span class=\"clase1\">Sede Presencial:<\/span><\/span><br \/>\n<span class=\"clase2\">Universidad de Navarra<br \/>\nEdificio Ampliaci\u00f3n Biblioteca de Ciencias \u2013 Sal\u00f3n de Actos,<br \/>\nC. de Irunlarrea, s\/n, 31008 Pamplona, Navarra<\/span><\/div>\n<div class=\"col-lg-12 col-md-12 col-sm-12\"><iframe class=\"mapa-sede\" style=\"border: 0;\" src=\"https:\/\/www.google.com\/maps\/embed?pb=!1m18!1m12!1m3!1d2927.3062589682977!2d-1.6669536999999996!3d42.803013799999995!2m3!1f0!2f0!3f0!3m2!1i1024!2i768!4f13.1!3m3!1m2!1s0xd5093365573ce5f%3A0x8a76fc1b88ab0cae!2sBiblioteca%20de%20Ciencias.%20Universidad%20de%20Navarra!5e0!3m2!1ses-419!2ses!4v1761820469990!5m2!1ses-419!2ses\" allowfullscreen=\"allowfullscreen\" aria-label=\"Sede\"><\/iframe><\/div>\n","protected":false},"excerpt":{"rendered":"<p>Organizado por: &nbsp; Coordinadores: &#8211; Dr. Ram\u00f3n Lecumberri, Cl\u00ednica Universidad de Navarra, Pamplona &#8211; Dr. Felipe Pr\u00f3sper, Cl\u00ednica Universidad de Navarra, Pamplona &#8211; Dr. Jes\u00fas San Miguel, Cancer Center Cl\u00ednica Universidad de Navarra, Pamplona &nbsp; Con el Aval Cient\u00edfico de: \u00a0 \u00a0 \u00a0 \u00a0 \u00a0 \u00a0 &nbsp; Acreditaci\u00f3n: Actividad acreditada por la Comisi\u00f3n de Formaci\u00f3n [&hellip;]<\/p>\n","protected":false},"author":1,"featured_media":0,"parent":0,"menu_order":0,"comment_status":"closed","ping_status":"closed","template":"","meta":{"footnotes":""},"class_list":["post-264","page","type-page","status-publish","hentry"],"_links":{"self":[{"href":"https:\/\/www.doctaforum-events.org\/2026\/hematologia48h2026\/wp-json\/wp\/v2\/pages\/264","targetHints":{"allow":["GET"]}}],"collection":[{"href":"https:\/\/www.doctaforum-events.org\/2026\/hematologia48h2026\/wp-json\/wp\/v2\/pages"}],"about":[{"href":"https:\/\/www.doctaforum-events.org\/2026\/hematologia48h2026\/wp-json\/wp\/v2\/types\/page"}],"author":[{"embeddable":true,"href":"https:\/\/www.doctaforum-events.org\/2026\/hematologia48h2026\/wp-json\/wp\/v2\/users\/1"}],"replies":[{"embeddable":true,"href":"https:\/\/www.doctaforum-events.org\/2026\/hematologia48h2026\/wp-json\/wp\/v2\/comments?post=264"}],"version-history":[{"count":137,"href":"https:\/\/www.doctaforum-events.org\/2026\/hematologia48h2026\/wp-json\/wp\/v2\/pages\/264\/revisions"}],"predecessor-version":[{"id":1491,"href":"https:\/\/www.doctaforum-events.org\/2026\/hematologia48h2026\/wp-json\/wp\/v2\/pages\/264\/revisions\/1491"}],"wp:attachment":[{"href":"https:\/\/www.doctaforum-events.org\/2026\/hematologia48h2026\/wp-json\/wp\/v2\/media?parent=264"}],"curies":[{"name":"wp","href":"https:\/\/api.w.org\/{rel}","templated":true}]}}