{"id":424,"date":"2020-03-16T18:17:34","date_gmt":"2020-03-16T18:17:34","guid":{"rendered":"https:\/\/www.doctaforum-events.org\/2026\/cursocp2026\/?page_id=424"},"modified":"2026-01-16T08:02:54","modified_gmt":"2026-01-16T08:02:54","slug":"jueves-12","status":"publish","type":"page","link":"https:\/\/www.doctaforum-events.org\/2026\/cursocp2026\/jueves-12\/","title":{"rendered":"Jueves 12 de Marzo"},"content":{"rendered":"<div id=\"\" class=\"panel-group\">\n<div class=\"panel panel-default\">\n<div class=\"panel-heading breakColors d-flex panel-heading-custom\">\n<div class=\"panel_hour d-flex align-items-center\">\n<h4 class=\"panel-title\">12:00 \u2013 12:20<\/h4>\n<\/p><\/div>\n<div class=\"title_panel col d-flex align-items-center\">\n<h4 class=\"panel-title\">Presentaci\u00f3n del curso GECP. Misi\u00f3n, visi\u00f3n y valores<\/h4>\n<\/p><\/div>\n<\/p><\/div>\n<div id=\"collapse2\" class=\"panel-collapse collapse in\">\n<table id=\"tablepress-8\" class=\"tablepress tablepress-id-8\">\n<tbody class=\"row-striping row-hover\">\n<tr class=\"row-1\">\n\t<td class=\"column-1\"><span class=\"clase2\">Dr. Bartomeu Massut\u00ed, <\/span><span class=\"clase3\">Oncolog\u00eda M\u00e9dica, Hospital General Univ. Dr. Balmis, Alicante<\/span><br \/>\n<\/td>\n<\/tr>\n<\/tbody>\n<\/table>\n<!-- #tablepress-8 from cache --><\/div>\n<\/p><\/div>\n<div class=\"panel panel-default\">\n<div class=\"panel-heading\">\n<div class=\"panel_hour d-flex align-items-center\">\n<h4 class=\"panel-title \">12:20 &#8211; 13:55<\/h4>\n<\/p><\/div>\n<div class=\"title_panel col d-flex align-items-center\">\n<h4 class=\"panel-title\">SESI\u00d3N I. Epidemiologia, diagn\u00f3stico y cribado<\/h4>\n<\/p><\/div>\n<\/p><\/div>\n<div id=\"collapse2\" class=\"panel-collapse collapse in\">\n<table id=\"tablepress-12\" class=\"tablepress tablepress-id-12\">\n<tbody class=\"row-striping row-hover\">\n<tr class=\"row-1\">\n\t<td class=\"column-1\"><\/td><td class=\"column-2\"><span class=\"clase1\">Moderadores:<\/span><br \/>\n<span class=\"clase2\">Dr. Enric Carcereny, <\/span><span class=\"clase3\">Oncolog\u00eda M\u00e9dica, ICO, Hospital Univ. Germans Trias i Pujol, Badalona, Barcelona<\/span><br \/>\n<span class=\"clase2\">Dra. Mar\u00eda Jov\u00e9, <\/span><span class=\"clase3\">Oncolog\u00eda M\u00e9dica, ICO, L' Hospitalet de Llobregat, Barcelona<\/span><\/td>\n<\/tr>\n<tr class=\"row-2\">\n\t<td class=\"column-1\">12:20 - 12:40<\/td><td class=\"column-2\"><span class=\"clase1\">Epidemiolog\u00eda<\/span><br \/>\n<span class=\"clase2\">Dr. Bartomeu Massut\u00ed, <\/span><span class=\"clase3\">Oncolog\u00eda M\u00e9dica, Hospital General Univ. Dr. Balmis, Alicante<\/span><\/td>\n<\/tr>\n<tr class=\"row-3\">\n\t<td class=\"column-1\">12:40 - 12:50<\/td><td class=\"column-2\"><span class=\"clase1\">Cribado<\/span><br \/>\n<span class=\"clase2\">Dr. Juan Carlos Trujillo, <\/span><span class=\"clase3\">Cirug\u00eda Tor\u00e1cica, Hospital de la Santa Creu i Sant Pau, Barcelona<\/span><\/td>\n<\/tr>\n<tr class=\"row-4\">\n\t<td class=\"column-1\">12:50 - 13:05<\/td><td class=\"column-2\"><span class=\"clase1\">Diagn\u00f3stico cl\u00ednico y estadificaci\u00f3n<\/span><br \/>\n<span class=\"clase2\">Dra. Nuria Pardo, <\/span><span class=\"clase3\">Oncolog\u00eda M\u00e9dica, Hospital Univ. Vall d' Hebron, Barcelona<\/span><\/td>\n<\/tr>\n<tr class=\"row-5\">\n\t<td class=\"column-1\">13:05 - 13:25<\/td><td class=\"column-2\"><span class=\"clase1\">Diagn\u00f3stico anatomo-patol\u00f3gico y molecular (NGS, biopsia l\u00edquida)<\/span><br \/>\n<span class=\"clase2\">Dr. Javier Mart\u00edn, <\/span><span class=\"clase3\">Oncolog\u00eda M\u00e9dica, Hospital Univ. Puerta de Hierro, Majadahonda, Madrid<\/span><\/td>\n<\/tr>\n<tr class=\"row-6\">\n\t<td class=\"column-1\">13:25 - 13:40<\/td><td class=\"column-2\"><span class=\"clase1\">Abordaje multidisciplinar del c\u00e1ncer de pulm\u00f3n: comit\u00e9s de tumores tor\u00e1cicos y molecular tumor board<\/span><br \/>\n<span class=\"clase2\">Dra. Anna Estival, <\/span><span class=\"clase3\">Oncolog\u00eda M\u00e9dica, Hospital Univ. Insular de Gran Canaria, Las Palmas<\/span><\/td>\n<\/tr>\n<tr class=\"row-7\">\n\t<td class=\"column-1\">13:40 - 13:55<\/td><td class=\"column-2\"><span class=\"clase1\">Discusi\u00f3n<\/span><\/td>\n<\/tr>\n<\/tbody>\n<\/table>\n<!-- #tablepress-12 from cache --><\/div>\n<\/p><\/div>\n<div class=\"panel panel-default\">\n<div class=\"panel-heading coloramarillo\">\n<div class=\"panel_hour d-flex align-items-center\">\n<h4 class=\"panel-title \">13:55 &#8211; 14:10 <\/h4>\n<\/p><\/div>\n<div class=\"title_panel col d-flex align-items-center\">\n<h4 class=\"panel-title\">Casos cl\u00ednicos. Introducci\u00f3n y distribuci\u00f3n<\/h4>\n<\/p><\/div>\n<\/p><\/div>\n<div id=\"collapse4\" class=\"panel-collapse collapse in\">\n<table id=\"tablepress-11\" class=\"tablepress tablepress-id-11\">\n<tbody class=\"row-striping row-hover\">\n<tr class=\"row-1\">\n\t<td class=\"column-1\"><\/td><td class=\"column-2\"><span class=\"clase2\">Moderador:<\/span><br \/>\n<span class=\"clase2\">Dr. Enric Carcereny, <\/span><span class=\"clase3\">Oncolog\u00eda M\u00e9dica, ICO, Hospital Univ. Germans Trias i Pujol, Badalona, Barcelona<\/span><\/td>\n<\/tr>\n<tr class=\"row-2\">\n\t<td class=\"column-1\"><\/td><td class=\"column-2\"><span class=\"clase1\">C\u00e1ncer de pulm\u00f3n no microc\u00edtico: estadio inicial<\/span><br \/>\n<span class=\"clase2\">Tutores:<\/span><br \/>\n<span class=\"clase2\">Dr. Bartomeu Massut\u00ed, <\/span><span class=\"clase3\">Oncolog\u00eda M\u00e9dica, Hospital General Univ. Dr. Balmis, Alicante<\/span><br \/>\n<span class=\"clase2\">Dr. Juan Carlos Trujillo, <\/span><span class=\"clase3\">Cirug\u00eda Tor\u00e1cica, Hospital de la Santa Creu i Sant Pau, Barcelona<\/span><\/td>\n<\/tr>\n<tr class=\"row-3\">\n\t<td class=\"column-1\"><\/td><td class=\"column-2\"><span class=\"clase1\">C\u00e1ncer de pulm\u00f3n no microc\u00edtico: enfermedad locorregional<\/span><br \/>\n<span class=\"clase2\">Tutores:<\/span><br \/>\n<span class=\"clase2\">Dr. Enric Carcereny, <\/span><span class=\"clase3\">Oncolog\u00eda M\u00e9dica, ICO, Hospital Univ. Germans Trias i Pujol, Badalona, Barcelona<\/span><br \/>\n<span class=\"clase2\">Dra. Nuria Pardo, <\/span><span class=\"clase3\">Oncolog\u00eda M\u00e9dica, Hospital Univ. Vall d' Hebron, Barcelona<\/span><\/td>\n<\/tr>\n<tr class=\"row-4\">\n\t<td class=\"column-1\"><\/td><td class=\"column-2\"><span class=\"clase1\">Enfermedad avanzada con diana<\/span><br \/>\n<span class=\"clase2\">Tutores:<\/span><br \/>\n<span class=\"clase2\">Dr. Carlos Aguado, <\/span><span class=\"clase3\">Oncolog\u00eda M\u00e9dica, Hospital Clinico San Carlos, Madrid<\/span><br \/>\n<span class=\"clase2\">Dr. Manuel D\u00f3mine, <\/span><span class=\"clase3\">Oncolog\u00eda M\u00e9dica, Hospital Univ. Fundaci\u00f3n Jim\u00e9nez D\u00edaz, Madrid<\/span><\/td>\n<\/tr>\n<tr class=\"row-5\">\n\t<td class=\"column-1\"><\/td><td class=\"column-2\"><span class=\"clase1\">Enfermedad avanzada sin genes driver<\/span><br \/>\n<span class=\"clase2\">Tutores:<\/span><br \/>\n<span class=\"clase2\">Dr. Manuel Cobo, <\/span><span class=\"clase3\">Oncolog\u00eda M\u00e9dica, Hospital Regional Univ. de M\u00e1laga<\/span><br \/>\n<span class=\"clase2\">Dra. Anna Estival, <\/span><span class=\"clase3\">Oncolog\u00eda M\u00e9dica, Hospital Univ. Insular de Gran Canaria, Las Palmas<\/span><\/td>\n<\/tr>\n<tr class=\"row-6\">\n\t<td class=\"column-1\"><\/td><td class=\"column-2\"><span class=\"clase1\">Carcinoma microc\u00edtico<\/span><br \/>\n<span class=\"clase2\">Tutores:<\/span><br \/>\n<span class=\"clase2\">Dr. Manuel D\u00f3mine, <\/span><span class=\"clase3\">Oncolog\u00eda M\u00e9dica, Hospital Univ. Fundaci\u00f3n Jim\u00e9nez D\u00edaz, Madrid<\/span><br \/>\n<span class=\"clase2\">Dra. Mar\u00eda Jov\u00e9, <\/span><span class=\"clase3\">Oncolog\u00eda M\u00e9dica, ICO, L' Hospitalet de Llobregat, Barcelona<\/span><\/td>\n<\/tr>\n<\/tbody>\n<\/table>\n<!-- #tablepress-11 from cache --><\/div>\n<\/p><\/div>\n<div class=\"panel panel-default\">\n<div class=\"panel-heading breakColors\">\n<div class=\"panel_hour d-flex align-items-center\">\n<h4 class=\"panel-title \">14:10 &#8211; 15:30<\/h4>\n<\/p><\/div>\n<div class=\"title_panel col d-flex align-items-center\">\n<h4 class=\"panel-title\">Comida<\/h4>\n<\/p><\/div>\n<\/p><\/div>\n<\/p><\/div>\n<div class=\"panel panel-default\">\n<div class=\"panel-heading coloramarillo\">\n<div class=\"panel_hour d-flex align-items-center\">\n<h4 class=\"panel-title \">15:30 &#8211; 17:00<\/h4>\n<\/p><\/div>\n<div class=\"title_panel col d-flex align-items-center\">\n<h4 class=\"panel-title\">SESI\u00d3N II: Estadios iniciales y localmente avanzados<\/h4>\n<\/p><\/div>\n<\/p><\/div>\n<div id=\"collapse4\" class=\"panel-collapse collapse in\">\n<table id=\"tablepress-9\" class=\"tablepress tablepress-id-9\">\n<tbody class=\"row-striping row-hover\">\n<tr class=\"row-1\">\n\t<td class=\"column-1\"><\/td><td class=\"column-2\"><span class=\"clase1\">Moderadores:<\/span><br \/>\n<span class=\"clase2\">Dra. Anna Estival, <\/span><span class=\"clase3\">Oncolog\u00eda M\u00e9dica, Hospital Univ. Insular de Gran Canaria, Las Palmas<\/span><br \/>\n<span class=\"clase2\">Dra. Nuria Pardo, <\/span><span class=\"clase3\">Oncolog\u00eda M\u00e9dica, Hospital Univ. Vall d' Hebron, Barcelona<\/span><\/td>\n<\/tr>\n<tr class=\"row-2\">\n\t<td class=\"column-1\">15:30 - 15:50<\/td><td class=\"column-2\"><span class=\"clase1\">La importancia de los tratamientos locales en estadios iniciales (cirugia, SRBT)<\/span><br \/>\n<span class=\"clase2\">Dr. Juan Carlos Trujillo, <\/span><span class=\"clase3\">Cirug\u00eda Tor\u00e1cica, Hospital de la Santa Creu i Sant Pau, Barcelona<\/span><\/td>\n<\/tr>\n<tr class=\"row-3\">\n\t<td class=\"column-1\">15:50 - 16:20<\/td><td class=\"column-2\"><span class=\"clase1\">Tratamiento neoadyuvante, perioperatorio y adyuvante<\/span><br \/>\n<span class=\"clase2\">Dr. Enric Carcereny, <\/span><span class=\"clase3\">Oncolog\u00eda M\u00e9dica, ICO, Hospital Univ. Germans Trias i Pujol, Badalona, Barcelona<\/span><\/td>\n<\/tr>\n<tr class=\"row-4\">\n\t<td class=\"column-1\">16:20 - 16:40<\/td><td class=\"column-2\"><span class=\"clase1\">Tratamiento de la enfermedad localmente avanzada irresecable<\/span><br \/>\n<span class=\"clase2\">Dr. Enric Carcereny, <\/span><span class=\"clase3\">Oncolog\u00eda M\u00e9dica, ICO, Hospital Univ. Germans Trias i Pujol, Badalona, Barcelona<\/span><\/td>\n<\/tr>\n<tr class=\"row-5\">\n\t<td class=\"column-1\">16:40 - 17:00<\/td><td class=\"column-2\"><span class=\"clase1\">Discusi\u00f3n<\/span><\/td>\n<\/tr>\n<\/tbody>\n<\/table>\n<!-- #tablepress-9 from cache --><\/div>\n<\/p><\/div>\n<div class=\"panel panel-default\">\n<div class=\"panel-heading breakColors\">\n<div class=\"panel_hour d-flex align-items-center\">\n<h4 class=\"panel-title \">17:00 &#8211; 17:30<\/h4>\n<\/p><\/div>\n<div class=\"title_panel col d-flex align-items-center\">\n<h4 class=\"panel-title\">Pausa Caf\u00e9<\/h4>\n<\/p><\/div>\n<\/p><\/div>\n<\/p><\/div>\n<div class=\"panel panel-default\">\n<div class=\"panel-heading coloramarillo\">\n<div class=\"panel_hour d-flex align-items-center\">\n<h4 class=\"panel-title \">17:30 &#8211; 19:10<\/h4>\n<\/p><\/div>\n<div class=\"title_panel col d-flex align-items-center\">\n<h4 class=\"panel-title\">SESI\u00d3N III: Enfermedad avanzada sin driver<\/h4>\n<\/p><\/div>\n<\/p><\/div>\n<div id=\"collapse6\" class=\"panel-collapse collapse in\">\n<table id=\"tablepress-10\" class=\"tablepress tablepress-id-10\">\n<tbody class=\"row-striping row-hover\">\n<tr class=\"row-1\">\n\t<td class=\"column-1\"><\/td><td class=\"column-2\"><span class=\"clase2\">Moderadores:<\/span><br \/>\n<span class=\"clase2\">Dr. Manuel D\u00f3mine, <\/span><span class=\"clase3\">Oncolog\u00eda M\u00e9dica, Hospital Univ. Fundaci\u00f3n Jim\u00e9nez D\u00edaz, Madrid<\/span><br \/>\n<span class=\"clase2\">Dr. Juan Carlos Trujillo, <\/span><span class=\"clase3\">Cirug\u00eda Tor\u00e1cica, Hospital de la Santa Creu i Sant Pau, Barcelona<\/span><\/td>\n<\/tr>\n<tr class=\"row-2\">\n\t<td class=\"column-1\">17:30 - 17:50<\/td><td class=\"column-2\"><span class=\"clase1\">Primera l\u00ednea de tratamiento en CPNM avanzado<\/span><br \/>\n<span class=\"clase2\">Dr. Manuel Cobo, <\/span><span class=\"clase3\">Oncolog\u00eda M\u00e9dica, Hospital Regional Univ. de M\u00e1laga<\/span><\/td>\n<\/tr>\n<tr class=\"row-3\">\n\t<td class=\"column-1\">17:50 - 18:10<\/td><td class=\"column-2\"><span class=\"clase1\">Segunda l\u00ednea de tratamiento y sucesivas en CPNM avanzado<\/span><br \/>\n<span class=\"clase2\">Dr. Carlos Aguado, <\/span><span class=\"clase3\">Oncolog\u00eda M\u00e9dica, Hospital Clinico San Carlos, Madrid<\/span><\/td>\n<\/tr>\n<tr class=\"row-4\">\n\t<td class=\"column-1\">18:10 - 18:30<\/td><td class=\"column-2\"><span class=\"clase1\">Tratamiento de la enfermedad oligometast\u00e1sica y met\u00e1stasis cerebrales<\/span><br \/>\n<span class=\"clase2\">Dra. Mar\u00eda Jov\u00e9, <\/span><span class=\"clase3\">Oncolog\u00eda M\u00e9dica, ICO, L' Hospitalet de Llobregat, Barcelona<\/span><\/td>\n<\/tr>\n<tr class=\"row-5\">\n\t<td class=\"column-1\">18:30 - 18:50<\/td><td class=\"column-2\"><span class=\"clase1\">Manejo de toxicidades inmuno relacionadas (IO, ADCs)<\/span><br \/>\n<span class=\"clase2\">Dra. Anna Estival, <\/span><span class=\"clase3\">Oncolog\u00eda M\u00e9dica, Hospital Univ. Insular de Gran Canaria, Las Palmas<\/span><\/td>\n<\/tr>\n<tr class=\"row-6\">\n\t<td class=\"column-1\">18:50 - 19:10<\/td><td class=\"column-2\"><span class=\"clase1\">Discusi\u00f3n<\/span><\/td>\n<\/tr>\n<\/tbody>\n<\/table>\n<!-- #tablepress-10 from cache --><\/div>\n<\/p><\/div>\n<div class=\"panel panel-default\">\n<div class=\"panel-heading breakColors\">\n<div class=\"panel_hour d-flex align-items-center\">\n<h4 class=\"panel-title \">19:10 &#8211; 20:30<\/h4>\n<\/p><\/div>\n<div class=\"title_panel col d-flex align-items-center\">\n<h4 class=\"panel-title\">Casos cl\u00ednicos. Trabajo en grupo<\/h4>\n<\/p><\/div>\n<\/p><\/div>\n<\/p><\/div>\n<div class=\"panel panel-default\">\n<div class=\"panel-heading breakColors\">\n<div class=\"panel_hour d-flex align-items-center\">\n<h4 class=\"panel-title \">21:00<\/h4>\n<\/p><\/div>\n<div class=\"title_panel col d-flex align-items-center\">\n<h4 class=\"panel-title\">Cena<\/h4>\n<\/p><\/div>\n<\/p><\/div>\n<\/p><\/div>\n<\/div>\n","protected":false},"excerpt":{"rendered":"<p>12:00 \u2013 12:20 Presentaci\u00f3n del curso GECP. Misi\u00f3n, visi\u00f3n y valores 12:20 &#8211; 13:55 SESI\u00d3N I. Epidemiologia, diagn\u00f3stico y cribado 13:55 &#8211; 14:10 Casos cl\u00ednicos. Introducci\u00f3n y distribuci\u00f3n 14:10 &#8211; 15:30 Comida 15:30 &#8211; 17:00 SESI\u00d3N II: Estadios iniciales y localmente avanzados 17:00 &#8211; 17:30 Pausa Caf\u00e9 17:30 &#8211; 19:10 SESI\u00d3N III: Enfermedad avanzada sin [&hellip;]<\/p>\n","protected":false},"author":1,"featured_media":0,"parent":0,"menu_order":0,"comment_status":"closed","ping_status":"closed","template":"","meta":{"footnotes":""},"class_list":["post-424","page","type-page","status-publish","hentry"],"_links":{"self":[{"href":"https:\/\/www.doctaforum-events.org\/2026\/cursocp2026\/wp-json\/wp\/v2\/pages\/424","targetHints":{"allow":["GET"]}}],"collection":[{"href":"https:\/\/www.doctaforum-events.org\/2026\/cursocp2026\/wp-json\/wp\/v2\/pages"}],"about":[{"href":"https:\/\/www.doctaforum-events.org\/2026\/cursocp2026\/wp-json\/wp\/v2\/types\/page"}],"author":[{"embeddable":true,"href":"https:\/\/www.doctaforum-events.org\/2026\/cursocp2026\/wp-json\/wp\/v2\/users\/1"}],"replies":[{"embeddable":true,"href":"https:\/\/www.doctaforum-events.org\/2026\/cursocp2026\/wp-json\/wp\/v2\/comments?post=424"}],"version-history":[{"count":98,"href":"https:\/\/www.doctaforum-events.org\/2026\/cursocp2026\/wp-json\/wp\/v2\/pages\/424\/revisions"}],"predecessor-version":[{"id":1478,"href":"https:\/\/www.doctaforum-events.org\/2026\/cursocp2026\/wp-json\/wp\/v2\/pages\/424\/revisions\/1478"}],"wp:attachment":[{"href":"https:\/\/www.doctaforum-events.org\/2026\/cursocp2026\/wp-json\/wp\/v2\/media?parent=424"}],"curies":[{"name":"wp","href":"https:\/\/api.w.org\/{rel}","templated":true}]}}