{"id":417,"date":"2020-03-16T18:16:17","date_gmt":"2020-03-16T18:16:17","guid":{"rendered":"https:\/\/www.doctaforum-events.org\/2026\/cursocp2026\/?page_id=417"},"modified":"2026-01-08T18:00:38","modified_gmt":"2026-01-08T18:00:38","slug":"cuotas-de-inscripcion","status":"publish","type":"page","link":"https:\/\/www.doctaforum-events.org\/2026\/cursocp2026\/cuotas-de-inscripcion\/","title":{"rendered":"Cuotas de Inscripci\u00f3n"},"content":{"rendered":"<p>\n<table id=\"tablepress-1\" class=\"tablepress tablepress-id-1 tbody-has-connected-cells\">\n<tbody class=\"row-striping row-hover\">\n<tr class=\"row-1\">\n\t<td colspan=\"2\" class=\"column-1\">INSCRIPCI\u00d3N GENERAL<\/td>\n<\/tr>\n<tr class=\"row-2\">\n\t<td class=\"column-1\">Cuota de Inscripci\u00f3n (con alojamiento)<\/td><td class=\"column-2\"><strong>1.850 + 21% IVA<\/strong><\/td>\n<\/tr>\n<tr class=\"row-3\">\n\t<td colspan=\"2\" class=\"column-1\">- La cuota de inscripci\u00f3n incluye alojamiento en habitaci\u00f3n doble de uso individual con desayuno incluido, para la noche del jueves 12 de marzo de 2026, as\u00ed como, la participaci\u00f3n en todas las sesiones, material docente, certificado de asistencia, almuerzo, caf\u00e9, cena y traslados previstos por la organizaci\u00f3n entre el Aeropuerto de Madrid Barajas \/ Estaci\u00f3n de Atocha \/ Estaci\u00f3n de Chamart\u00edn y la sede del curso.<br \/>\n<br \/>\n- Para poder participar en el curso, adem\u00e1s de la formalizaci\u00f3n de la inscripci\u00f3n, <strong style=\"font-size: 1rem;\">es obligatorio presentar un caso cl\u00ednico<\/strong> del tema asignado por la Secretar\u00eda T\u00e9cnica en el momento de inscripci\u00f3n. La fecha l\u00edmite para el env\u00edo es el 20 de febrero de 2026.<br \/>\n<br \/>\n- Si desea reservar alojamiento para otra noche, por favor, p\u00f3ngase en contacto con la Secretar\u00eda T\u00e9cnica.<br \/>\n<br \/>\n- <strong style=\"font-size: 1rem;\">Ser\u00e1 conveniente disponer de port\u00e1til propio para la realizaci\u00f3n del examen del curso y trabajar en la presentaci\u00f3n del caso cl\u00ednico. <\/strong><br \/>\n<br \/>\n- <strong style=\"font-size: 1rem;\">Las plazas de este curso son limitadas y se tramitar\u00e1n por riguroso orden de inscripci\u00f3n.<\/strong><br \/>\n<br \/>\n- El deadline establecido para tramitar las inscripciones es el <strong style=\"font-size: 1rem;\">13 de febrero de 2026.<\/strong>.<\/td>\n<\/tr>\n<\/tbody>\n<\/table>\n<!-- #tablepress-1 from cache --> \n<table id=\"tablepress-7\" class=\"tablepress tablepress-id-7\">\n<tbody class=\"row-striping row-hover\">\n<tr class=\"row-1\">\n\t<td class=\"column-1\">TRASLADOS<\/td>\n<\/tr>\n<tr class=\"row-2\">\n\t<td class=\"column-1\">Se han organizado traslados entre la Estaci\u00f3n de Atocha, Estaci\u00f3n de Chamart\u00edn y el Aeropuerto Madrid Barajas hacia el Parador de Alcal\u00e1 de Henares el <strong style=\"font-size: 1rem;\">d\u00eda 12 de marzo a las 10:30h.<\/strong><br \/>\n<br \/>\nLos puntos de encuentro establecidos para utilizar los traslados ser\u00e1n los siguientes. Por favor, dir\u00edjanse a la persona identificada con un cartel del GECP:<br \/>\n<ul style=\"font-size: 1rem;\"><br \/>\n<li style=\"font-size: 1rem;\"><strong style=\"font-size: 1rem;\">Aeropuerto, terminal 4:<\/strong> nivel 0, vest\u00edbulo de llegadas, puerta 10.<\/li><br \/>\n<li style=\"font-size: 1rem;\"><strong style=\"font-size: 1rem;\">Estaci\u00f3n de Atocha:<\/strong> planta 0, en frente a la tienda Relay Prensa.<\/li><br \/>\n<li style=\"font-size: 1rem;\"><strong style=\"font-size: 1rem;\">Estaci\u00f3n de Chamart\u00edn:<\/strong> en la entrada de la estaci\u00f3n, al lado del Burguer King<\/li><\/ul><br \/>\nAsimismo, el 13 de marzo se proporcionar\u00e1n traslados de regreso a la Estaci\u00f3n de Atocha, Estaci\u00f3n de Chamart\u00edn y el Aeropuerto Madrid Barajas una vez finalizadas las sesiones del curso.<br \/>\n<\/td>\n<\/tr>\n<\/tbody>\n<\/table>\n<!-- #tablepress-7 from cache --> \n<table id=\"tablepress-2\" class=\"tablepress tablepress-id-2\">\n<tbody class=\"row-striping row-hover\">\n<tr class=\"row-1\">\n\t<td class=\"column-1\">FORMA DE PAGO<\/td>\n<\/tr>\n<tr class=\"row-2\">\n\t<td class=\"column-1\"><strong>Mediante transferencia bancaria<\/strong> a nombre de Doctaforum Servicios, S.L., a la cuenta:<br \/>\n<ul style=\"list-style: none\" class=\"lista_pgos\"><br \/>\n<li>IBAN: ES37 0081 7116 6500 0109 4519<\/li><br \/>\n<li>SWIFT: BSABESBBXXX<\/li><br \/>\n<\/ul><br \/>\n- Los pagos deben ser sin gastos para el receptor.<br \/>\n<br \/>\n- Por favor, env\u00ede el comprobante de la transferencia a la direcci\u00f3n de correo electr\u00f3nico: <a style=\"color: #23474d\" href=\"mailto:cursocp2026@doctaforum.com\">cursocp2026@doctaforum.com<\/a><br \/>\n <br \/>\n<\/td>\n<\/tr>\n<tr class=\"row-3\">\n\t<td class=\"column-1\"><strong>Tarjeta de cr\u00e9dito:<\/strong> (Visa o Master Card) a trav\u00e9s de la p\u00e1gina web del curso (TPV virtual).<br \/>\n<br \/>\n- Se ruega completar el bolet\u00edn de inscripci\u00f3n. La adjudicaci\u00f3n de plaza para el evento ser\u00e1 realizada una vez recibido el justificante de pago del importe correspondiente.<br \/>\n<br \/>\n- Si desea aclarar alguna duda o recibir m\u00e1s informaci\u00f3n, por favor p\u00f3ngase en contacto con la Secretar\u00eda T\u00e9cnica (<a style=\"color: #23474d\" href=\"mailto:cursocp2026@doctaforum.com\">cursocp2026@doctaforum.com<\/a>)<br \/>\n<\/td>\n<\/tr>\n<\/tbody>\n<\/table>\n<!-- #tablepress-2 from cache --><\/p>\n<p>En cumplimiento de la legislaci\u00f3n aplicable en materia de protecci\u00f3n de consumidores y usuarios puede ejercer su derecho de desistimiento dentro de los plazos legalmente establecidos enviando el siguiente <a class=\"documento_desestimiento\" href=\"https:\/\/www.doctaforum.com\/-modelo-desistimiento\/MODELO_DESISTIMIENTO-2025-ES.pdf\" target=\"_blank\" rel=\"noopener noreferrer\">documento<\/a> convenientemente cumplimentado y firmado.<\/p>\n<div style=\"width: 100%; display: flex; flex-wrap: wrap; justify-content: center; align-items: center; margin-top: 10px;\"><a class=\"btn-platforms\" href=\"https:\/\/www.doctaforum-events.org\/2026\/cursocp2026\/formulario-de-inscripcion\/\"><br \/>\nFormulario de inscripci\u00f3n<br \/>\n<\/a><\/div>\n<p>&nbsp;<\/p>\n<p>&nbsp;<\/p>\n","protected":false},"excerpt":{"rendered":"<p>En cumplimiento de la legislaci\u00f3n aplicable en materia de protecci\u00f3n de consumidores y usuarios puede ejercer su derecho de desistimiento dentro de los plazos legalmente establecidos enviando el siguiente documento convenientemente cumplimentado y firmado. Formulario de inscripci\u00f3n &nbsp; &nbsp;<\/p>\n","protected":false},"author":1,"featured_media":0,"parent":0,"menu_order":0,"comment_status":"closed","ping_status":"closed","template":"","meta":{"footnotes":""},"class_list":["post-417","page","type-page","status-publish","hentry"],"_links":{"self":[{"href":"https:\/\/www.doctaforum-events.org\/2026\/cursocp2026\/wp-json\/wp\/v2\/pages\/417","targetHints":{"allow":["GET"]}}],"collection":[{"href":"https:\/\/www.doctaforum-events.org\/2026\/cursocp2026\/wp-json\/wp\/v2\/pages"}],"about":[{"href":"https:\/\/www.doctaforum-events.org\/2026\/cursocp2026\/wp-json\/wp\/v2\/types\/page"}],"author":[{"embeddable":true,"href":"https:\/\/www.doctaforum-events.org\/2026\/cursocp2026\/wp-json\/wp\/v2\/users\/1"}],"replies":[{"embeddable":true,"href":"https:\/\/www.doctaforum-events.org\/2026\/cursocp2026\/wp-json\/wp\/v2\/comments?post=417"}],"version-history":[{"count":78,"href":"https:\/\/www.doctaforum-events.org\/2026\/cursocp2026\/wp-json\/wp\/v2\/pages\/417\/revisions"}],"predecessor-version":[{"id":1445,"href":"https:\/\/www.doctaforum-events.org\/2026\/cursocp2026\/wp-json\/wp\/v2\/pages\/417\/revisions\/1445"}],"wp:attachment":[{"href":"https:\/\/www.doctaforum-events.org\/2026\/cursocp2026\/wp-json\/wp\/v2\/media?parent=417"}],"curies":[{"name":"wp","href":"https:\/\/api.w.org\/{rel}","templated":true}]}}