{"id":264,"date":"2020-02-09T14:27:05","date_gmt":"2020-02-09T14:27:05","guid":{"rendered":"http:\/\/demo.themetim.com\/bring-back\/?page_id=264"},"modified":"2026-03-04T10:11:42","modified_gmt":"2026-03-04T10:11:42","slug":"informacion-general","status":"publish","type":"page","link":"https:\/\/www.doctaforum-events.org\/2026\/cursocp2026\/informacion-general\/","title":{"rendered":"Informaci\u00f3n General"},"content":{"rendered":"<div class=\"col-lg-12\">\n<p><span style=\"text-decoration: underline;\"><span class=\"clase1\">Organizado por:<\/span><\/span><br \/>\n<img decoding=\"async\" src=\"https:\/\/www.doctaforum-events.org\/2026\/cursocp2026\/wp-content\/themes\/bring-back\/images\/logo-cliente.webp\" alt=\"logo GECP\" width=\"120px\" \/><\/p>\n<\/div>\n<div class=\"col-lg-12\">\n<p><span style=\"text-decoration: underline;\"><span class=\"clase1\">Coordinadores:<\/span><\/span><\/p>\n<p><span class=\"clase2\">&#8211; Dr. Enric Carcereny, <\/span><span class=\"clase3\">ICO, Hospital Univ. Germans Trias i Pujol, Barcelona<\/span><br \/>\n<span class=\"clase2\">&#8211; Dr. Manuel D\u00f3mine, <\/span> <span class=\"clase3\">Fundaci\u00f3n Jim\u00e9nez D\u00edaz, Madrid<\/span><br \/>\n<span class=\"clase2\">&#8211; Dr. Bartomeu Massut\u00ed, <\/span><span class=\"clase3\">Hospital Univ. Dr. Balmis, Alicante<\/span><br \/>\n<span class=\"clase2\">&#8211; Dr. Mariano Provencio, <\/span> <span class=\"clase3\">Hospital Univ. Puerta de Hierro, Majadahonda, Madrid<\/span><br \/>\n<span class=\"clase3\"><br \/>\n<\/span><\/p>\n<\/div>\n<div class=\"col-lg-12\">\n<p><span style=\"text-decoration: underline;\"> <span class=\"clase1\">Acreditaci\u00f3n:<\/span> <\/span><\/p>\n<p><span class=\"clase3\">Solicitada acreditaci\u00f3n al Consell Catal\u00e0 de la Formaci\u00f3 Continuada de les Professions Sanit\u00e0ries (CCFCPS) \u2013 Comisi\u00f3n de Formaci\u00f3n Continuada del Sistema Nacional de Salud.<\/span><\/p>\n<p><span class=\"clase3\">Es obligatorio asistir al menos al 80% del total de horas lectivas para la obtenci\u00f3n del certificado con cr\u00e9ditos de formaci\u00f3n continuada.<br \/>\n<\/span><\/p>\n<\/div>\n<div class=\"col-lg-12\">\n<p><span style=\"text-decoration: underline;\"> <span class=\"clase1\">Asistentes:<\/span> <\/span><\/p>\n<p><span class=\"clase3\">Este curso est\u00e1 dirigido a m\u00e9dicos adjuntos con menos de 5 a\u00f1os de antig\u00fcedad, especialistas en Oncolog\u00eda M\u00e9dica, Cirug\u00eda Tor\u00e1cica, Oncolog\u00eda Radioter\u00e1pica, Neumolog\u00eda, Anatom\u00eda Patol\u00f3gica, bi\u00f3logos en Ciencias de la Salud y Bi\u00f3logos en Ciencias de la Salud y Bioqu\u00edmicos especialistas en Inmunolog\u00eda, as\u00ed como a residentes de 3\u00ba y 4\u00ba a\u00f1o.<br \/>\n<\/span><\/p>\n<\/div>\n<div class=\"col-lg-12\">\n<p><span style=\"text-decoration: underline;\"> <span class=\"clase1\">Con el aval cient\u00edfico:<\/span> <\/span><\/p>\n<p><img loading=\"lazy\" decoding=\"async\" class=\"alignnone wp-image-1515\" src=\"https:\/\/www.doctaforum-events.org\/2026\/cursocp2026\/wp-content\/uploads\/2026\/01\/SEOM.png\" alt=\"\" width=\"132\" height=\"126\" \/><\/p>\n<\/div>\n<div class=\"col-lg-12\">\n<p><span style=\"text-decoration: underline;\"> <span class=\"clase1\">Sede Presencial:<\/span> <\/span><\/p>\n<p><span class=\"clase3\">Parador de Alcal\u00e1 de Henares<\/span><br \/>\n<span class=\"clase3\">Calle Colegios, 8<\/span><br \/>\n<span class=\"clase3\">28801, Alcal\u00e1 de Henares (Madrid)<\/span><\/p>\n<\/div>\n<div class=\"col-lg-12 col-md-12 col-sm-12\">\n<p><iframe class=\"mapa-sede\" style=\"border: 0;\" src=\"https:\/\/www.google.com\/maps\/embed?pb=!1m18!1m12!1m3!1d3034.7247241670093!2d-3.3642429234292117!3d40.48135457142927!2m3!1f0!2f0!3f0!3m2!1i1024!2i768!4f13.1!3m3!1m2!1s0xd4249145bff81fd%3A0x9425de981531411c!2sParador%20de%20Alcal%C3%A1%20de%20Henares!5e0!3m2!1ses-419!2ses!4v1767894805404!5m2!1ses-419!2ses\" allowfullscreen=\"allowfullscreen\" aria-label=\"Sede\"><br \/>\n<\/iframe><\/p>\n<\/div>\n","protected":false},"excerpt":{"rendered":"<p>Organizado por: Coordinadores: &#8211; Dr. Enric Carcereny, ICO, Hospital Univ. Germans Trias i Pujol, Barcelona &#8211; Dr. Manuel D\u00f3mine, Fundaci\u00f3n Jim\u00e9nez D\u00edaz, Madrid &#8211; Dr. Bartomeu Massut\u00ed, Hospital Univ. Dr. Balmis, Alicante &#8211; Dr. Mariano Provencio, Hospital Univ. Puerta de Hierro, Majadahonda, Madrid Acreditaci\u00f3n: Solicitada acreditaci\u00f3n al Consell Catal\u00e0 de la Formaci\u00f3 Continuada de les [&hellip;]<\/p>\n","protected":false},"author":1,"featured_media":0,"parent":0,"menu_order":0,"comment_status":"closed","ping_status":"closed","template":"","meta":{"footnotes":""},"class_list":["post-264","page","type-page","status-publish","hentry"],"_links":{"self":[{"href":"https:\/\/www.doctaforum-events.org\/2026\/cursocp2026\/wp-json\/wp\/v2\/pages\/264","targetHints":{"allow":["GET"]}}],"collection":[{"href":"https:\/\/www.doctaforum-events.org\/2026\/cursocp2026\/wp-json\/wp\/v2\/pages"}],"about":[{"href":"https:\/\/www.doctaforum-events.org\/2026\/cursocp2026\/wp-json\/wp\/v2\/types\/page"}],"author":[{"embeddable":true,"href":"https:\/\/www.doctaforum-events.org\/2026\/cursocp2026\/wp-json\/wp\/v2\/users\/1"}],"replies":[{"embeddable":true,"href":"https:\/\/www.doctaforum-events.org\/2026\/cursocp2026\/wp-json\/wp\/v2\/comments?post=264"}],"version-history":[{"count":132,"href":"https:\/\/www.doctaforum-events.org\/2026\/cursocp2026\/wp-json\/wp\/v2\/pages\/264\/revisions"}],"predecessor-version":[{"id":1513,"href":"https:\/\/www.doctaforum-events.org\/2026\/cursocp2026\/wp-json\/wp\/v2\/pages\/264\/revisions\/1513"}],"wp:attachment":[{"href":"https:\/\/www.doctaforum-events.org\/2026\/cursocp2026\/wp-json\/wp\/v2\/media?parent=264"}],"curies":[{"name":"wp","href":"https:\/\/api.w.org\/{rel}","templated":true}]}}