{"id":1438,"date":"2026-01-08T17:56:34","date_gmt":"2026-01-08T17:56:34","guid":{"rendered":"https:\/\/www.doctaforum-events.org\/2026\/cursocp2026\/?page_id=1438"},"modified":"2026-01-22T11:58:41","modified_gmt":"2026-01-22T11:58:41","slug":"casos-clinicos","status":"publish","type":"page","link":"https:\/\/www.doctaforum-events.org\/2026\/cursocp2026\/casos-clinicos\/","title":{"rendered":"Casos cl\u00ednicos"},"content":{"rendered":"<div class=\"col-lg-12\">\n<h2 style=\"color: #2c3e50; font-size: 24px; font-weight: bold; margin-bottom: 20px; border-bottom: 3px solid #3498db; padding-bottom: 10px;\">Normativa presentaci\u00f3n Casos Cl\u00ednicos<\/h2>\n<p style=\"font-size: 14px; line-height: 1.6; margin-bottom: 15px;\">El Comit\u00e9 Cient\u00edfico ha elaborado estas normas para los autores de Casos Cl\u00ednicos:<\/p>\n<ul style=\"list-style-type: disc; margin-left: 20px; line-height: 1.8;\">\n<li style=\"margin-bottom: 10px;font-size: 14px; \">Todos los alumnos deben remitir un Caso Cl\u00ednico que busque la soluci\u00f3n a un problema asistencial.<\/li>\n<li style=\"margin-bottom: 10px;font-size: 14px; \">En el momento de formalizar su inscripci\u00f3n, se le indicar\u00e1 el tema del Caso Cl\u00ednico.<\/li>\n<li style=\"margin-bottom: 10px;font-size: 14px; \">Para el env\u00edo de los res\u00famenes el autor debe ser m\u00e9dico adjunto con menos de 5 a\u00f1os de antig\u00fcedad o ser m\u00e9dico residente de 3\u00ba y 4\u00ba a\u00f1o, y estar inscrito en el curso antes del 13\/02\/2026.<\/li>\n<li style=\"margin-bottom: 10px;font-size: 14px; \">El idioma oficial es el castellano.<\/li>\n<li style=\"margin-bottom: 10px;font-size: 14px; \">Solo se aceptar\u00e1n Casos Cl\u00ednicos originales que no se hayan publicado previamente.<\/li>\n<li style=\"margin-bottom: 10px;font-size: 14px; \">Los Casos Cl\u00ednicos presentados no deben tener una resoluci\u00f3n previa, para que \u00e9sta pueda ser estudiada con el grupo de trabajo.<\/li>\n<li style=\"margin-bottom: 10px;font-size: 14px; \">Cuando un autor desee incluir im\u00e1genes de los pacientes, \u00e9stas no podr\u00e1n contener nombres ni informaci\u00f3n confidencial del paciente.<\/li>\n<li style=\"margin-bottom: 10px;font-size: 14px; \">Las decisiones cl\u00ednicas tomadas a lo largo del caso deben estar soportadas por evidencia cient\u00edfica reciente, siempre y cuando proceda. Para ello se deber\u00e1 incluir referenciaci\u00f3n num\u00e9rica de forma consecutiva incluida en el texto y un apartado de bibliograf\u00eda al final del caso.<\/li>\n<li style=\"margin-bottom: 10px;font-size: 14px; \">Los Casos Cl\u00ednicos aceptados en el curso se publicar\u00e1n en el Libro Oficial de Casos Cl\u00ednicos del Curso.<\/li>\n<li style=\"margin-bottom: 10px;font-size: 14px; \">Rogamos tengan en cuenta que no habr\u00e1 una revisi\u00f3n posterior de los res\u00famenes antes de su publicaci\u00f3n en el Libro Oficial de Casos Cl\u00ednicos del Curso, por lo que deben realizar la revisi\u00f3n oportuna antes de su env\u00edo.<\/li>\n<li style=\"margin-bottom: 10px;font-size: 14px; \">Los Casos Cl\u00ednicos deben ser enviados antes del 20\/02\/2026 a la direcci\u00f3n <a style=\"color: #3498db; text-decoration: none;\" href=\"mailto:cursocp2026@doctaforum.com\">cursocp2026@doctaforum.com<\/a>. En el asunto debe indicarse: <em>14\u00ba Curso Competencias en CP \u2013 Caso cl\u00ednico \u00abtema asignado\u00bb; \u00abt\u00edtulo del caso\u00bb<\/em><\/li>\n<li style=\"margin-bottom: 10px;font-size: 14px; \">De entre todos los Casos Cl\u00ednicos aceptados en el curso se seleccionar\u00e1n dos de cada tem\u00e1tica para ser estudiados y presentados durante el curso. Se notificar\u00e1 a los autores correspondientes, antes del curso, para que preparen el Caso Cl\u00ednico en formato Microsoft PowerPoint.<\/li>\n<li style=\"margin-bottom: 10px;font-size: 14px; \">Presentaci\u00f3n del Caso Cl\u00ednico seleccionado en la sesi\u00f3n \u00abResoluci\u00f3n de casos cl\u00ednicos. Acciones y decisiones a tomar\u00bb: El tiempo de exposici\u00f3n ser\u00e1 de <strong>10 minutos<\/strong>.<\/li>\n<\/ul>\n<\/div>\n<div class=\"col-lg-12\" style=\"margin-top: 30px;\">\n<h3 style=\"color: #2c3e50; font-size: 20px; font-weight: bold; margin-bottom: 15px; border-left: 4px solid #e74c3c; padding-left: 15px;\">Normas elaboraci\u00f3n casos cl\u00ednicos<\/h3>\n<p style=\"font-size: 14px; line-height: 1.6; margin-bottom: 15px;\">El env\u00edo de casos cl\u00ednicos se realizar\u00e1 del siguiente modo:<\/p>\n<p style=\"font-size: 14px; line-height: 1.6; margin-bottom: 15px; background-color: #ecf0f1; padding: 10px; border-radius: 5px;\">Todos los casos cl\u00ednicos deben ser presentados haciendo uso de la plantilla Word facilitada a los autores.<\/p>\n<p style=\"font-size: 14px; font-weight: bold; margin-bottom: 10px; margin-top: 20px;\">Estructura del caso*:<\/p>\n<ol style=\"margin-left: 20px; line-height: 1.8;\">\n<li style=\"margin-bottom: 8px;font-size: 14px; \">T\u00edtulo del caso; Nombre y apellidos del autor; Centro de trabajo del autor.<\/li>\n<li style=\"margin-bottom: 8px;font-size: 14px; \">Enfermedad actual<\/li>\n<li style=\"margin-bottom: 8px;font-size: 14px; \">Tratamiento actual<\/li>\n<li style=\"margin-bottom: 8px;font-size: 14px; \">Antecedentes o Historia cl\u00ednica<\/li>\n<li style=\"margin-bottom: 8px;font-size: 14px; \">Exploraci\u00f3n f\u00edsica<\/li>\n<li style=\"margin-bottom: 8px;font-size: 14px; \">Exploraciones complementarias<\/li>\n<li style=\"margin-bottom: 8px;font-size: 14px; \">Pruebas diagn\u00f3sticas<\/li>\n<li style=\"margin-bottom: 8px;font-size: 14px; \">Diagn\u00f3stico<\/li>\n<li style=\"margin-bottom: 8px;font-size: 14px; \">Tratamiento (indicar principios activos de los f\u00e1rmacos, evitar nombres comerciales)<\/li>\n<li style=\"margin-bottom: 8px;font-size: 14px; \">Evoluci\u00f3n y seguimiento<\/li>\n<li style=\"margin-bottom: 8px;font-size: 14px; \">Bibliograf\u00eda (si procede)<\/li>\n<\/ol>\n<p style=\"font-size: 13px; font-style: italic; margin-top: 10px; color: #7f8c8d;\">*La estructura del caso es flexible. Conviene ajustarse al formato en la medida de lo posible, pero puede ser que alg\u00fan apartado no aplique y no se necesite incluir, o se pueda plantear siguiendo otro orden.<\/p>\n<\/div>\n<div class=\"col-lg-12\" style=\"margin-top: 30px;\">\n<h4 style=\"color: #2c3e50; font-size: 18px; font-weight: bold; margin-bottom: 15px;\">Formato general del texto:<\/h4>\n<p style=\"font-size: 14px; line-height: 1.6; margin-bottom: 10px;\">Art\u00edculo redactado siguiendo el programa Word del paquete Office (guardado en formado .docx). Teniendo en consideraci\u00f3n las siguientes caracter\u00edsticas:<\/p>\n<ul style=\"list-style-type: circle; margin-left: 20px; line-height: 1.8;\">\n<li style=\"font-size: 14px;  margin-bottom: 8px;\">Tipograf\u00eda: Calibri 11. (T\u00edtulos en negrita tama\u00f1o 12).<\/li>\n<li style=\"font-size: 14px; margin-bottom: 8px;\">Interlineado: 1,5 l\u00edneas.<\/li>\n<li style=\"font-size: 14px; margin-bottom: 8px;\">M\u00e1rgenes: interno o izquierdo y superior, 30 mm; externo o derecho e inferior, 25 mm.<\/li>\n<li style=\"font-size: 14px; margin-bottom: 8px;\">Extensi\u00f3n m\u00e1xima: 2 p\u00e1ginas (incluyendo las figuras, tablas,\u2026 que se estime considerar).<\/li>\n<li style=\"font-size: 14px; margin-bottom: 8px;\">Forma de referencias: incluidas en el texto al que hace alusi\u00f3n a trav\u00e9s de numeraci\u00f3n de forma consecutiva (estilo Vancouver).<\/li>\n<\/ul>\n<\/div>\n<div class=\"col-lg-12\" style=\"margin-top: 30px;\">\n<h3 style=\"color: #2c3e50; font-size: 20px; font-weight: bold; margin-bottom: 15px; border-left: 4px solid #9b59b6; padding-left: 15px;\">Normativa para la Exposici\u00f3n de los Casos Cl\u00ednicos seleccionados para su presentaci\u00f3n en el curso<\/h3>\n<p style=\"font-size: 14px; line-height: 1.6; margin-bottom: 15px;\">Los Casos Cl\u00ednicos seleccionados para ser presentados, se elaborar\u00e1n en formato PowerPoint:<\/p>\n<div style=\"margin-bottom: 20px;\">\n<h5 style=\"color: #34495e; font-size: 16px; font-weight: bold; margin-bottom: 10px;\">1. Formato de la presentaci\u00f3n.<\/h5>\n<p style=\"font-size: 14px; line-height: 1.6; margin-bottom: 10px;\">Las presentaciones se realizar\u00e1n en proyecci\u00f3n por ordenador utilizando el formato Microsoft PowerPoint (usar plantilla enviada por la Secretaria T\u00e9cnica). No se aceptar\u00e1n presentaciones con ordenador port\u00e1til personal.<\/p>\n<p style=\"font-size: 14px; line-height: 1.6; margin-bottom: 15px; background-color: #ecf0f1; padding: 10px; border-radius: 5px;\">Valorar incluir diapositivas intercaladas con preguntas interactivas en algunos apartados como diagn\u00f3stico o tratamiento, de forma que la audiencia trate de discutir sobre el diagn\u00f3stico\/tratamiento a seleccionar y despu\u00e9s se desvele la soluci\u00f3n elegida por el autor, con el fin de generar m\u00e1s debate y fomentar el aprendizaje conjunto.<\/p>\n<\/div>\n<div style=\"margin-bottom: 20px;\">\n<h5 style=\"color: #34495e; font-size: 16px; font-weight: bold; margin-bottom: 10px;\">2. Duraci\u00f3n de la exposici\u00f3n.<\/h5>\n<p style=\"font-size: 14px; line-height: 1.6;\">La exposici\u00f3n de los Casos Cl\u00ednicos durar\u00e1 10 minutos.<\/p>\n<\/div>\n<\/div>\n<div class=\"col-lg-12\" style=\"margin-top: 30px;\">\n<h4 style=\"color: #2c3e50; font-size: 18px; font-weight: bold; margin-bottom: 15px;\">Casos cl\u00ednicos aceptados en el curso<\/h4>\n<p style=\"font-size: 14px; line-height: 1.6; margin-bottom: 15px; background-color: #ecf0f1; padding: 10px; border-radius: 5px;\">Los Casos Cl\u00ednicos aceptados en el curso se publicar\u00e1n en el Libro Oficial de Casos Cl\u00ednicos del Curso.<\/p>\n<\/div>\n","protected":false},"excerpt":{"rendered":"<p>Normativa presentaci\u00f3n Casos Cl\u00ednicos El Comit\u00e9 Cient\u00edfico ha elaborado estas normas para los autores de Casos Cl\u00ednicos: Todos los alumnos deben remitir un Caso Cl\u00ednico que busque la soluci\u00f3n a un problema asistencial. En el momento de formalizar su inscripci\u00f3n, se le indicar\u00e1 el tema del Caso Cl\u00ednico. Para el env\u00edo de los res\u00famenes el [&hellip;]<\/p>\n","protected":false},"author":1,"featured_media":0,"parent":0,"menu_order":0,"comment_status":"closed","ping_status":"closed","template":"","meta":{"footnotes":""},"class_list":["post-1438","page","type-page","status-publish","hentry"],"_links":{"self":[{"href":"https:\/\/www.doctaforum-events.org\/2026\/cursocp2026\/wp-json\/wp\/v2\/pages\/1438","targetHints":{"allow":["GET"]}}],"collection":[{"href":"https:\/\/www.doctaforum-events.org\/2026\/cursocp2026\/wp-json\/wp\/v2\/pages"}],"about":[{"href":"https:\/\/www.doctaforum-events.org\/2026\/cursocp2026\/wp-json\/wp\/v2\/types\/page"}],"author":[{"embeddable":true,"href":"https:\/\/www.doctaforum-events.org\/2026\/cursocp2026\/wp-json\/wp\/v2\/users\/1"}],"replies":[{"embeddable":true,"href":"https:\/\/www.doctaforum-events.org\/2026\/cursocp2026\/wp-json\/wp\/v2\/comments?post=1438"}],"version-history":[{"count":10,"href":"https:\/\/www.doctaforum-events.org\/2026\/cursocp2026\/wp-json\/wp\/v2\/pages\/1438\/revisions"}],"predecessor-version":[{"id":1501,"href":"https:\/\/www.doctaforum-events.org\/2026\/cursocp2026\/wp-json\/wp\/v2\/pages\/1438\/revisions\/1501"}],"wp:attachment":[{"href":"https:\/\/www.doctaforum-events.org\/2026\/cursocp2026\/wp-json\/wp\/v2\/media?parent=1438"}],"curies":[{"name":"wp","href":"https:\/\/api.w.org\/{rel}","templated":true}]}}