{"id":1416,"date":"2025-12-30T10:26:15","date_gmt":"2025-12-30T10:26:15","guid":{"rendered":"https:\/\/www.doctaforum-events.org\/2026\/cursocp2026\/?page_id=1416"},"modified":"2026-01-16T08:16:21","modified_gmt":"2026-01-16T08:16:21","slug":"viernes-13-de-marzo","status":"publish","type":"page","link":"https:\/\/www.doctaforum-events.org\/2026\/cursocp2026\/viernes-13-de-marzo\/","title":{"rendered":"Viernes 13 de Marzo"},"content":{"rendered":"<p><!--&nbsp;\n\n&nbsp;\n\n&nbsp;\n\n&nbsp;\n\n&nbsp;\n\n\n<p style=\"text-align: center;\"><span style=\"font-size: 20pt;\">Pr\u00f3ximamente<\/span><\/p>\n\n\n&nbsp;\n\n&nbsp;\n\n&nbsp;\n\n&nbsp;\n\n&nbsp;\n\n&nbsp;\n\n&nbsp;--><\/p>\n<div id=\"\" class=\"panel-group\">\n<div class=\"panel panel-default\">\n<div class=\"panel-heading\">\n<div class=\"panel_hour d-flex align-items-center\">\n<h4 class=\"panel-title \">09:00 &#8211; 10:35<\/h4>\n<\/div>\n<div class=\"title_panel col d-flex align-items-center\">\n<h4 class=\"panel-title\">SESI\u00d3N IV: Enfermedad avanzada con driver<\/h4>\n<\/div>\n<\/div>\n<div id=\"collapse2\" class=\"panel-collapse collapse in\">\n<table id=\"tablepress-18\" class=\"tablepress tablepress-id-18\">\n<tbody class=\"row-striping row-hover\">\n<tr class=\"row-1\">\n\t<td class=\"column-1\"><\/td><td class=\"column-2\"><span class=\"clase2\">Moderadores:<\/span><br \/>\n<span class=\"clase2\">Dr. Carlos Aguado, <\/span><span class=\"clase3\">Oncolog\u00eda M\u00e9dica, Hospital Clinico San Carlos, Madrid<\/span><br \/>\n<span class=\"clase2\">Dra. Anna Estival, <\/span><span class=\"clase3\">Oncolog\u00eda M\u00e9dica, Hospital Univ. Insular de Gran Canaria, Las Palmas<\/span><\/td>\n<\/tr>\n<tr class=\"row-2\">\n\t<td class=\"column-1\">09:00 - 09:20<\/td><td class=\"column-2\"><span class=\"clase1\">Primera l\u00ednea de tratamiento en mutaci\u00f3n EGFR<\/span><br \/>\n<span class=\"clase2\">Dr. Manuel D\u00f3mine, <\/span><span class=\"clase3\">Oncolog\u00eda M\u00e9dica, Hospital Univ. Fundaci\u00f3n Jim\u00e9nez D\u00edaz, Madrid<\/span><\/td>\n<\/tr>\n<tr class=\"row-3\">\n\t<td class=\"column-1\">09:20 - 09:35<\/td><td class=\"column-2\"><span class=\"clase1\">Reordenamientos de ALK y ROS1<\/span><br \/>\n<span class=\"clase2\">Dr. Enric Carcereny, <\/span><span class=\"clase3\">Oncolog\u00eda M\u00e9dica, ICO, Hospital Univ. Germans Trias i Pujol, Badalona, Barcelona<\/span><\/td>\n<\/tr>\n<tr class=\"row-4\">\n\t<td class=\"column-1\">09:35 - 09:50<\/td><td class=\"column-2\"><span class=\"clase1\">Mutaciones de KRAS<\/span><br \/>\n<span class=\"clase2\">Dr. Bartomeu Massut\u00ed, <\/span><span class=\"clase3\">Oncolog\u00eda M\u00e9dica, Hospital General Univ. Dr. Balmis, Alicante<\/span><\/td>\n<\/tr>\n<tr class=\"row-5\">\n\t<td class=\"column-1\">09:50 - 10:05<\/td><td class=\"column-2\"><span class=\"clase1\">Otras alteraciones moleculares: BRAF, NTRK, RET, MET<\/span><br \/>\n<span class=\"clase2\">Dr. Manuel Cobo, <\/span><span class=\"clase3\">Oncolog\u00eda M\u00e9dica, Hospital Regional Univ. de M\u00e1laga<\/span><\/td>\n<\/tr>\n<tr class=\"row-6\">\n\t<td class=\"column-1\">10:05 - 10:20<\/td><td class=\"column-2\"><span class=\"clase1\">Mecanismos de resistencia y tratamientos posteriores en enfermedad con driver<\/span><br \/>\n<span class=\"clase2\">Dr. Carlos Aguado, <\/span><span class=\"clase3\">Oncolog\u00eda M\u00e9dica, Hospital Clinico San Carlos, Madrid<\/span><\/td>\n<\/tr>\n<tr class=\"row-7\">\n\t<td class=\"column-1\">10:20 - 10:35<\/td><td class=\"column-2\"><span class=\"clase1\">Discusi\u00f3n<\/span><\/td>\n<\/tr>\n<\/tbody>\n<\/table>\n<!-- #tablepress-18 from cache --><\/div>\n<\/div>\n<div class=\"panel panel-default\">\n<div class=\"panel-heading breakColors\">\n<div class=\"panel_hour d-flex align-items-center\">\n<h4 class=\"panel-title \">10:35 &#8211; 11:05<\/h4>\n<\/p><\/div>\n<div class=\"title_panel col d-flex align-items-center\">\n<h4 class=\"panel-title\">Pausa Caf\u00e9<\/h4>\n<\/p><\/div>\n<\/p><\/div>\n<\/div>\n<div class=\"panel panel-default\">\n<div class=\"panel-heading coloramarillo\">\n<div class=\"panel_hour d-flex align-items-center\">\n<h4 class=\"panel-title \">11:05 &#8211; 12:10<\/h4>\n<\/div>\n<div class=\"title_panel col d-flex align-items-center\">\n<h4 class=\"panel-title\">SESI\u00d3N V. Otros tumores<\/h4>\n<\/div>\n<\/div>\n<div id=\"collapse4\" class=\"panel-collapse collapse in\">\n<table id=\"tablepress-19\" class=\"tablepress tablepress-id-19\">\n<tbody class=\"row-striping row-hover\">\n<tr class=\"row-1\">\n\t<td class=\"column-1\"><\/td><td class=\"column-2\"><span class=\"clase2\">Moderadores:<\/span><br \/>\n<span class=\"clase2\">Dr. Manuel Cobo, <\/span><span class=\"clase3\">Oncolog\u00eda M\u00e9dica, Hospital Regional Univ. de M\u00e1laga<\/span><br \/>\n<span class=\"clase2\">Dr. Bartomeu Massut\u00ed, <\/span><span class=\"clase3\">Oncolog\u00eda M\u00e9dica, Hospital General Univ. Dr. Balmis, Alicante<\/span><\/td>\n<\/tr>\n<tr class=\"row-2\">\n\t<td class=\"column-1\">11:05 - 11:25<\/td><td class=\"column-2\"><span class=\"clase1\">C\u00e1ncer de pulm\u00f3n microc\u00edtico<\/span><br \/>\n<span class=\"clase2\">Dr. Manuel D\u00f3mine, <\/span><span class=\"clase3\">Oncolog\u00eda M\u00e9dica, Hospital Univ. Fundaci\u00f3n Jim\u00e9nez D\u00edaz, Madrid<\/span><\/td>\n<\/tr>\n<tr class=\"row-3\">\n\t<td class=\"column-1\">11:25 - 11:35<\/td><td class=\"column-2\"><span class=\"clase1\">Tumores t\u00edmicos<\/span><br \/>\n<span class=\"clase2\">Dra. Nuria Pardo, <\/span><span class=\"clase3\">Oncolog\u00eda M\u00e9dica, Hospital Univ. Vall d' Hebron, Barcelona<\/span><\/td>\n<\/tr>\n<tr class=\"row-4\">\n\t<td class=\"column-1\">11:35 - 11:45<\/td><td class=\"column-2\"><span class=\"clase1\">Tumores neuroendocrinos<\/span><br \/>\n<span class=\"clase2\">Dra. Mar\u00eda Jov\u00e9, <\/span><span class=\"clase3\">Oncolog\u00eda M\u00e9dica, ICO, L' Hospitalet de Llobregat, Barcelona<\/span><\/td>\n<\/tr>\n<tr class=\"row-5\">\n\t<td class=\"column-1\">11:45 - 11:55<\/td><td class=\"column-2\"><span class=\"clase1\">Mesotelioma<\/span><br \/>\n<span class=\"clase2\">Dr. Bartomeu Massut\u00ed, <\/span><span class=\"clase3\">Oncolog\u00eda M\u00e9dica, Hospital General Univ. Dr. Balmis, Alicante<\/span><\/td>\n<\/tr>\n<tr class=\"row-6\">\n\t<td class=\"column-1\">11:55 - 12:10<\/td><td class=\"column-2\"><span class=\"clase1\">Discusi\u00f3n<\/span><\/td>\n<\/tr>\n<\/tbody>\n<\/table>\n<!-- #tablepress-19 from cache --><\/div>\n<\/div>\n<div class=\"panel panel-default\">\n<div class=\"panel-heading breakColors\">\n<div class=\"panel_hour d-flex align-items-center\">\n<h4 class=\"panel-title \">12:10 &#8211; 13:10<\/h4>\n<\/p><\/div>\n<div class=\"title_panel col d-flex align-items-center\">\n<h4 class=\"panel-title\">Examen<\/h4>\n<\/p><\/div>\n<\/p><\/div>\n<\/div>\n<div class=\"panel panel-default\">\n<div class=\"panel-heading breakColors\">\n<div class=\"panel_hour d-flex align-items-center\">\n<h4 class=\"panel-title \">13:10 &#8211; 14:30<\/h4>\n<\/p><\/div>\n<div class=\"title_panel col d-flex align-items-center\">\n<h4 class=\"panel-title\">Comida<\/h4>\n<\/p><\/div>\n<\/p><\/div>\n<\/div>\n<div class=\"panel panel-default\">\n<div class=\"panel-heading coloramarillo\">\n<div class=\"panel_hour d-flex align-items-center\">\n<h4 class=\"panel-title \">14:30 &#8211; 16:10<\/h4>\n<\/div>\n<div class=\"title_panel col d-flex align-items-center\">\n<h4 class=\"panel-title\">Resoluci\u00f3n de casos cl\u00ednicos. Acciones y decisiones a tomar<\/h4>\n<\/div>\n<\/div>\n<div id=\"collapse6\" class=\"panel-collapse collapse in\">\n<table id=\"tablepress-21\" class=\"tablepress tablepress-id-21\">\n<tbody class=\"row-striping row-hover\">\n<tr class=\"row-1\">\n\t<td class=\"column-1\"><\/td><td class=\"column-2\"><span class=\"clase1\">Moderador:<\/span><br \/>\n<span class=\"clase2\">Dr. Enric Carcereny, <\/span><span class=\"clase3\">Oncolog\u00eda M\u00e9dica, ICO, Hospital Univ. Germans Trias i Pujol, Badalona, Barcelona<\/span><\/td>\n<\/tr>\n<tr class=\"row-2\">\n\t<td class=\"column-1\">14:30 - 14:50<\/td><td class=\"column-2\"><span class=\"clase1\">C\u00e1ncer de pulm\u00f3n no microc\u00edtico: estadio inicial<\/span><\/td>\n<\/tr>\n<tr class=\"row-3\">\n\t<td class=\"column-1\">14:50 - 15:10<\/td><td class=\"column-2\"><span class=\"clase1\">C\u00e1ncer de pulm\u00f3n no microc\u00edtico: enfermedad locorregional<\/span><\/td>\n<\/tr>\n<tr class=\"row-4\">\n\t<td class=\"column-1\">15:10 - 15:30<\/td><td class=\"column-2\"><span class=\"clase1\">Enfermedad avanzada con diana<\/span><\/td>\n<\/tr>\n<tr class=\"row-5\">\n\t<td class=\"column-1\">15:30 - 15:50<\/td><td class=\"column-2\"><span class=\"clase1\">Enfermedad avanzada sin genes driver<\/span><\/td>\n<\/tr>\n<tr class=\"row-6\">\n\t<td class=\"column-1\">15:50 - 16:10<\/td><td class=\"column-2\"><span class=\"clase1\">Carcinoma microc\u00edtico<\/span><\/td>\n<\/tr>\n<\/tbody>\n<\/table>\n<!-- #tablepress-21 from cache --><\/div>\n<\/div>\n<\/div>\n<div class=\"panel panel-default\">\n<div class=\"panel-heading breakColors\">\n<div class=\"panel_hour d-flex align-items-center\">\n<h4 class=\"panel-title \">16:10<\/h4>\n<\/p><\/div>\n<div class=\"title_panel col d-flex align-items-center\">\n<h4 class=\"panel-title\">Cierre<\/h4>\n<\/p><\/div>\n<\/p><\/div>\n<\/div>\n","protected":false},"excerpt":{"rendered":"<p>09:00 &#8211; 10:35 SESI\u00d3N IV: Enfermedad avanzada con driver 10:35 &#8211; 11:05 Pausa Caf\u00e9 11:05 &#8211; 12:10 SESI\u00d3N V. Otros tumores 12:10 &#8211; 13:10 Examen 13:10 &#8211; 14:30 Comida 14:30 &#8211; 16:10 Resoluci\u00f3n de casos cl\u00ednicos. Acciones y decisiones a tomar 16:10 Cierre<\/p>\n","protected":false},"author":3,"featured_media":0,"parent":0,"menu_order":0,"comment_status":"closed","ping_status":"closed","template":"","meta":{"footnotes":""},"class_list":["post-1416","page","type-page","status-publish","hentry"],"_links":{"self":[{"href":"https:\/\/www.doctaforum-events.org\/2026\/cursocp2026\/wp-json\/wp\/v2\/pages\/1416","targetHints":{"allow":["GET"]}}],"collection":[{"href":"https:\/\/www.doctaforum-events.org\/2026\/cursocp2026\/wp-json\/wp\/v2\/pages"}],"about":[{"href":"https:\/\/www.doctaforum-events.org\/2026\/cursocp2026\/wp-json\/wp\/v2\/types\/page"}],"author":[{"embeddable":true,"href":"https:\/\/www.doctaforum-events.org\/2026\/cursocp2026\/wp-json\/wp\/v2\/users\/3"}],"replies":[{"embeddable":true,"href":"https:\/\/www.doctaforum-events.org\/2026\/cursocp2026\/wp-json\/wp\/v2\/comments?post=1416"}],"version-history":[{"count":7,"href":"https:\/\/www.doctaforum-events.org\/2026\/cursocp2026\/wp-json\/wp\/v2\/pages\/1416\/revisions"}],"predecessor-version":[{"id":1492,"href":"https:\/\/www.doctaforum-events.org\/2026\/cursocp2026\/wp-json\/wp\/v2\/pages\/1416\/revisions\/1492"}],"wp:attachment":[{"href":"https:\/\/www.doctaforum-events.org\/2026\/cursocp2026\/wp-json\/wp\/v2\/media?parent=1416"}],"curies":[{"name":"wp","href":"https:\/\/api.w.org\/{rel}","templated":true}]}}