{"id":424,"date":"2020-03-16T18:17:34","date_gmt":"2020-03-16T18:17:34","guid":{"rendered":"https:\/\/www.doctaforum-events.org\/2026\/curso-aorta-integral2026\/?page_id=424"},"modified":"2025-11-07T08:59:37","modified_gmt":"2025-11-07T08:59:37","slug":"ver-programa","status":"publish","type":"page","link":"https:\/\/www.doctaforum-events.org\/2026\/curso-aorta-integral2026\/ver-programa\/","title":{"rendered":"Ver Programa"},"content":{"rendered":"<p><!--&nbsp;\n\n&nbsp;\n\n&nbsp;\n\n&nbsp;\n\n&nbsp;\n\n\n<p style=\"text-align: center;\"><span style=\"font-size: 20pt; color: #e84739;\">PR\u00d3XIMAMENTE<\/span><\/p>\n\n\n&nbsp;\n\n&nbsp;\n\n&nbsp;\n\n&nbsp;\n\n&nbsp;\n\n&nbsp;\n\n&nbsp;--><br \/>\nDel 21 enero al 28 de febrero<\/p>\n<p>El link a la plataforma de contenidos online estar\u00e1 disponible pr\u00f3ximamente.<\/p>\n<div id=\"\" class=\"panel-group\">\n<div class=\"panel panel-default\">\n<div class=\"panel-heading\">\n<div class=\"panel_hour d-flex align-items-center\">\n<h4 class=\"panel-title \"><\/h4>\n<\/div>\n<div class=\"title_panel col d-flex align-items-center\">\n<h4 class=\"panel-title\">Contenido (28 HORAS):<\/h4>\n<\/div>\n<\/div>\n<div id=\"collapse2\" class=\"panel-collapse collapse in\">\n<table id=\"tablepress-8\" class=\"tablepress tablepress-id-8\">\n<tbody class=\"row-striping row-hover\">\n<tr class=\"row-1\">\n\t<td class=\"column-1\"><\/td><td class=\"column-2\"><span class=\"clase1\"><br \/>\n\u2022 Embriolog\u00eda y Anatom\u00eda. Variantes anat\u00f3micas.<\/span><br \/>\n<span class=\"clase1\"><br \/>\n\u2022 Consideraciones actuales en la cirug\u00eda de aorta<\/span><br \/>\n<span class=\"clase1\"><br \/>\n\u2022 Abordajes aorta tor\u00e1cica<\/span><br \/>\n<span class=\"clase1\"><br \/>\n\u2022 Abordajes aorta abdominal<\/span><br \/>\n<span class=\"clase1\"><br \/>\n\u2022 Abordajes aorta toracoabdominal<\/span><br \/>\n<span class=\"clase1\"><br \/>\n\u2022 Marco\u00a0Te\u00f3rico\u00a0Aorta<\/span><\/td>\n<\/tr>\n<\/tbody>\n<\/table>\n<!-- #tablepress-8 from cache --><\/div>\n<\/div>\n<\/div>\n","protected":false},"excerpt":{"rendered":"<p>Del 21 enero al 28 de febrero El link a la plataforma de contenidos online estar\u00e1 disponible pr\u00f3ximamente. Contenido (28 HORAS):<\/p>\n","protected":false},"author":1,"featured_media":0,"parent":0,"menu_order":0,"comment_status":"closed","ping_status":"closed","template":"","meta":{"footnotes":""},"class_list":["post-424","page","type-page","status-publish","hentry"],"_links":{"self":[{"href":"https:\/\/www.doctaforum-events.org\/2026\/curso-aorta-integral2026\/wp-json\/wp\/v2\/pages\/424","targetHints":{"allow":["GET"]}}],"collection":[{"href":"https:\/\/www.doctaforum-events.org\/2026\/curso-aorta-integral2026\/wp-json\/wp\/v2\/pages"}],"about":[{"href":"https:\/\/www.doctaforum-events.org\/2026\/curso-aorta-integral2026\/wp-json\/wp\/v2\/types\/page"}],"author":[{"embeddable":true,"href":"https:\/\/www.doctaforum-events.org\/2026\/curso-aorta-integral2026\/wp-json\/wp\/v2\/users\/1"}],"replies":[{"embeddable":true,"href":"https:\/\/www.doctaforum-events.org\/2026\/curso-aorta-integral2026\/wp-json\/wp\/v2\/comments?post=424"}],"version-history":[{"count":81,"href":"https:\/\/www.doctaforum-events.org\/2026\/curso-aorta-integral2026\/wp-json\/wp\/v2\/pages\/424\/revisions"}],"predecessor-version":[{"id":1407,"href":"https:\/\/www.doctaforum-events.org\/2026\/curso-aorta-integral2026\/wp-json\/wp\/v2\/pages\/424\/revisions\/1407"}],"wp:attachment":[{"href":"https:\/\/www.doctaforum-events.org\/2026\/curso-aorta-integral2026\/wp-json\/wp\/v2\/media?parent=424"}],"curies":[{"name":"wp","href":"https:\/\/api.w.org\/{rel}","templated":true}]}}