{"id":419,"date":"2020-03-16T18:16:35","date_gmt":"2020-03-16T18:16:35","guid":{"rendered":"https:\/\/www.doctaforum-events.org\/2026\/curso-abordajes-perifericos2026\/?page_id=419"},"modified":"2026-01-21T15:06:53","modified_gmt":"2026-01-21T15:06:53","slug":"formulario-de-inscripcion","status":"publish","type":"page","link":"https:\/\/www.doctaforum-events.org\/2026\/curso-abordajes-perifericos2026\/formulario-de-inscripcion\/","title":{"rendered":"Formulario de Inscripci\u00f3n"},"content":{"rendered":"<p><!--En cumplimiento de la legislaci\u00f3n aplicable en materia de protecci\u00f3n de consumidores y usuarios puede ejercer su derecho de desistimiento dentro de los plazos legalmente establecidos enviando el siguiente <a href=\"https:\/\/www.doctaforum.com\/-modelo-desistimiento\/MODELO_DESISTIMIENTO-2026-ES.pdf\" target=\"_blank\" rel=\"noopener noreferrer\">documento<\/a> convenientemente cumplimentado y firmado.--><br \/>\n&nbsp;<\/p>\n<p>&nbsp;<\/p>\n<p style=\"text-align: center;\"><span style=\"font-size: 20pt; color: var(--primary);\">FINALIZADO<\/span><\/p>\n<p>&nbsp;<\/p>\n<p>&nbsp;<\/p>\n<p>&nbsp;<\/p>\n<p>&nbsp;<\/p>\n<p>&nbsp;<\/p>\n<p>&nbsp;<\/p>\n<p>&nbsp;<\/p>\n","protected":false},"excerpt":{"rendered":"<p>&nbsp; &nbsp; FINALIZADO &nbsp; &nbsp; &nbsp; &nbsp; &nbsp; &nbsp; &nbsp;<\/p>\n","protected":false},"author":1,"featured_media":0,"parent":0,"menu_order":0,"comment_status":"closed","ping_status":"closed","template":"","meta":{"footnotes":""},"class_list":["post-419","page","type-page","status-publish","hentry"],"_links":{"self":[{"href":"https:\/\/www.doctaforum-events.org\/2026\/curso-abordajes-perifericos2026\/wp-json\/wp\/v2\/pages\/419","targetHints":{"allow":["GET"]}}],"collection":[{"href":"https:\/\/www.doctaforum-events.org\/2026\/curso-abordajes-perifericos2026\/wp-json\/wp\/v2\/pages"}],"about":[{"href":"https:\/\/www.doctaforum-events.org\/2026\/curso-abordajes-perifericos2026\/wp-json\/wp\/v2\/types\/page"}],"author":[{"embeddable":true,"href":"https:\/\/www.doctaforum-events.org\/2026\/curso-abordajes-perifericos2026\/wp-json\/wp\/v2\/users\/1"}],"replies":[{"embeddable":true,"href":"https:\/\/www.doctaforum-events.org\/2026\/curso-abordajes-perifericos2026\/wp-json\/wp\/v2\/comments?post=419"}],"version-history":[{"count":43,"href":"https:\/\/www.doctaforum-events.org\/2026\/curso-abordajes-perifericos2026\/wp-json\/wp\/v2\/pages\/419\/revisions"}],"predecessor-version":[{"id":1408,"href":"https:\/\/www.doctaforum-events.org\/2026\/curso-abordajes-perifericos2026\/wp-json\/wp\/v2\/pages\/419\/revisions\/1408"}],"wp:attachment":[{"href":"https:\/\/www.doctaforum-events.org\/2026\/curso-abordajes-perifericos2026\/wp-json\/wp\/v2\/media?parent=419"}],"curies":[{"name":"wp","href":"https:\/\/api.w.org\/{rel}","templated":true}]}}