{"id":264,"date":"2020-02-09T14:27:05","date_gmt":"2020-02-09T14:27:05","guid":{"rendered":"http:\/\/demo.themetim.com\/bring-back\/?page_id=264"},"modified":"2025-12-05T09:46:42","modified_gmt":"2025-12-05T09:46:42","slug":"informacion-general","status":"publish","type":"page","link":"https:\/\/www.doctaforum-events.org\/2026\/curso-abordajes-perifericos2026\/informacion-general\/","title":{"rendered":"Informaci\u00f3n General"},"content":{"rendered":"<div class=\"col-lg-12\">\n<p><span style=\"text-decoration: underline;\"><span class=\"clase1\">CURSO H\u00cdBRIDO ONLINE-PRESENCIAL:<\/span><\/span><\/p>\n<ul>\n<li>Contenido online de acceso libre: 21 de enero al 28 de febrero del 2026<\/li>\n<li>Contenido presencial: 26-27 de enero de 2026<\/li>\n<\/ul>\n<\/div>\n<p>&nbsp;<\/p>\n<div class=\"col-lg-12\">\n<p><span style=\"text-decoration: underline;\"><span class=\"clase1\">Organiza:<\/span><\/span><\/p>\n<p class=\"x_MsoNormal\" data-olk-copy-source=\"MessageBody\"><strong>SERVICIO DE CIRUG\u00cdA CARDIOVASCULAR, HOSPITAL UNIVERSITARI I POLIT\u00c8CNIC DE LA FE (VALENCIA)<\/strong><\/p>\n<p class=\"x_MsoNormal\">\u00c1rea de Simulaci\u00f3n Cl\u00ednica, Hospital Universitari i Polit\u00e8cnic de La Fe (Valencia)<\/p>\n<p class=\"x_MsoNormal\">Departamento de Anatom\u00eda y Embriolog\u00eda Humana, Universitat de Val\u00e8ncia<\/p>\n<\/div>\n<div class=\"col-lg-12\">\n<p><span style=\"text-decoration: underline;\"><span class=\"clase1\">Coorganiza:<\/span><\/span><\/p>\n<p class=\"x_MsoNormal\">Sociedad Espa\u00f1ola de Cirug\u00eda Transcat\u00e9ter y Endovascular (CITENDO)<\/p>\n<p class=\"x_MsoNormal\">Secci\u00f3n Cient\u00edfica Transcat\u00e9ter y Grupo de Trabajo de Cirug\u00eda Vascular y Endovascular de la SECCE<\/p>\n<ul>\n<li class=\"clase2\">TAVI y T\u00e9cnicas Transcat\u00e9ter Valvulares<\/li>\n<li class=\"clase2\">Cirug\u00eda Vascular y Endovascular<\/li>\n<\/ul>\n<p><img decoding=\"async\" src=\"https:\/\/www.doctaforum-events.org\/2026\/curso-abordajes-perifericos2026\/wp-content\/themes\/bring-back\/images\/logo-cliente.webp\" alt=\"logo GECP\" width=\"120px\" \/><img loading=\"lazy\" decoding=\"async\" class=\"alignnone wp-image-1435\" src=\"https:\/\/www.doctaforum-events.org\/2026\/curso-abordajes-perifericos2026\/wp-content\/uploads\/2025\/07\/CINTENDO.png\" alt=\"\" width=\"181\" height=\"181\" \/><img loading=\"lazy\" decoding=\"async\" class=\"alignnone wp-image-1435\" src=\"https:\/\/www.doctaforum-events.org\/2026\/curso-abordajes-perifericos2026\/wp-content\/uploads\/2025\/07\/Logo-Generalitat-Valenciana-300x210.jpg\" alt=\"\" width=\"239\" height=\"167\" srcset=\"https:\/\/www.doctaforum-events.org\/2026\/curso-abordajes-perifericos2026\/wp-content\/uploads\/2025\/07\/Logo-Generalitat-Valenciana-300x210.jpg 300w, https:\/\/www.doctaforum-events.org\/2026\/curso-abordajes-perifericos2026\/wp-content\/uploads\/2025\/07\/Logo-Generalitat-Valenciana-768x538.jpg 768w, https:\/\/www.doctaforum-events.org\/2026\/curso-abordajes-perifericos2026\/wp-content\/uploads\/2025\/07\/Logo-Generalitat-Valenciana.jpg 1000w\" sizes=\"auto, (max-width: 239px) 100vw, 239px\" \/><img loading=\"lazy\" decoding=\"async\" class=\"alignnone wp-image-1439\" src=\"https:\/\/www.doctaforum-events.org\/2026\/curso-abordajes-perifericos2026\/wp-content\/uploads\/2025\/07\/Facultad-Medicina-Univ.-Valencia-1-300x102.png\" alt=\"\" width=\"253\" height=\"86\" srcset=\"https:\/\/www.doctaforum-events.org\/2026\/curso-abordajes-perifericos2026\/wp-content\/uploads\/2025\/07\/Facultad-Medicina-Univ.-Valencia-1-300x102.png 300w, https:\/\/www.doctaforum-events.org\/2026\/curso-abordajes-perifericos2026\/wp-content\/uploads\/2025\/07\/Facultad-Medicina-Univ.-Valencia-1-768x262.png 768w, https:\/\/www.doctaforum-events.org\/2026\/curso-abordajes-perifericos2026\/wp-content\/uploads\/2025\/07\/Facultad-Medicina-Univ.-Valencia-1.png 976w\" sizes=\"auto, (max-width: 253px) 100vw, 253px\" \/><\/p>\n<p><img loading=\"lazy\" decoding=\"async\" class=\"alignnone size-full wp-image-1443\" src=\"https:\/\/www.doctaforum-events.org\/2026\/curso-abordajes-perifericos2026\/wp-content\/uploads\/2025\/07\/Servicio-Cirugia-Cardiovascular-Hosp.-La-Fe.png\" alt=\"\" width=\"301\" height=\"128\" \/>\u00a0 \u00a0 \u00a0<img loading=\"lazy\" decoding=\"async\" class=\"alignnone wp-image-1437\" src=\"https:\/\/www.doctaforum-events.org\/2026\/curso-abordajes-perifericos2026\/wp-content\/uploads\/2025\/07\/Centro-Entrenamiento-Quirurgico.png\" alt=\"\" width=\"124\" height=\"123\" srcset=\"https:\/\/www.doctaforum-events.org\/2026\/curso-abordajes-perifericos2026\/wp-content\/uploads\/2025\/07\/Centro-Entrenamiento-Quirurgico.png 225w, https:\/\/www.doctaforum-events.org\/2026\/curso-abordajes-perifericos2026\/wp-content\/uploads\/2025\/07\/Centro-Entrenamiento-Quirurgico-150x150.png 150w\" sizes=\"auto, (max-width: 124px) 100vw, 124px\" \/>\u00a0 \u00a0 \u00a0 <img loading=\"lazy\" decoding=\"async\" class=\"alignnone wp-image-1436\" src=\"https:\/\/www.doctaforum-events.org\/2026\/curso-abordajes-perifericos2026\/wp-content\/uploads\/2025\/07\/TAVI-Grupo-trabajo-SECCE-300x300.png\" alt=\"\" width=\"139\" height=\"139\" srcset=\"https:\/\/www.doctaforum-events.org\/2026\/curso-abordajes-perifericos2026\/wp-content\/uploads\/2025\/07\/TAVI-Grupo-trabajo-SECCE-300x300.png 300w, https:\/\/www.doctaforum-events.org\/2026\/curso-abordajes-perifericos2026\/wp-content\/uploads\/2025\/07\/TAVI-Grupo-trabajo-SECCE-150x150.png 150w, https:\/\/www.doctaforum-events.org\/2026\/curso-abordajes-perifericos2026\/wp-content\/uploads\/2025\/07\/TAVI-Grupo-trabajo-SECCE.png 600w\" sizes=\"auto, (max-width: 139px) 100vw, 139px\" \/>\u00a0 \u00a0 \u00a0 \u00a0<img loading=\"lazy\" decoding=\"async\" class=\"alignnone wp-image-1445\" src=\"https:\/\/www.doctaforum-events.org\/2026\/curso-abordajes-perifericos2026\/wp-content\/uploads\/2025\/07\/imagen-300x300.jpg\" alt=\"\" width=\"153\" height=\"153\" srcset=\"https:\/\/www.doctaforum-events.org\/2026\/curso-abordajes-perifericos2026\/wp-content\/uploads\/2025\/07\/imagen-300x300.jpg 300w, https:\/\/www.doctaforum-events.org\/2026\/curso-abordajes-perifericos2026\/wp-content\/uploads\/2025\/07\/imagen-150x150.jpg 150w, https:\/\/www.doctaforum-events.org\/2026\/curso-abordajes-perifericos2026\/wp-content\/uploads\/2025\/07\/imagen.jpg 500w\" sizes=\"auto, (max-width: 153px) 100vw, 153px\" \/><\/p>\n<\/div>\n<p>&nbsp;<\/p>\n<div class=\"col-lg-12\">\n<p><span style=\"text-decoration: underline;\"><span class=\"clase1\">Objetivo:<\/span><\/span><\/p>\n<p>Revisi\u00f3n te\u00f3rica y abordaje pr\u00e1ctico mediante la simulaci\u00f3n en cad\u00e1ver fresco\/ Thiel de los diferentes abordajes vasculares perif\u00e9ricos y ciertas t\u00e9cnicas quir\u00fargicas y endovasculares.<\/p>\n<\/div>\n<p>&nbsp;<\/p>\n<div class=\"col-lg-12\">\n<p><span style=\"text-decoration: underline;\"><span class=\"clase1\">Dirigido a:<\/span><\/span><\/p>\n<ul>\n<li>Especialidades: Cirug\u00eda Cardiovascular, Angiolog\u00eda y Cirug\u00eda Vascular, Cirug\u00eda General, Traumatolog\u00eda y Radiolog\u00eda Intervencionista<\/li>\n<li>Nivel: Residentes\/Adjuntos<\/li>\n<\/ul>\n<\/div>\n<p>&nbsp;<\/p>\n<div class=\"col-lg-12\">\n<p><span style=\"text-decoration: underline;\"><span class=\"clase1\">Directores:<\/span><\/span><\/p>\n<p><span class=\"clase2\">Juan Bautista Mart\u00ednez Le\u00f3n<\/span><br \/>\n<span class=\"clase3\">Servicio de Cirug\u00eda Cardiovascular, Hospital Universitari i Polit\u00e8cnic de La Fe (Valencia)<\/span><br \/>\n<span class=\"clase3\">Departamento de Cirug\u00eda, Universidad de Valencia<\/span><\/p>\n<p><span class=\"clase2\">Francisco Mart\u00ednez Soriano<\/span><br \/>\n<span class=\"clase3\">Departamento de Anatom\u00eda y Embriolog\u00eda Humana, Universidad de Valencia<\/span><\/p>\n<p><span class=\"clase2\">Iv\u00e1n Mart\u00edn Gonz\u00e1lez<\/span><br \/>\n<span class=\"clase3\">Servicio de Cirug\u00eda Cardiovascular, Hospital Universitari i Polit\u00e8cnic de La Fe (Valencia)<\/span><br \/>\n<span class=\"clase3\">Departamento de Cirug\u00eda, Universidad de Valencia<\/span><\/p>\n<\/div>\n<p>&nbsp;<\/p>\n<div class=\"col-lg-12\">\n<p><span style=\"text-decoration: underline;\"><span class=\"clase1\">Coordinadores &#8211; Profesorado:<\/span><\/span><\/p>\n<p><span class=\"clase2\">Manuel P\u00e9rez Guillen<\/span><br \/>\n<span class=\"clase3\">Hospital Universitari i Polit\u00e8cnic de La Fe (Valencia)<\/span><\/p>\n<p><span class=\"clase2\">Carlos Dom\u00ednguez Massa<\/span><br \/>\n<span class=\"clase3\">Servicio de Cirug\u00eda Cardiovascular, Hospital Universitari i Polit\u00e8cnic de La Fe (Valencia)<\/span><\/p>\n<\/div>\n<div class=\"col-lg-12\">\n<p><span style=\"text-decoration: underline;\"><span class=\"clase1\">Profesores:<\/span><\/span><\/p>\n<p><span class=\"clase2\">Cirug\u00eda Cardiovascular<\/span><\/p>\n<ul>\n<li>Audelio Guevara Bonilla<\/li>\n<li>Tom\u00e1s Heredia Cambra<\/li>\n<li>Eduardo Tebar Bot\u00ed<br \/>\n<span class=\"clase3\">Hospital Universitari i Polit\u00e8cnic de La Fe (Valencia)<\/span><\/li>\n<li>Alberto Domenech Dolz<br \/>\n<span class=\"clase3\">Hospital Cl\u00ednico Universitario de Valencia<\/span><\/li>\n<li>Fernando Pascual de la Fuente<br \/>\n<span class=\"clase3\">Cirug\u00eda Cardiovascular, Valencia<\/span><\/li>\n<li>Alejandro Pont\u00f3n Cortina<br \/>\n<span class=\"clase3\">Hospital Universitario Marqu\u00e9s de Valdecilla (Santander)<\/span><\/li>\n<li>Cristina Rueda Mu\u00f1oz<br \/>\n<span class=\"clase3\">Consorcio Hospital General Universitario de Valencia<\/span><\/li>\n<li> Jos\u00e9 Francisco Valderrama Marcos,<br \/>\n<span class=\"clase3\">Hospital Regional Universitario de M\u00e1laga<\/span><\/li>\n<\/ul>\n<p><span class=\"clase2\">Angiolog\u00eda y Cirug\u00eda Vascular<\/span><\/p>\n<ul>\n<li>Mario Altable Garc\u00eda<\/li>\n<li>Rosario Jim\u00e9nez Palmer<\/li>\n<li>Marta Zaplana C\u00f3rdoba<br \/>\n<span class=\"clase3\">Hospital Cl\u00ednico Universitario de Valencia<\/span><\/li>\n<li>Jorge Molina Mart\u00ednez<br \/>\n<span class=\"clase3\">Angiolog\u00eda y Cirug\u00eda Vascular, Valencia<\/span><\/li>\n<li>Manuel Arr\u00e9bola L\u00f3pez<br \/>\n<span class=\"clase3\">Hospital de Denia (Alicante)<\/span><\/li>\n<li>\u00c1ngel Plaza Mart\u00ednez<br \/>\n<span class=\"clase3\">Hospital de Manises (Valencia)<\/span><\/li>\n<li>Paula C. Blanes Ort\u00ed<br \/>\n<span class=\"clase3\">Hospital IMED Valencia<\/span><\/li>\n<li>Francisco J. G\u00f3mez Palon\u00e9s<br \/>\n<span class=\"clase3\">Hospital Universitario Doctor Peset, Valencia<\/span><\/li>\n<li>Mar\u00eda del Rosario Conejero G\u00f3mez<br \/>\n<span class=\"clase3\">Hospital Universitario Puerta del Mar (C\u00e1diz)<\/span><\/li>\n<\/ul>\n<p><span class=\"clase2\">Departamento de Anatom\u00eda<\/span><\/p>\n<ul>\n<li>Arantxa Blasco Serra<\/li>\n<li>Francisco Mart\u00ednez Soriano<\/li>\n<li>Alfonso Amador Valverde Navarro<br \/>\n<span class=\"clase3\">Universitat de Val\u00e8ncia<\/span><\/li>\n<\/ul>\n<p><span class=\"clase2\">Cirug\u00eda maxilofacial<\/span><\/p>\n<ul>\n<li>Miguel Puche Torres<br \/>\n<span class=\"clase3\">Hospital Cl\u00ednico Universitario de Valencia<\/span><\/li>\n<\/ul>\n<p><span class=\"clase2\">Radiolog\u00eda intervencionista<\/span><\/p>\n<ul>\n<li>Maximiliano Lloret Larrea<br \/>\n<span class=\"clase3\">Hospital Universitari i Polit\u00e8cnic de La Fe (Valencia)<\/span><\/li>\n<li>Julio Palmero Da Cruz<br \/>\n<span class=\"clase3\">Radiolog\u00eda Intervencionista, Valencia<\/span><\/li>\n<\/ul>\n<\/div>\n<p>&nbsp;<\/p>\n<div class=\"col-lg-12\">\n<p><span style=\"text-decoration: underline;\"> <span class=\"clase1\">Solicitada validaci\u00f3n de:<\/span> <\/span><\/p>\n<p><span class=\"clase2\">FENIN &#8211; Obtenida<\/span><\/p>\n<p><span class=\"clase2\">MedTech &#8211; Obtenida<\/span><\/p>\n<p>&nbsp;<\/p>\n<\/div>\n<div class=\"col-lg-12\">\n<p><span style=\"text-decoration: underline;\"> <span class=\"clase1\">Avales:<\/span> <\/span><\/p>\n<p>Solicitado Aval de Aortic Association<\/p>\n<p class=\"x_MsoNormal\" data-olk-copy-source=\"MessageBody\">Solicitado Aval de SECCE \u2013 Sociedad Espa\u00f1ola de Cirug\u00eda Cardiovascular y Endovascular (concedido)<\/p>\n<p class=\"x_MsoNormal\" data-olk-copy-source=\"MessageBody\">Solicitado Aval de SECT \u2013 Sociedad Espa\u00f1ola de Cirug\u00eda Taurina<\/p>\n<p class=\"x_MsoNormal\" data-olk-copy-source=\"MessageBody\">Solicitado Aval de Sociedad Valenciana de Cirug\u00eda<\/p>\n<p>&nbsp;<\/p>\n<\/div>\n<div class=\"col-lg-12\">\n<p><span style=\"text-decoration: underline;\"> <span class=\"clase1\">Acreditaciones:<\/span> <\/span><\/p>\n<p class=\"x_MsoNormal\" data-olk-copy-source=\"MessageBody\">Solicitada Acreditaci\u00f3n \u2013 EACCME\u00ae \u2013 European Accreditation Council for Continuing Medical Education<\/p>\n<p class=\"x_MsoNormal\" data-olk-copy-source=\"MessageBody\">Solicitada Acreditaci\u00f3n \u2013 SEAFORMEC \u2013 Consejo Profesional M\u00e9dico Espa\u00f1ol de Acreditaci\u00f3n para DPC\/FMC &#8212; acredita con cr\u00e9ditos de formaci\u00f3n continuada, DFC, actividades de formaci\u00f3n no solo para m\u00e9dicos sino tambi\u00e9n para otros profesionales de las Ciencias de la Salud<\/p>\n<p>&nbsp;<\/p>\n<p><span style=\"text-decoration: underline;\"> <span class=\"clase1\">ALOJAMIENTO OFICIAL:<\/span><\/span><\/p>\n<p class=\"x_MsoNormal\" data-olk-copy-source=\"MessageBody\">Hotel Primus Valencia<\/p>\n<p class=\"x_MsoNormal\">C\/ de Menorca, 22, 46023 Valencia<\/p>\n<p class=\"x_MsoNormal\" data-olk-copy-source=\"MessageBody\">Contacto:\u00a0963 31 84 74<\/p>\n<p class=\"x_MsoNormal\" data-olk-copy-source=\"MessageBody\">Secretar\u00eda T\u00e9cnica: <a class=\"options-contact\" href=\"mailto:curso-abordajes-perifericos2026@doctaforum.net\">curso-abordajes-perifericos2026@doctaforum.net<\/a><\/p>\n<p>&nbsp;<\/p>\n<\/div>\n<div class=\"col-lg-12\">\n<p><span style=\"text-decoration: underline;\"><span class=\"clase1\">Certificados:<\/span><\/span><\/p>\n<p><span class=\"clase2\">Ser\u00e1 obligatorio el 80% de asistencia al curso para la obtenci\u00f3n de los certificados de asistencia y de cr\u00e9ditos de formaci\u00f3n continuada<\/span><\/p>\n<\/div>\n<p>&nbsp;<\/p>\n<div class=\"col-lg-12\">\n<p><span style=\"text-decoration: underline;\"><span class=\"clase1\">Acceso a plataforma online:<\/span><\/span> Pr\u00f3ximamente<\/p>\n<p>&nbsp;<\/p>\n<\/div>\n<div class=\"col-lg-12\">\n<p><span style=\"text-decoration: underline;\"><span class=\"clase1\">Contenido (16 horas):<\/span><\/span> Abordajes vasculares sector cervical<\/p>\n<p>&nbsp;<\/p>\n<p>Abordajes vasculares sector axilar<\/p>\n<p>Abordajes vasculares miembros superiores<\/p>\n<p>Abordajes vasculares miembros inferiores<\/p>\n<p>Abordaje retroperitoneal. Bypass obturador<\/p>\n<p>Consideraciones adicionales en abordajes quir\u00fargicos\u00a0perif\u00e9ricos<\/p>\n<\/div>\n","protected":false},"excerpt":{"rendered":"<p>CURSO H\u00cdBRIDO ONLINE-PRESENCIAL: Contenido online de acceso libre: 21 de enero al 28 de febrero del 2026 Contenido presencial: 26-27 de enero de 2026 &nbsp; Organiza: SERVICIO DE CIRUG\u00cdA CARDIOVASCULAR, HOSPITAL UNIVERSITARI I POLIT\u00c8CNIC DE LA FE (VALENCIA) \u00c1rea de Simulaci\u00f3n Cl\u00ednica, Hospital Universitari i Polit\u00e8cnic de La Fe (Valencia) Departamento de Anatom\u00eda y Embriolog\u00eda [&hellip;]<\/p>\n","protected":false},"author":1,"featured_media":0,"parent":0,"menu_order":0,"comment_status":"closed","ping_status":"closed","template":"","meta":{"footnotes":""},"class_list":["post-264","page","type-page","status-publish","hentry"],"_links":{"self":[{"href":"https:\/\/www.doctaforum-events.org\/2026\/curso-abordajes-perifericos2026\/wp-json\/wp\/v2\/pages\/264","targetHints":{"allow":["GET"]}}],"collection":[{"href":"https:\/\/www.doctaforum-events.org\/2026\/curso-abordajes-perifericos2026\/wp-json\/wp\/v2\/pages"}],"about":[{"href":"https:\/\/www.doctaforum-events.org\/2026\/curso-abordajes-perifericos2026\/wp-json\/wp\/v2\/types\/page"}],"author":[{"embeddable":true,"href":"https:\/\/www.doctaforum-events.org\/2026\/curso-abordajes-perifericos2026\/wp-json\/wp\/v2\/users\/1"}],"replies":[{"embeddable":true,"href":"https:\/\/www.doctaforum-events.org\/2026\/curso-abordajes-perifericos2026\/wp-json\/wp\/v2\/comments?post=264"}],"version-history":[{"count":170,"href":"https:\/\/www.doctaforum-events.org\/2026\/curso-abordajes-perifericos2026\/wp-json\/wp\/v2\/pages\/264\/revisions"}],"predecessor-version":[{"id":1410,"href":"https:\/\/www.doctaforum-events.org\/2026\/curso-abordajes-perifericos2026\/wp-json\/wp\/v2\/pages\/264\/revisions\/1410"}],"wp:attachment":[{"href":"https:\/\/www.doctaforum-events.org\/2026\/curso-abordajes-perifericos2026\/wp-json\/wp\/v2\/media?parent=264"}],"curies":[{"name":"wp","href":"https:\/\/api.w.org\/{rel}","templated":true}]}}