{"id":417,"date":"2020-03-16T18:16:17","date_gmt":"2020-03-16T18:16:17","guid":{"rendered":"https:\/\/www.doctaforum-events.org\/2026\/caom2026\/?page_id=417"},"modified":"2025-12-11T09:22:57","modified_gmt":"2025-12-11T09:22:57","slug":"cuotas-de-inscripcion","status":"publish","type":"page","link":"https:\/\/www.doctaforum-events.org\/2026\/caom2026\/cuotas-de-inscripcion\/","title":{"rendered":"Cuotas de Inscripci\u00f3n"},"content":{"rendered":"\n<table id=\"tablepress-1\" class=\"tablepress tablepress-id-1 tbody-has-connected-cells\">\n<tbody class=\"row-striping row-hover\">\n<tr class=\"row-1\">\n\t<td colspan=\"2\" class=\"column-1\">Cuota de inscripci\u00f3n<\/td>\n<\/tr>\n<tr class=\"row-2\">\n\t<td class=\"column-1\">Precio de inscripci\u00f3n (con alojamiento): <\/td><td class=\"column-2\"><strong>2.149\u20ac + 21% IVA (2.600,10\u20ac)<\/strong><\/td>\n<\/tr>\n<tr class=\"row-3\">\n\t<td class=\"column-1\">Precio de inscripci\u00f3n (sin alojamiento): <\/td><td class=\"column-2\"><strong>1.727\u20ac+21% IVA (2.089,67\u20ac)<\/strong><\/td>\n<\/tr>\n<tr class=\"row-4\">\n\t<td class=\"column-1\">Suplemento de alojamiento para la noche del 09 de junio: <\/td><td class=\"column-2\"><strong>190 \u20ac + 21% IVA (229,90\u20ac)<\/strong><\/td>\n<\/tr>\n<tr class=\"row-5\">\n\t<td colspan=\"2\" class=\"column-1\">- Los derechos de inscripci\u00f3n incluyen la participaci\u00f3n en todas las sesiones cient\u00edficas, material docente, caf\u00e9s y almuerzos de trabajo. <br \/>\n<br \/>\n- La modalidad de inscripci\u00f3n con alojamiento incluye, adem\u00e1s, el alojamiento en Parador de Alcal\u00e1 del 10 al 13 de junio (3 noches), y las cenas.<br \/>\n<br \/>\n- La inscripci\u00f3n con alojamiento incluye las noches necesarias para asistir al curso \u00edntegramente. No se aceptan reservas de hotel parciales.<br \/>\n<br \/>\n- La Organizaci\u00f3n recomienda elegir la modalidad con alojamiento para una inmersi\u00f3n completa en el clima de convivencia entre profesores y alumnos, tambi\u00e9n fuera de las clases.<br \/>\n<br \/>\n- Las inscripciones se pueden utilizar para personal sanitario o personal de la industria farmac\u00e9utica.<br \/>\n<br \/>\n- El n\u00famero de plazas es limitado y se tramitar\u00e1 por orden de recepci\u00f3n de las solicitudes.<br \/>\n<\/td>\n<\/tr>\n<\/tbody>\n<\/table>\n<!-- #tablepress-1 from cache -->\n\n<table id=\"tablepress-6\" class=\"tablepress tablepress-id-6 tbody-has-connected-cells\">\n<tbody class=\"row-striping row-hover\">\n<tr class=\"row-1\">\n\t<td colspan=\"2\" class=\"column-1\">ALOJAMIENTO<\/td>\n<\/tr>\n<tr class=\"row-2\">\n\t<td colspan=\"2\" class=\"column-1\">Parador Alcal\u00e1 de Henares<br \/>\nC. Colegios, 8, 28804 Alcal\u00e1 de Henares, (Madrid)<\/td>\n<\/tr>\n<tr class=\"row-3\">\n\t<td class=\"column-1\"><img decoding=\"async\" src=\"https:\/\/www.doctaforum-events.org\/2026\/caom2026\/wp-content\/uploads\/2025\/01\/Imagen1.png\" alt=\"hotel1\"><\/td><td class=\"column-2\"><img decoding=\"async\" src=\"https:\/\/www.doctaforum-events.org\/2026\/caom2026\/wp-content\/uploads\/2025\/01\/Imagen2.png\" alt=\"hotel2\"><\/td>\n<\/tr>\n<\/tbody>\n<\/table>\n<!-- #tablepress-6 from cache -->\n\n<table id=\"tablepress-2\" class=\"tablepress tablepress-id-2\">\n<tbody class=\"row-striping row-hover\">\n<tr class=\"row-1\">\n\t<td class=\"column-1\">FORMA DE PAGO<\/td>\n<\/tr>\n<tr class=\"row-2\">\n\t<td class=\"column-1\"><strong>Mediante transferencia bancaria<\/strong> a nombre de Doctaforum Servicios, S.L., a la cuenta:<br \/>\n<ul style=\"list-style: none\" class=\"lista_pgos\"><br \/>\n<li>IBAN: ES37 0081 7116 6500 0109 4519<\/li><br \/>\n<li>SWIFT: BSABESBBXXX<\/li><br \/>\n<\/ul><br \/>\n- Los pagos deben ser sin gastos para el receptor.<br \/>\n<br \/>\n- Por favor, env\u00ede el comprobante de la transferencia a la direcci\u00f3n de correo electr\u00f3nico: <a style=\"color: #23474d\" href=\"mailto:caom@doctaforum.com\">caom@doctaforum.com<\/a><br \/>\n <br \/>\n<\/td>\n<\/tr>\n<tr class=\"row-3\">\n\t<td class=\"column-1\"><strong>Tarjeta de cr\u00e9dito:<\/strong> (Visa o Master Card) a trav\u00e9s de la p\u00e1gina web del curso (TPV virtual).<\/td>\n<\/tr>\n<\/tbody>\n<\/table>\n<!-- #tablepress-2 from cache -->\n\n<table id=\"tablepress-18\" class=\"tablepress tablepress-id-18 tbody-has-connected-cells\">\n<tbody class=\"row-striping row-hover\">\n<tr class=\"row-1\">\n\t<td colspan=\"2\" class=\"column-1\">TRASLADOS <br> <br>MADRID - Alcal\u00e1 de Henares \/ Alcal\u00e1 de Henares - MADRID<\/td>\n<\/tr>\n<tr class=\"row-2\">\n\t<td colspan=\"2\" class=\"column-1\"><strong>La organizaci\u00f3n facilitar\u00e1 los siguientes traslados: <\/strong><br \/>\n<br \/>\n<strong>Miercoles, 10 de junio<\/strong><br \/>\n<br \/>\n<br \/>\n  \t-      Salida en autocar desde la Estaci\u00f3n de Chamart\u00edn a las 10:10h<br \/>\n<br \/>\n  \t-      Salida en autocar desde el Aeropuerto Adolfo Su\u00e1rez Madrid-Barajas (terminales 4 y 2) a las 10:30h<br \/>\n<br \/>\n  \t-      Salida en autocar desde la Estaci\u00f3n de Atocha a las 10:10h<br \/>\n<br \/>\n<br \/>\n<strong>S\u00e1bado, 13 de junio <\/strong><br \/>\n<br \/>\n<br \/>\n  \t-      Salida en autocar desde la sede al Aeropuerto Adolfo Su\u00e1rez Madrid-Barajas (terminales 4 y 2) y posterior parada Estaci\u00f3n de Chamart\u00edn a las 14:15h<br \/>\n<br \/>\n  \t-      Salida en autocar desde sede a la Estaci\u00f3n de Atocha a las 14:15h<\/td>\n<\/tr>\n<tr class=\"row-3\">\n\t<td colspan=\"2\" class=\"column-1\"><br \/>\n- <strong>El n\u00famero de plazas es limitado y se ocupar\u00e1n por orden de llegada de los asistentes<\/strong><br \/>\n<br \/>\n- <strong>No se reservan plazas con antelaci\u00f3n.<\/strong><br \/>\n<br \/>\n- <strong>El n\u00famero de plazas es limitado y se tramitar\u00e1 por orden de recepci\u00f3n de las solicitudes.<\/strong><br \/>\n<br \/>\n- <strong>Sugerimos que, en caso de estar interesado en utilizar este servicio de transporte, reserve el horario de su viaje con margen suficiente para tomar su vuelo o tren. <\/strong><br \/>\n<br \/>\n- <strong>Para su informaci\u00f3n, la duraci\u00f3n estimada del trayecto desde la sede hasta la terminal 4 es de 40 minutos, y 20 minutos m\u00e1s hasta la terminal 2. La duraci\u00f3n desde Chamart\u00edn a la sede es de 30 minutos y desde Atocha es de 40 minutos aproximadamente.<strong><\/td>\n<\/tr>\n<\/tbody>\n<\/table>\n<!-- #tablepress-18 from cache -->\n<p>\n<table id=\"tablepress-19\" class=\"tablepress tablepress-id-19\">\n<tbody class=\"row-striping row-hover\">\n<tr class=\"row-1\">\n\t<td class=\"column-1\">PUNTOS DE ENCUENTRO<\/td>\n<\/tr>\n<tr class=\"row-2\">\n\t<td class=\"column-1\"><strong> AEROPUERTO <\/strong><br \/>\n<br \/>\n- Terminal 2 -llegadas \u2013 puerta 5<br \/>\n<br \/>\n- Terminal 4 \u2013 nivel 0, vest\u00edbulo llegadas \u2013 puerta 10<br \/>\n<br \/>\n<strong> CHAMART\u00cdN<\/strong><br \/>\n<br \/>\n- Calle Agust\u00edn de Foxa, 34<br \/>\n<br \/>\n<strong> ATOCHA<\/strong><br \/>\n<br \/>\n- Estatua del Viajero<\/td>\n<\/tr>\n<\/tbody>\n<\/table>\n<!-- #tablepress-19 from cache --><br \/>\n<!--<a href=\"https:\/\/www.doctaforum-events.org\/2026\/caom2026\/formulario-de-inscripcion\/\" rel=\"noopener\"><img loading=\"lazy\" decoding=\"async\" class=\"aligncenter wp-image-1130 size-full\" src=\"https:\/\/www.doctaforum-events.org\/2026\/caom2026\/wp-content\/uploads\/2024\/04\/boton-formulario.png\" alt=\"\" width=\"220\" height=\"42\" \/><\/a>--><br \/>\nSe ruega completar el bolet\u00edn de inscripci\u00f3n.<\/p>\n<p>La adjudicaci\u00f3n de plaza para el evento, ser\u00e1 realizada una vez recibido el justificante de pago del importe correspondiente. Si desea aclarar alguna duda o recibir m\u00e1s informaci\u00f3n, por favor p\u00f3ngase en contacto con la Secretar\u00eda T\u00e9cnica.<\/p>\n<p>En cumplimiento de la legislaci\u00f3n aplicable en materia de protecci\u00f3n de consumidores y usuarios puede ejercer su derecho de desistimiento dentro de los plazos legalmente establecidos enviando el siguiente <a href=\"https:\/\/www.doctaforum.com\/-modelo-desistimiento\/MODELO_DESISTIMIENTO-2025-ES.pdf\" class=\"documento_desestimiento\" target=\"_blank\" rel=\"noopener noreferrer\">documento<\/a> convenientemente cumplimentado y firmado.<\/p>\n<div style=\"width: 100%; display: flex; flex-wrap: wrap; justify-content: center; align-items: center; margin-top: 10px\">\n\t<a href=\"https:\/\/www.doctaforum-events.org\/2026\/caom2026\/formulario-de-inscripcion\/\" class=\"btn-platforms\"><br \/>\n\tFormulario de inscripci\u00f3n<br \/>\n\t<\/a>\n<\/div>\n<p>&nbsp;<\/p>\n<p>&nbsp;<\/p>\n<p><!--\n&nbsp;\n\n&nbsp;\n\n&nbsp;\n\n&nbsp;\n\n&nbsp;\n\n\n<p style=\"text-align: center;\"><span style=\"font-size: 20pt; color: #5a7e88;\">Disponible en breve<\/span><\/p>\n\n\n&nbsp;\n\n&nbsp;\n\n&nbsp;\n\n&nbsp;\n\n&nbsp;\n\n&nbsp;\n\n&nbsp;--><\/p>\n","protected":false},"excerpt":{"rendered":"<p>Se ruega completar el bolet\u00edn de inscripci\u00f3n. La adjudicaci\u00f3n de plaza para el evento, ser\u00e1 realizada una vez recibido el justificante de pago del importe correspondiente. Si desea aclarar alguna duda o recibir m\u00e1s informaci\u00f3n, por favor p\u00f3ngase en contacto con la Secretar\u00eda T\u00e9cnica. En cumplimiento de la legislaci\u00f3n aplicable en materia de protecci\u00f3n de [&hellip;]<\/p>\n","protected":false},"author":1,"featured_media":0,"parent":0,"menu_order":0,"comment_status":"closed","ping_status":"closed","template":"","meta":{"footnotes":""},"class_list":["post-417","page","type-page","status-publish","hentry"],"_links":{"self":[{"href":"https:\/\/www.doctaforum-events.org\/2026\/caom2026\/wp-json\/wp\/v2\/pages\/417","targetHints":{"allow":["GET"]}}],"collection":[{"href":"https:\/\/www.doctaforum-events.org\/2026\/caom2026\/wp-json\/wp\/v2\/pages"}],"about":[{"href":"https:\/\/www.doctaforum-events.org\/2026\/caom2026\/wp-json\/wp\/v2\/types\/page"}],"author":[{"embeddable":true,"href":"https:\/\/www.doctaforum-events.org\/2026\/caom2026\/wp-json\/wp\/v2\/users\/1"}],"replies":[{"embeddable":true,"href":"https:\/\/www.doctaforum-events.org\/2026\/caom2026\/wp-json\/wp\/v2\/comments?post=417"}],"version-history":[{"count":76,"href":"https:\/\/www.doctaforum-events.org\/2026\/caom2026\/wp-json\/wp\/v2\/pages\/417\/revisions"}],"predecessor-version":[{"id":1447,"href":"https:\/\/www.doctaforum-events.org\/2026\/caom2026\/wp-json\/wp\/v2\/pages\/417\/revisions\/1447"}],"wp:attachment":[{"href":"https:\/\/www.doctaforum-events.org\/2026\/caom2026\/wp-json\/wp\/v2\/media?parent=417"}],"curies":[{"name":"wp","href":"https:\/\/api.w.org\/{rel}","templated":true}]}}