{"id":1412,"date":"2025-12-11T08:06:48","date_gmt":"2025-12-11T08:06:48","guid":{"rendered":"https:\/\/www.doctaforum-events.org\/2026\/caom2026\/?page_id=1412"},"modified":"2026-02-24T08:57:19","modified_gmt":"2026-02-24T08:57:19","slug":"viernes-12-de-junio","status":"publish","type":"page","link":"https:\/\/www.doctaforum-events.org\/2026\/caom2026\/viernes-12-de-junio\/","title":{"rendered":"Viernes, 12 de junio"},"content":{"rendered":"<p><!-- ========== VIERNES 12 DE JUNIO ========== --><\/p>\n<div id=\"viernes\" class=\"panel-group\">\n<div class=\"panel panel-default\">\n<div class=\"panel-heading coloramarillo\">\n<div class='panel_hour d-flex align-items-center'>\n<h4 class=\"panel-title\">09:00 &#8211; 10:45<\/h4>\n<\/p><\/div>\n<div class='title_panel col d-flex align-items-center'>\n<h4 class=\"panel-title\">SESI\u00d3N 7 \u2014 TUMORES HEMATOL\u00d3GICOS Y TERAPIA CELULAR<\/h4>\n<\/p><\/div>\n<\/p><\/div>\n<div id=\"collapse-vie-7\" class=\"panel-collapse collapse in\">\n<table id=\"tablepress-23\" class=\"tablepress tablepress-id-23\">\n<tbody class=\"row-striping row-hover\">\n<tr class=\"row-1\">\n\t<td class=\"column-1\"><\/td><td class=\"column-2\"><span class=\"clase1\">Modera<\/span><br \/>\n<span class=\"clase2\">Dr. Jos\u00e9 G\u00f3mez Codina, <\/span><span class=\"clase3\">Hospital Univ. i Polit\u00e8cnic La Fe, Valencia<\/span><br \/>\n<\/td>\n<\/tr>\n<tr class=\"row-2\">\n\t<td class=\"column-1\">09:00 - 09:20<\/td><td class=\"column-2\"><span class=\"clase1\">El tratamiento del linfoma de Hodgkin: pasado, presente y futuro<\/span><br \/>\n<span class=\"clase2\">Dr. Josep Gum\u00e0, <\/span><span class=\"clase3\">Hospital Universitari Sant Joan de Reus, Tarragona<\/span><br \/>\n<\/td>\n<\/tr>\n<tr class=\"row-3\">\n\t<td class=\"column-1\">09:30 - 09:50<\/td><td class=\"column-2\"><span class=\"clase1\">Estrategia Global en los Linfomas No Hodgkin<\/span><br \/>\n<span class=\"clase2\">Dr. Jos\u00e9 G\u00f3mez Codina, <\/span><span class=\"clase3\">Hospital Univ. i Polit\u00e8cnic La Fe, Valencia<\/span><br \/>\n<\/td>\n<\/tr>\n<tr class=\"row-4\">\n\t<td class=\"column-1\">10:00 - 10:20<\/td><td class=\"column-2\"> <span class=\"clase1\">Nuevas formas de Terapia Celular e Inmunoterapia<\/span><br \/>\n<span class=\"clase2\">Dra. Natividad Mart\u00ednez-Banaclocha, <\/span><span class=\"clase3\">Hospital General Univ. Dr. Balmis, Alicante<\/span><br \/>\n<\/td>\n<\/tr>\n<tr class=\"row-5\">\n\t<td class=\"column-1\">10:30 - 10:45<\/td><td class=\"column-2\"><span class=\"clase1\">Discusi\u00f3n de Caso Cl\u00ednico<\/span><\/td>\n<\/tr>\n<\/tbody>\n<\/table>\n<!-- #tablepress-23 from cache --><\/div>\n<\/p><\/div>\n<div class=\"panel panel-default\">\n<div class=\"panel-heading breakColors\">\n<div class='panel_hour d-flex align-items-center'>\n<h4 class=\"panel-title\">10:45 &#8211; 11:15<\/h4>\n<\/p><\/div>\n<div class='title_panel col d-flex align-items-center'>\n<h4 class=\"panel-title\">Pausa Caf\u00e9<\/h4>\n<\/p><\/div>\n<\/p><\/div>\n<\/p><\/div>\n<div class=\"panel panel-default\">\n<div class=\"panel-heading coloramarillo\">\n<div class='panel_hour d-flex align-items-center'>\n<h4 class=\"panel-title\">11:15 &#8211; 14:30<\/h4>\n<\/p><\/div>\n<div class='title_panel col d-flex align-items-center'>\n<h4 class=\"panel-title\">SESI\u00d3N 8 \u2014 C\u00c1NCER DE PULM\u00d3N<\/h4>\n<\/p><\/div>\n<\/p><\/div>\n<div id=\"collapse-vie-8\" class=\"panel-collapse collapse in\">\n<table id=\"tablepress-24\" class=\"tablepress tablepress-id-24\">\n<tbody class=\"row-striping row-hover\">\n<tr class=\"row-1\">\n\t<td class=\"column-1\"><\/td><td class=\"column-2\"><span class=\"clase1\">Modera<\/span><br \/>\n<span class=\"clase2\">Dr. Luis Paz-Ares, <\/span><span class=\"clase3\">Hospital Univ. 12 de Octubre, Madrid<\/span><br \/>\n<\/td>\n<\/tr>\n<tr class=\"row-2\">\n\t<td class=\"column-1\">11:15 - 11:35<\/td><td class=\"column-2\"><span class=\"clase1\">C\u00e1ncer de Pulm\u00f3n Precoz: Algoritmo Diagn\u00f3stico y Tratamiento<\/span><br \/>\n<span class=\"clase2\">Dra. M\u00aa Rosario Garc\u00eda Campelo, <\/span><span class=\"clase3\">Hospital Univ. de A Coru\u00f1a<\/span><br \/>\n<\/td>\n<\/tr>\n<tr class=\"row-3\">\n\t<td class=\"column-1\">11:45 - 12:05<\/td><td class=\"column-2\"><span class=\"clase1\">Tratamiento Multidisciplinar de Estadios Localmente Avanzados en C\u00e1ncer de Pulm\u00f3n<\/span><br \/>\n<span class=\"clase2\">Dra. Paula Espinosa, <\/span><span class=\"clase3\">Hospital General Univ. de Valencia<\/span><br \/>\n<\/td>\n<\/tr>\n<tr class=\"row-4\">\n\t<td class=\"column-1\">12:15 - 12:30<\/td><td class=\"column-2\"> <span class=\"clase1\">Discusi\u00f3n de Caso Cl\u00ednico<\/span><\/td>\n<\/tr>\n<tr class=\"row-5\">\n\t<td class=\"column-1\">12:30 - 12:50<\/td><td class=\"column-2\"><span class=\"clase1\">Tratamiento de la Enfermedad Avanzada sin Adici\u00f3n Oncog\u00e9nica<\/span><br \/>\n<span class=\"clase2\">Dr. Luis Paz-Ares, <\/span><span class=\"clase3\">Hospital Univ. 12 de Octubre, Madrid<\/span><br \/>\n<\/td>\n<\/tr>\n<tr class=\"row-6\">\n\t<td class=\"column-1\">13:00 - 13:20<\/td><td class=\"column-2\"><span class=\"clase1\">Tratamiento de la Enfermedad Avanzada con Adici\u00f3n Oncog\u00e9nica<\/span><br \/>\n<span class=\"clase2\">Dr. Jon Zugazagoitia, <\/span><span class=\"clase3\">Hospital Univ. 12 de Octubre, Madrid<\/span><br \/>\n<\/td>\n<\/tr>\n<tr class=\"row-7\">\n\t<td class=\"column-1\">13:30 - 13:50<\/td><td class=\"column-2\"><span class=\"clase1\">Tratamiento de Carcinoma Microc\u00edtico de Pulm\u00f3n<\/span><br \/>\n<span class=\"clase2\">Dr. Luis Paz-Ares, <\/span><span class=\"clase3\">Hospital Univ. 12 de Octubre, Madrid<\/span><br \/>\n<\/td>\n<\/tr>\n<tr class=\"row-8\">\n\t<td class=\"column-1\">14:00 - 14:30<\/td><td class=\"column-2\"><span class=\"clase1\">Discusi\u00f3n de Casos Cl\u00ednicos<\/span><\/td>\n<\/tr>\n<\/tbody>\n<\/table>\n<!-- #tablepress-24 from cache --><\/div>\n<\/p><\/div>\n<div class=\"panel panel-default\">\n<div class=\"panel-heading breakColors\">\n<div class='panel_hour d-flex align-items-center'>\n<h4 class=\"panel-title\">14:30 &#8211; 16:30<\/h4>\n<\/p><\/div>\n<div class='title_panel col d-flex align-items-center'>\n<h4 class=\"panel-title\">Almuerzo<\/h4>\n<\/p><\/div>\n<\/p><\/div>\n<\/p><\/div>\n<div class=\"panel panel-default\">\n<div class=\"panel-heading coloramarillo\">\n<div class='panel_hour d-flex align-items-center'>\n<h4 class=\"panel-title\">16:30 &#8211; 17:30<\/h4>\n<\/p><\/div>\n<div class='title_panel col d-flex align-items-center'>\n<h4 class=\"panel-title\">SESI\u00d3N 9 \u2014 NUEVAS ESTRATEGIAS TERAP\u00c9UTICAS<\/h4>\n<\/p><\/div>\n<\/p><\/div>\n<div id=\"collapse-vie-9\" class=\"panel-collapse collapse in\">\n<table id=\"tablepress-25\" class=\"tablepress tablepress-id-25\">\n<tbody class=\"row-striping row-hover\">\n<tr class=\"row-1\">\n\t<td class=\"column-1\"><\/td><td class=\"column-2\"> <span class=\"clase1\">Modera<\/span><br \/>\n<span class=\"clase2\">Dr. Santiago Ponce, <\/span><span class=\"clase3\">Hospital Univ. 12 de Octubre, Madrid<\/span><br \/>\n<\/td>\n<\/tr>\n<tr class=\"row-2\">\n\t<td class=\"column-1\">16:30 - 16:50<\/td><td class=\"column-2\"><span class=\"clase1\">Desarrollo de Nuevos F\u00e1rmacos<\/span><br \/>\n<span class=\"clase2\">TBC<\/span><\/td>\n<\/tr>\n<tr class=\"row-3\">\n\t<td class=\"column-1\">16:50 - 17:10<\/td><td class=\"column-2\"><span class=\"clase1\">Toxicidad de las nuevas terapias<\/span><br \/>\n<span class=\"clase2\">Dra. Arancha Manzano, <\/span><span class=\"clase3\">Hospital Univ. 12 de Octubre, Madrid<\/span><br \/>\n<\/td>\n<\/tr>\n<tr class=\"row-4\">\n\t<td class=\"column-1\">17:10 - 17:30<\/td><td class=\"column-2\"><span class=\"clase1\">Operativa de una unidad de Fase 1<\/span><br \/>\n<span class=\"clase2\">Dr. Santiago Ponce, <\/span><span class=\"clase3\">Hospital Univ. 12 de Octubre, Madrid<\/span><br \/>\n<\/td>\n<\/tr>\n<tr class=\"row-5\">\n\t<td class=\"column-1\">17:30 - 17:50<\/td><td class=\"column-2\"><span class=\"clase1\">Discusi\u00f3n<\/span><\/td>\n<\/tr>\n<\/tbody>\n<\/table>\n<!-- #tablepress-25 from cache --><\/div>\n<\/p><\/div>\n<div class=\"panel panel-default\">\n<div class=\"panel-heading\">\n<div class='panel_hour d-flex align-items-center'>\n<h4 class=\"panel-title\">21:00<\/h4>\n<\/p><\/div>\n<div class='title_panel col d-flex align-items-center'>\n<h4 class=\"panel-title\">Cena<\/h4>\n<\/p><\/div>\n<\/p><\/div>\n<\/p><\/div>\n<\/div>\n","protected":false},"excerpt":{"rendered":"<p>09:00 &#8211; 10:45 SESI\u00d3N 7 \u2014 TUMORES HEMATOL\u00d3GICOS Y TERAPIA CELULAR 10:45 &#8211; 11:15 Pausa Caf\u00e9 11:15 &#8211; 14:30 SESI\u00d3N 8 \u2014 C\u00c1NCER DE PULM\u00d3N 14:30 &#8211; 16:30 Almuerzo 16:30 &#8211; 17:30 SESI\u00d3N 9 \u2014 NUEVAS ESTRATEGIAS TERAP\u00c9UTICAS 21:00 Cena<\/p>\n","protected":false},"author":3,"featured_media":0,"parent":0,"menu_order":0,"comment_status":"closed","ping_status":"closed","template":"","meta":{"footnotes":""},"class_list":["post-1412","page","type-page","status-publish","hentry"],"_links":{"self":[{"href":"https:\/\/www.doctaforum-events.org\/2026\/caom2026\/wp-json\/wp\/v2\/pages\/1412","targetHints":{"allow":["GET"]}}],"collection":[{"href":"https:\/\/www.doctaforum-events.org\/2026\/caom2026\/wp-json\/wp\/v2\/pages"}],"about":[{"href":"https:\/\/www.doctaforum-events.org\/2026\/caom2026\/wp-json\/wp\/v2\/types\/page"}],"author":[{"embeddable":true,"href":"https:\/\/www.doctaforum-events.org\/2026\/caom2026\/wp-json\/wp\/v2\/users\/3"}],"replies":[{"embeddable":true,"href":"https:\/\/www.doctaforum-events.org\/2026\/caom2026\/wp-json\/wp\/v2\/comments?post=1412"}],"version-history":[{"count":3,"href":"https:\/\/www.doctaforum-events.org\/2026\/caom2026\/wp-json\/wp\/v2\/pages\/1412\/revisions"}],"predecessor-version":[{"id":1494,"href":"https:\/\/www.doctaforum-events.org\/2026\/caom2026\/wp-json\/wp\/v2\/pages\/1412\/revisions\/1494"}],"wp:attachment":[{"href":"https:\/\/www.doctaforum-events.org\/2026\/caom2026\/wp-json\/wp\/v2\/media?parent=1412"}],"curies":[{"name":"wp","href":"https:\/\/api.w.org\/{rel}","templated":true}]}}