{"id":1406,"date":"2025-12-11T08:06:04","date_gmt":"2025-12-11T08:06:04","guid":{"rendered":"https:\/\/www.doctaforum-events.org\/2026\/caom2026\/?page_id=1406"},"modified":"2026-02-24T08:56:14","modified_gmt":"2026-02-24T08:56:14","slug":"miercoles-10-de-junio","status":"publish","type":"page","link":"https:\/\/www.doctaforum-events.org\/2026\/caom2026\/miercoles-10-de-junio\/","title":{"rendered":"Mi\u00e9rcoles, 10 de junio"},"content":{"rendered":"<p><!-- ========== MI\u00c9RCOLES 10 DE JUNIO ========== --><\/p>\n<div id=\"miercoles\" class=\"panel-group\">\n<div class=\"panel panel-default\">\n<div class=\"panel-heading\">\n<div class='panel_hour d-flex align-items-center'>\n<h4 class=\"panel-title\">11:30 &#8211; 11:45<\/h4>\n<\/p><\/div>\n<div class='title_panel col d-flex align-items-center'>\n<h4 class=\"panel-title\">Caf\u00e9 de Bienvenida<\/h4>\n<\/p><\/div>\n<\/p><\/div>\n<\/p><\/div>\n<div class=\"panel panel-default\">\n<div class=\"panel-heading\">\n<div class='panel_hour d-flex align-items-center'>\n<h4 class=\"panel-title\">11:45 &#8211; 12:30<\/h4>\n<\/p><\/div>\n<div class='title_panel col d-flex align-items-center'>\n<h4 class=\"panel-title\">Introducci\u00f3n y Bienvenida<\/h4>\n<\/p><\/div>\n<\/p><\/div>\n<\/p><\/div>\n<div class=\"panel panel-default\">\n<div class=\"panel-heading coloramarillo\">\n<div class='panel_hour d-flex align-items-center'>\n<h4 class=\"panel-title\">12:30 &#8211; 14:30<\/h4>\n<\/p><\/div>\n<div class='title_panel col d-flex align-items-center'>\n<h4 class=\"panel-title\">SESI\u00d3N 1 \u2014 C\u00c1NCER DE MAMA<\/h4>\n<\/p><\/div>\n<\/p><\/div>\n<div id=\"collapse-mie-1\" class=\"panel-collapse collapse in\">\n<table id=\"tablepress-8\" class=\"tablepress tablepress-id-8\">\n<tbody class=\"row-striping row-hover\">\n<tr class=\"row-1\">\n\t<td class=\"column-1\"><\/td><td class=\"column-2\"><span class=\"clase1\">Modera<\/span><br \/>\n<span class=\"clase2\">Dra. Eva Ciruelos<\/span><span class=\"clase3\">Hospital Univ. 12 de Octubre, Madrid<\/span><\/td>\n<\/tr>\n<tr class=\"row-2\">\n\t<td class=\"column-1\">12:30 - 12:50<\/td><td class=\"column-2\"><span class=\"clase1\">Situaci\u00f3n Actual del Tratamiento Adyuvante en C\u00e1ncer de Mama<\/span><br \/>\n<span class=\"clase2\">Dr. Tom\u00e1s Pascual, <\/span><span class=\"clase3\">Hospital Cl\u00ednic Barcelona<\/span><\/td>\n<\/tr>\n<tr class=\"row-3\">\n\t<td class=\"column-1\">13:00 - 13:20<\/td><td class=\"column-2\"><span class=\"clase1\">Neoadyuvancia en C\u00e1ncer de Mama<\/span><br \/>\n<span class=\"clase2\">Dra. Eva Ciruelos, <\/span><span class=\"clase3\">Hospital Univ. 12 de Octubre, Madrid<\/span><\/td>\n<\/tr>\n<tr class=\"row-4\">\n\t<td class=\"column-1\">13:30 - 13:50<\/td><td class=\"column-2\"><span class=\"clase1\">Estrategias Terap\u00e9uticas en la Enfermedad Metast\u00e1sica en C\u00e1ncer de Mama<\/span><br \/>\n<span class=\"clase2\">Dr. C\u00e9sar A. Rodr\u00edguez, <\/span><span class=\"clase3\">Hospital Univ. de Salamanca<\/span><\/td>\n<\/tr>\n<tr class=\"row-5\">\n\t<td class=\"column-1\">14:00 - 14:30<\/td><td class=\"column-2\"><span class=\"clase1\">Discusi\u00f3n de Casos Cl\u00ednicos<\/span><\/td>\n<\/tr>\n<\/tbody>\n<\/table>\n<!-- #tablepress-8 from cache --><\/div>\n<\/p><\/div>\n<div class=\"panel panel-default\">\n<div class=\"panel-heading breakColors\">\n<div class='panel_hour d-flex align-items-center'>\n<h4 class=\"panel-title\">14:30 &#8211; 16:00<\/h4>\n<\/p><\/div>\n<div class='title_panel col d-flex align-items-center'>\n<h4 class=\"panel-title\">Almuerzo<\/h4>\n<\/p><\/div>\n<\/p><\/div>\n<\/p><\/div>\n<div class=\"panel panel-default\">\n<div class=\"panel-heading coloramarillo\">\n<div class='panel_hour d-flex align-items-center'>\n<h4 class=\"panel-title\">16:00 &#8211; 18:55<\/h4>\n<\/p><\/div>\n<div class='title_panel col d-flex align-items-center'>\n<h4 class=\"panel-title\">SESI\u00d3N 2 \u2014 TUMORES UROL\u00d3GICOS<\/h4>\n<\/p><\/div>\n<\/p><\/div>\n<div id=\"collapse-mie-2\" class=\"panel-collapse collapse in\">\n<table id=\"tablepress-9\" class=\"tablepress tablepress-id-9\">\n<tbody class=\"row-striping row-hover\">\n<tr class=\"row-1\">\n\t<td class=\"column-1\"><\/td><td class=\"column-2\"><span class=\"clase1\">Modera<\/span><br \/>\n<span class=\"clase2\">Dr. Daniel Castellano, <\/span><span class=\"clase3\">Hospital Univ. 12 de Octubre, Madrid<\/span><\/td>\n<\/tr>\n<tr class=\"row-2\">\n\t<td class=\"column-1\">16:00 - 16:20<\/td><td class=\"column-2\"><span class=\"clase1\">C\u00e1ncer de Pr\u00f3stata Avanzado: Manejo de la enfermedad hormonosensible<\/span><br \/>\n<span class=\"clase2\">Dr. David Lorente, <\/span><span class=\"clase3\">Hospital Provincial de Castell\u00f3n<\/span><\/td>\n<\/tr>\n<tr class=\"row-3\">\n\t<td class=\"column-1\">16:20 - 16:40<\/td><td class=\"column-2\"><span class=\"clase1\">C\u00e1ncer de Pr\u00f3stata Avanzado: Manejo de la enfermedad resistente a la castraci\u00f3n<\/span><br \/>\n<span class=\"clase2\">Dr. Miguel \u00c1ngel Climent, <\/span><span class=\"clase3\">Instituto Valenciano de Oncolog\u00eda-IVO, Valencia<\/span><\/td>\n<\/tr>\n<tr class=\"row-4\">\n\t<td class=\"column-1\">16:40 - 16:55<\/td><td class=\"column-2\"><span class=\"clase1\">Discusi\u00f3n y preguntas<\/span><\/td>\n<\/tr>\n<tr class=\"row-5\">\n\t<td class=\"column-1\">16:55 - 17:10<\/td><td class=\"column-2\"><span class=\"clase1\">Discusi\u00f3n de Caso Cl\u00ednico<\/span><\/td>\n<\/tr>\n<tr class=\"row-6\">\n\t<td class=\"column-1\">17:10 - 17:30<\/td><td class=\"column-2\"><span class=\"clase1\">Tratamiento Actual del Carcinoma Renal<\/span><br \/>\n<span class=\"clase2\">Dr. Guillermo de Velasco, <\/span><span class=\"clase3\">Hospital Univ. 12 de Octubre, Madrid<\/span><\/td>\n<\/tr>\n<tr class=\"row-7\">\n\t<td class=\"column-1\">17:40 - 18:00<\/td><td class=\"column-2\"><span class=\"clase1\">Tratamiento del C\u00e1ncer de Vejiga<\/span><br \/>\n<span class=\"clase2\">Dra. Elena Sevillano, <\/span><span class=\"clase3\">Centro Integral Oncol\u00f3gico Clara Campal, Madrid<\/span><\/td>\n<\/tr>\n<tr class=\"row-8\">\n\t<td class=\"column-1\">18:10 - 18:30<\/td><td class=\"column-2\"><span class=\"clase1\">Tumores Germinales Testiculares<\/span><br \/>\n<span class=\"clase2\">Dr. Ignacio Dur\u00e1n, <\/span><span class=\"clase3\">Hospital Univ. Marqu\u00e9s de Valdecilla, Santander<\/span><\/td>\n<\/tr>\n<tr class=\"row-9\">\n\t<td class=\"column-1\">18:40 - 18:55<\/td><td class=\"column-2\"><span class=\"clase1\">Discusi\u00f3n de Caso Cl\u00ednico<\/span><\/td>\n<\/tr>\n<\/tbody>\n<\/table>\n<!-- #tablepress-9 from cache --><\/div>\n<\/p><\/div>\n<div class=\"panel panel-default\">\n<div class=\"panel-heading\">\n<div class='panel_hour d-flex align-items-center'>\n<h4 class=\"panel-title\">21:00<\/h4>\n<\/p><\/div>\n<div class='title_panel col d-flex align-items-center'>\n<h4 class=\"panel-title\">Cena<\/h4>\n<\/p><\/div>\n<\/p><\/div>\n<\/p><\/div>\n<\/div>\n","protected":false},"excerpt":{"rendered":"<p>11:30 &#8211; 11:45 Caf\u00e9 de Bienvenida 11:45 &#8211; 12:30 Introducci\u00f3n y Bienvenida 12:30 &#8211; 14:30 SESI\u00d3N 1 \u2014 C\u00c1NCER DE MAMA 14:30 &#8211; 16:00 Almuerzo 16:00 &#8211; 18:55 SESI\u00d3N 2 \u2014 TUMORES UROL\u00d3GICOS 21:00 Cena<\/p>\n","protected":false},"author":3,"featured_media":0,"parent":0,"menu_order":0,"comment_status":"closed","ping_status":"closed","template":"","meta":{"footnotes":""},"class_list":["post-1406","page","type-page","status-publish","hentry"],"_links":{"self":[{"href":"https:\/\/www.doctaforum-events.org\/2026\/caom2026\/wp-json\/wp\/v2\/pages\/1406","targetHints":{"allow":["GET"]}}],"collection":[{"href":"https:\/\/www.doctaforum-events.org\/2026\/caom2026\/wp-json\/wp\/v2\/pages"}],"about":[{"href":"https:\/\/www.doctaforum-events.org\/2026\/caom2026\/wp-json\/wp\/v2\/types\/page"}],"author":[{"embeddable":true,"href":"https:\/\/www.doctaforum-events.org\/2026\/caom2026\/wp-json\/wp\/v2\/users\/3"}],"replies":[{"embeddable":true,"href":"https:\/\/www.doctaforum-events.org\/2026\/caom2026\/wp-json\/wp\/v2\/comments?post=1406"}],"version-history":[{"count":3,"href":"https:\/\/www.doctaforum-events.org\/2026\/caom2026\/wp-json\/wp\/v2\/pages\/1406\/revisions"}],"predecessor-version":[{"id":1492,"href":"https:\/\/www.doctaforum-events.org\/2026\/caom2026\/wp-json\/wp\/v2\/pages\/1406\/revisions\/1492"}],"wp:attachment":[{"href":"https:\/\/www.doctaforum-events.org\/2026\/caom2026\/wp-json\/wp\/v2\/media?parent=1406"}],"curies":[{"name":"wp","href":"https:\/\/api.w.org\/{rel}","templated":true}]}}