{"id":424,"date":"2020-03-16T18:17:34","date_gmt":"2020-03-16T18:17:34","guid":{"rendered":"https:\/\/www.doctaforum-events.org\/2025\/translational-gecp2025\/?page_id=424"},"modified":"2025-07-01T07:05:35","modified_gmt":"2025-07-01T07:05:35","slug":"ver-programa","status":"publish","type":"page","link":"https:\/\/www.doctaforum-events.org\/2025\/translational-gecp2025\/ver-programa\/","title":{"rendered":"Ver Programa"},"content":{"rendered":"<p><!--&nbsp;\n\n&nbsp;\n\n&nbsp;\n\n&nbsp;\n\n&nbsp;\n\n\n<p style=\"text-align: center;\"><span style=\"font-size: 20pt; color: #5a7e88;\">Pr\u00f3ximamente<\/span><\/p>\n\n\n&nbsp;\n\n&nbsp;\n\n&nbsp;\n\n&nbsp;\n\n&nbsp;\n\n&nbsp;\n\n&nbsp;\n\n--><\/p>\n<div id=\"\" class=\"panel-group\">\n<div class=\"panel panel-default\">\n<div class=\"panel-heading\">\n<div class='panel_hour d-flex align-items-center'>\n<h4 class=\"panel-title \">10:30 &#8211; 10:45<\/h4>\n<\/div>\n<div class='title_panel col d-flex align-items-center'>\n<h4 class=\"panel-title\">Welcome<\/h4>\n<\/div>\n<\/div>\n<div id=\"collapse2\" class=\"panel-collapse collapse in\">\n<table id=\"tablepress-8\" class=\"tablepress tablepress-id-8\">\n<tbody class=\"row-striping row-hover\">\n<tr class=\"row-1\">\n\t<td class=\"column-1\"><\/td><td class=\"column-2\"><span class=\"clase1\">Dr. Mariano Provencio, <\/span><span class=\"clase3\">Hospital Univ. Puerta De Hierro, Majadahonda, Madrid<\/span><\/td>\n<\/tr>\n<\/tbody>\n<\/table>\n<!-- #tablepress-8 from cache --><\/div>\n<\/div>\n<div class=\"panel panel-default\">\n<div class=\"panel-heading coloramarillo\">\n<div class='panel_hour d-flex align-items-center'>\n<h4 class=\"panel-title \">10:45 &#8211; 13:50<\/h4>\n<\/div>\n<div class='title_panel col d-flex align-items-center'>\n<h4 class=\"panel-title\">SESSION I &#8211; MOLECULAR ANALYSIS IN GECP STUDIES: REVENTION, ADJUVANT AND PERIOPERATIVE<\/h4>\n<\/div>\n<\/div>\n<div id=\"collapse4\" class=\"panel-collapse collapse in\">\n<table id=\"tablepress-9\" class=\"tablepress tablepress-id-9\">\n<tbody class=\"row-striping row-hover\">\n<tr class=\"row-1\">\n\t<td class=\"column-1\"><span class\"clase3\">Chairs<\/span><\/td><td class=\"column-2\"><span class=\"clase2\">Dr. Jos\u00e9 Luis Gonz\u00e1lez Larriba, <\/span><span class=\"clase3\">Hospital Cl\u00ednico San Carlos, Madrid<\/span><br \/>\n<span class=\"clase2\">Dr. Mariano Provencio, <\/span><span class=\"clase3\">Hospital Univ. Puerta De Hierro, Majadahonda, Madrid<\/span><\/td>\n<\/tr>\n<tr class=\"row-2\">\n\t<td class=\"column-1\">10:45 - 10:55<\/td><td class=\"column-2\"><span class=\"clase1\">Residential radon and molecular alterations in non-small cell lung cancer<\/span><br \/>\n<span class=\"clase2\">Dr. Virginia Calvo, <\/span><span class=\"clase3\">Hospital Univ. Puerta De Hierro, Majadahonda, Madrid<\/span><\/td>\n<\/tr>\n<tr class=\"row-3\">\n\t<td class=\"column-1\">10:55 - 11:15<\/td><td class=\"column-2\"><span class=\"clase1\">NADIM adjuvant trial<\/span><br \/>\n<span class=\"clase2\">Dr. Bartomeu Massuti, <\/span><span class=\"clase3\">Hospital General Univ. Dr. Balmis, Alicante<\/span><\/td>\n<\/tr>\n<tr class=\"row-4\">\n\t<td class=\"column-1\">11:15 - 11:30<\/td><td class=\"column-2\"><span class=\"clase1\">Biomarker analysis of the NADIM adjuvant trial<\/span><br \/>\n<span class=\"clase2\">Dr. Alberto Cruz, <\/span><span class=\"clase3\">Hospital Univ. Puerta De Hierro, Majadahonda, Madrid<\/span><\/td>\n<\/tr>\n<tr class=\"row-5\">\n\t<td class=\"column-1\">11:30 - 11:45<\/td><td class=\"column-2\"><span class=\"clase1\">Tissue Matters: The envolving role of pathology in immunotherapy<\/span><br \/>\n<span class=\"clase2\">Dr. Ignacio Wistuba, <\/span><span class=\"clase3\">Moffit Cancer Center, Florida, USA<\/span><\/td>\n<\/tr>\n<tr class=\"row-6\">\n\t<td class=\"column-1\">11:45 - 11:55<\/td><td class=\"column-2\"><span class=\"clase1\">Predictive biomarkers for perioperative chemoimmunotherapy<\/span><br \/>\n<span class=\"clase2\">Dr. Alberto Cruz, <\/span><span class=\"clase3\">Hospital Univ. Puerta De Hierro, Majadahonda, Madrid<\/span><\/td>\n<\/tr>\n<tr class=\"row-7\">\n\t<td class=\"column-1\">11:55 - 12:05<\/td><td class=\"column-2\"><span class=\"clase1\">TCR repertoire as an emerging biomarker<\/span><br \/>\n<span class=\"clase2\">Dr. Cristina Mart\u00ednez-Toledo, <\/span><span class=\"clase3\">Hospital Univ. Puerta De Hierro, Majadahonda, Madrid<\/span><\/td>\n<\/tr>\n<tr class=\"row-8\">\n\t<td class=\"column-1\">12:05 - 12:20<\/td><td class=\"column-2\"><span class=\"clase1\">Role of neutrophil extracellular traps in tumor response to immunotherapy<\/span><br \/>\n<span class=\"clase2\">Dr. Muhammad Shazad, <\/span><span class=\"clase3\">McGill University, Montreal, Canada<\/span><\/td>\n<\/tr>\n<tr class=\"row-9\">\n\t<td class=\"column-1\">12:20 - 12:50<\/td><td class=\"column-2\"><span class=\"clase1\">Discussion<\/span><\/td>\n<\/tr>\n<tr class=\"row-10\">\n\t<td class=\"column-1\">12:50 - 13:10<\/td><td class=\"column-2\"><span class=\"clase1\">Profiling cell identity and tissue architecture with single-cell and spatial transcriptomics<\/span><br \/>\n<span class=\"clase2\">Dr. Linghua Wang, <\/span><span class=\"clase3\">University of Texas, MD Anderson Cancer Center in Houston, Texas, USA<\/span><\/td>\n<\/tr>\n<tr class=\"row-11\">\n\t<td class=\"column-1\">13:10 - 13:20<\/td><td class=\"column-2\"><span class=\"clase1\">Mapping resistance: uncovering altered tumor pathways through spatial transcriptomics<\/span><br \/>\n<span class=\"clase2\">Dr. Marta Molina, <\/span><span class=\"clase3\">Hospital Univ. Puerta De Hierro, Majadahonda, Madrid<\/span><\/td>\n<\/tr>\n<tr class=\"row-12\">\n\t<td class=\"column-1\">13:20 - 13:30<\/td><td class=\"column-2\"><span class=\"clase1\">Single-cell resolution of peripheral immune remodeling by neoadjuvant chemoimmunotherapy in lung cancer<\/span><br \/>\n<span class=\"clase2\">Dr. Juan Manuel Guti\u00e9rrez, <\/span><span class=\"clase3\">Hospital Univ. Puerta De Hierro, Majadahonda, Madrid<\/span><\/td>\n<\/tr>\n<tr class=\"row-13\">\n\t<td class=\"column-1\">13:30 - 13:50<\/td><td class=\"column-2\"><span class=\"clase1\">Discussion<\/span><\/td>\n<\/tr>\n<\/tbody>\n<\/table>\n<!-- #tablepress-9 from cache --><\/div>\n<\/div>\n<div class=\"panel panel-default\">\n<div class=\"panel-heading colorgris\">\n<div class='panel_hour d-flex align-items-center'>\n<h4 class=\"panel-title \">13:50 &#8211; 14:50<\/h4>\n<\/div>\n<div class='title_panel col d-flex align-items-center'>\n<h4 class=\"panel-title\">Lunch<\/h4>\n<\/div>\n<\/div>\n<\/div>\n<div class=\"panel panel-default\">\n<div class=\"panel-heading coloramarillo\">\n<div class='panel_hour d-flex align-items-center'>\n<h4 class=\"panel-title \">14:50 &#8211; 15:40<\/h4>\n<\/div>\n<div class='title_panel col d-flex align-items-center'>\n<h4 class=\"panel-title\">SESSION II &#8211; TUMOR MICROENVIROMENT<\/h4>\n<\/div>\n<\/div>\n<div id=\"collapse4\" class=\"panel-collapse collapse in\">\n<table id=\"tablepress-10\" class=\"tablepress tablepress-id-10\">\n<tbody class=\"row-striping row-hover\">\n<tr class=\"row-1\">\n\t<td class=\"column-1\"><span class=\"clase3\">Chairs<\/span><\/td><td class=\"column-2\"><span class=\"clase2\">Dr. Enric Carcereny, <\/span><span class=\"clase3\">ICO-Hospital Germans Trias i Pujol, Badalona, Barcelona<\/span><br \/>\n<span class=\"clase2\">Dr. Manuel D\u00f3mine, <\/span><span class=\"clase3\">Hospital Univ. Fundaci\u00f3n Jim\u00e9nez D\u00edaz, Madrid<\/span><\/td>\n<\/tr>\n<tr class=\"row-2\">\n\t<td class=\"column-1\">14:50 - 15:05<\/td><td class=\"column-2\"><span class=\"clase1\">BCR repertoire dynamics in tumor and blood reveal signatures of response to neoadjuvant chemoimmunotherapy<\/span><br \/>\n<span class=\"clase2\">Dr. Bel\u00e9n Sierra, <\/span><span class=\"clase3\">Hospital Univ. Puerta De Hierro, Majadahonda, Madrid<\/span><\/td>\n<\/tr>\n<tr class=\"row-3\">\n\t<td class=\"column-1\">15:05 - 15:15<\/td><td class=\"column-2\"><span class=\"clase1\">Neoadjuvant chemoimmunotherapy triggers TLS induction with distinct functional states in pathologic complete responders<\/span><br \/>\n<span class=\"clase2\">Dr. \u00c1ngeles Gil-Gonzalez, <\/span><span class=\"clase3\">Hospital Univ. Puerta De Hierro, Majadahonda, Madrid<\/span><\/td>\n<\/tr>\n<tr class=\"row-4\">\n\t<td class=\"column-1\">15:15 - 15:25<\/td><td class=\"column-2\"><span class=\"clase1\">Perioperative chemoimmunotherapy induces strong immune responses and long-term survival in patients with HLA class I-deficient non-small cell lung cancer<\/span><br \/>\n<span class=\"clase2\">Dr. Marta Molina, <\/span><span class=\"clase3\">Hospital Univ. Puerta De Hierro, Majadahonda, Madrid<\/span><\/td>\n<\/tr>\n<tr class=\"row-5\">\n\t<td class=\"column-1\">15:25 - 15:40<\/td><td class=\"column-2\"><span class=\"clase1\">Discussion<\/span><\/td>\n<\/tr>\n<\/tbody>\n<\/table>\n<!-- #tablepress-10 from cache --><\/div>\n<\/div>\n<div class=\"panel panel-default\">\n<div class=\"panel-heading coloramarillo\">\n<div class='panel_hour d-flex align-items-center'>\n<h4 class=\"panel-title \">15:40 &#8211; 16:55<\/h4>\n<\/div>\n<div class='title_panel col d-flex align-items-center'>\n<h4 class=\"panel-title\">SESSION III &#8211; MICROBIOME<\/h4>\n<\/div>\n<\/div>\n<div id=\"collapse6\" class=\"panel-collapse collapse in\">\n<table id=\"tablepress-11\" class=\"tablepress tablepress-id-11\">\n<tbody class=\"row-striping row-hover\">\n<tr class=\"row-1\">\n\t<td class=\"column-1\"><span class=\"clase3\">Chairs<\/span><\/td><td class=\"column-2\"><span class=\"clase2\">Dr. Paula Espinosa, <\/span><span class=\"clase3\">Hospital General Univ. de Valencia<\/span><br \/>\n<span class=\"clase2\">Dr. Rosario Garc\u00eda Campelo, <\/span><span class=\"clase3\">Hospital Univ. de la Coru\u00f1a<\/span><\/td>\n<\/tr>\n<tr class=\"row-2\">\n\t<td class=\"column-1\">15:40 - 16:00<\/td><td class=\"column-2\"><span class=\"clase1\">Beyond the tumor: The microbiome as a key player in immune modulation<\/span><br \/>\n<span class=\"clase2\">Dr. Lisa Derosa, <\/span><span class=\"clase3\">Institut Gustave Roussy, Paris, France<\/span><\/td>\n<\/tr>\n<tr class=\"row-3\">\n\t<td class=\"column-1\">16:00 - 16:10<\/td><td class=\"column-2\"><span class=\"clase1\">The Migrant trial<\/span><br \/>\n<span class=\"clase2\">Dr. Rosa del Campo, <\/span><span class=\"clase3\">Hospital Univ. Ram\u00f3n y Cajal, Madrid<\/span><\/td>\n<\/tr>\n<tr class=\"row-4\">\n\t<td class=\"column-1\">16:10 - 16:20<\/td><td class=\"column-2\"><span class=\"clase1\">Microbiome analysis in NADIM II trial<\/span><br \/>\n<span class=\"clase2\">Dr. Alejandro Rodr\u00edguez, <\/span><span class=\"clase3\">Hospital Univ. Puerta De Hierro, Majadahonda, Madrid<\/span><\/td>\n<\/tr>\n<tr class=\"row-5\">\n\t<td class=\"column-1\">16:20 - 16:30<\/td><td class=\"column-2\"><span class=\"clase1\">Metabolomic profiling reveals predictive biomarkers of response to perioperative chemoimmunotherapy in NSCLC<\/span><br \/>\n<span class=\"clase2\">Dr. Atocha Romero, <\/span><span class=\"clase3\">Hospital Univ. Puerta De Hierro, Majadahonda, Madrid<\/span><\/td>\n<\/tr>\n<tr class=\"row-6\">\n\t<td class=\"column-1\">16:30 - 16:40<\/td><td class=\"column-2\"><span class=\"clase1\">CUBIK trial biomarker study<\/span><br \/>\n<span class=\"clase2\">Dr. Luc\u00eda Robado de Lope, <\/span><span class=\"clase3\">Hospital Univ. Puerta De Hierro, Majadahonda, Madrid<\/span><\/td>\n<\/tr>\n<tr class=\"row-7\">\n\t<td class=\"column-1\">16:40 - 16:55<\/td><td class=\"column-2\"><span class=\"clase1\">Discussion<\/span><\/td>\n<\/tr>\n<\/tbody>\n<\/table>\n<!-- #tablepress-11 from cache --><\/div>\n<\/div>\n<div class=\"panel panel-default\">\n<div class=\"panel-heading colorgris\">\n<div class='panel_hour d-flex align-items-center'>\n<h4 class=\"panel-title \">16:55 &#8211; 17:25<\/h4>\n<\/div>\n<div class='title_panel col d-flex align-items-center'>\n<h4 class=\"panel-title\">Coffee break<\/h4>\n<\/div>\n<\/div>\n<\/div>\n<div class=\"panel panel-default\">\n<div class=\"panel-heading coloramarillo\">\n<div class='panel_hour d-flex align-items-center'>\n<h4 class=\"panel-title \">17:25 &#8211; 18:20<\/h4>\n<\/div>\n<div class='title_panel col d-flex align-items-center'>\n<h4 class=\"panel-title\">SESSION IV &#8211; ONGOING STUDY PROPOSALS WITH POSSIBLE COLLABORATION WITH GECP<\/h4>\n<\/div>\n<\/div>\n<div id=\"collapse6\" class=\"panel-collapse collapse in\">\n<table id=\"tablepress-12\" class=\"tablepress tablepress-id-12\">\n<tbody class=\"row-striping row-hover\">\n<tr class=\"row-1\">\n\t<td class=\"column-1\"><span class=\"clase3\">Chairs<\/span><\/td><td class=\"column-2\"><span class=\"clase2\">Dr. Florentino Hernando Trancho, <\/span><span class=\"clase3\">Hospital Cl\u00ednico San Carlos, Madrid<\/span><br \/>\n<span class=\"clase2\">Dr. Bartomeu Massuti, <\/span><span class=\"clase3\">Hospital General Univ. Dr. Balmis, Alicante<\/span><\/td>\n<\/tr>\n<tr class=\"row-2\">\n\t<td class=\"column-1\">17:25 - 17:35<\/td><td class=\"column-2\"><span class=\"clase1\">Immuno Lung<\/span><br \/>\n<span class=\"clase2\">Dr. Mar\u00eda Saigi, <\/span><span class=\"clase3\">ICO Badalona, Barcelona<\/span><\/td>\n<\/tr>\n<tr class=\"row-3\">\n\t<td class=\"column-1\">17:35 - 17:45<\/td><td class=\"column-2\"><span class=\"clase1\">Epigenetic signature<\/span><br \/>\n<span class=\"clase2\">Dr. Alejandro Olivares, <\/span><span class=\"clase3\">Hospital Cl\u00ednico Univ. de Salamanca<\/span><\/td>\n<\/tr>\n<tr class=\"row-4\">\n\t<td class=\"column-1\">17:45 - 17:55<\/td><td class=\"column-2\"><span class=\"clase1\">Investigation of the microbiota in relation to the response to immunotherapy in patients affected by advanced non-small cell lung cancer<\/span><br \/>\n<span class=\"clase2\">Dr. Juan Vicente Valor, <\/span><span class=\"clase3\">Hospital Cl\u00ednico San Carlos, Madrid<\/span><\/td>\n<\/tr>\n<tr class=\"row-5\">\n\t<td class=\"column-1\">17:55 - 18:05<\/td><td class=\"column-2\"><span class=\"clase1\">Exploring galectin-1 as a new therapeutic target in small cell lung cancer (SCLC)<\/span><br \/>\n<span class=\"clase2\">Dr. Arancha Cebri\u00e1n, <\/span><span class=\"clase3\">Hospital Univ. Fundaci\u00f3n Jim\u00e9nez D\u00edaz, Madrid<\/span><\/td>\n<\/tr>\n<tr class=\"row-6\">\n\t<td class=\"column-1\">18:05 - 18:20<\/td><td class=\"column-2\"><span class=\"clase1\">Discussion<\/span><\/td>\n<\/tr>\n<\/tbody>\n<\/table>\n<!-- #tablepress-12 from cache --><\/div>\n<\/div>\n<div class=\"panel panel-default\">\n<div class=\"panel-heading coloramarillo\">\n<div class='panel_hour d-flex align-items-center'>\n<h4 class=\"panel-title \">18:20 -18:40<\/h4>\n<\/div>\n<div class='title_panel col d-flex align-items-center'>\n<h4 class=\"panel-title\">SESSION V &#8211; PROFFERED POSTER<\/h4>\n<\/div>\n<\/div>\n<div id=\"collapse6\" class=\"panel-collapse collapse in\">\n<table id=\"tablepress-13\" class=\"tablepress tablepress-id-13\">\n<tbody class=\"row-striping row-hover\">\n<tr class=\"row-1\">\n\t<td class=\"column-1\"><\/td><td class=\"column-2\"><span class=\"clase1\">Poster review presenter: <\/span><br \/>\n<span class=\"clase2\">Dr. Manuel Cobo, <\/span><span class=\"clase3\">Hospital Regional Univ. de M\u00e1laga<\/span><\/td>\n<\/tr>\n<\/tbody>\n<\/table>\n<!-- #tablepress-13 from cache --><\/div>\n<\/div>\n<div class=\"panel panel-default\">\n<div class=\"panel-heading\">\n<div class='panel_hour d-flex align-items-center'>\n<h4 class=\"panel-title \">18:40<\/h4>\n<\/div>\n<div class='title_panel col d-flex align-items-center'>\n<h4 class=\"panel-title\">Closing remarks<\/h4>\n<\/div>\n<\/div>\n<div id=\"collapse2\" class=\"panel-collapse collapse in\">\n<table id=\"tablepress-8-no-2\" class=\"tablepress tablepress-id-8\">\n<tbody class=\"row-striping row-hover\">\n<tr class=\"row-1\">\n\t<td class=\"column-1\"><\/td><td class=\"column-2\"><span class=\"clase1\">Dr. Mariano Provencio, <\/span><span class=\"clase3\">Hospital Univ. Puerta De Hierro, Majadahonda, Madrid<\/span><\/td>\n<\/tr>\n<\/tbody>\n<\/table>\n<!-- #tablepress-8-no-2 from cache --><\/div>\n<\/div>\n<\/div>\n","protected":false},"excerpt":{"rendered":"<p>10:30 &#8211; 10:45 Welcome 10:45 &#8211; 13:50 SESSION I &#8211; MOLECULAR ANALYSIS IN GECP STUDIES: REVENTION, ADJUVANT AND PERIOPERATIVE 13:50 &#8211; 14:50 Lunch 14:50 &#8211; 15:40 SESSION II &#8211; TUMOR MICROENVIROMENT 15:40 &#8211; 16:55 SESSION III &#8211; MICROBIOME 16:55 &#8211; 17:25 Coffee break 17:25 &#8211; 18:20 SESSION IV &#8211; ONGOING STUDY PROPOSALS WITH POSSIBLE COLLABORATION [&hellip;]<\/p>\n","protected":false},"author":1,"featured_media":0,"parent":0,"menu_order":0,"comment_status":"closed","ping_status":"closed","template":"","meta":{"footnotes":""},"class_list":["post-424","page","type-page","status-publish","hentry"],"_links":{"self":[{"href":"https:\/\/www.doctaforum-events.org\/2025\/translational-gecp2025\/wp-json\/wp\/v2\/pages\/424","targetHints":{"allow":["GET"]}}],"collection":[{"href":"https:\/\/www.doctaforum-events.org\/2025\/translational-gecp2025\/wp-json\/wp\/v2\/pages"}],"about":[{"href":"https:\/\/www.doctaforum-events.org\/2025\/translational-gecp2025\/wp-json\/wp\/v2\/types\/page"}],"author":[{"embeddable":true,"href":"https:\/\/www.doctaforum-events.org\/2025\/translational-gecp2025\/wp-json\/wp\/v2\/users\/1"}],"replies":[{"embeddable":true,"href":"https:\/\/www.doctaforum-events.org\/2025\/translational-gecp2025\/wp-json\/wp\/v2\/comments?post=424"}],"version-history":[{"count":85,"href":"https:\/\/www.doctaforum-events.org\/2025\/translational-gecp2025\/wp-json\/wp\/v2\/pages\/424\/revisions"}],"predecessor-version":[{"id":1453,"href":"https:\/\/www.doctaforum-events.org\/2025\/translational-gecp2025\/wp-json\/wp\/v2\/pages\/424\/revisions\/1453"}],"wp:attachment":[{"href":"https:\/\/www.doctaforum-events.org\/2025\/translational-gecp2025\/wp-json\/wp\/v2\/media?parent=424"}],"curies":[{"name":"wp","href":"https:\/\/api.w.org\/{rel}","templated":true}]}}