{"id":264,"date":"2020-02-09T14:27:05","date_gmt":"2020-02-09T14:27:05","guid":{"rendered":"http:\/\/demo.themetim.com\/bring-back\/?page_id=264"},"modified":"2025-07-03T08:00:28","modified_gmt":"2025-07-03T08:00:28","slug":"informacion-general","status":"publish","type":"page","link":"https:\/\/www.doctaforum-events.org\/2025\/translational-gecp2025\/informacion-general\/","title":{"rendered":"Informaci\u00f3n General"},"content":{"rendered":"<p><!--&nbsp;\n\n&nbsp;\n\n&nbsp;\n\n&nbsp;\n\n&nbsp;\n\n\n<p style=\"text-align: center;\"><span style=\"display: inline-block; width: 0px; overflow: hidden; line-height: 0;\" data-mce-type=\"bookmark\" class=\"mce_SELRES_start\"><\/span><span style=\"font-size: 20pt; color: #5a7e88;\">Pr\u00f3ximamente<\/span><\/p>\n\n\n&nbsp;\n\n&nbsp;\n\n&nbsp;\n\n&nbsp;\n\n&nbsp;\n\n&nbsp;\n\n&nbsp;\n\n--><\/p>\n<div class=\"col-lg-12\">\n<p><span style=\"text-decoration: underline;\"><span class=\"clase1\">Organizado por:<\/span><\/span><\/p>\n<p><img loading=\"lazy\" decoding=\"async\" class=\"alignnone size-full wp-image-1390\" src=\"https:\/\/www.doctaforum-events.org\/2025\/translational-gecp2025\/wp-content\/uploads\/2025\/06\/gecp.webp\" alt=\"\" width=\"158\" height=\"133\" \/><\/p>\n<p>&nbsp;<\/p>\n<\/div>\n<div class=\"col-lg-12\">\n<p><span style=\"text-decoration: underline;\"><span class=\"clase1\">Comit\u00e9 organizador:<\/span><\/span><\/p>\n<p><span class=\"clase3\">Junta Directiva GECP <\/span><\/p>\n<\/div>\n<div class=\"col-lg-12\">\n<p><span style=\"text-decoration: underline;\"> <span class=\"clase1\">Sede:<\/span> <\/span><\/p>\n<p><span class=\"clase2\">Ilustre Colegio Oficial de M\u00e9dicos de Madrid (ICOMEM)<\/span><br \/>\n<span class=\"clase4\">C. de Sta. Isabel, 51, Centro<\/span><br \/>\n<span class=\"clase4\">28012 Madrid<\/span><\/p>\n<\/div>\n<div class=\"col-lg-12 col-md-12 col-sm-12\">\n<p><iframe loading=\"lazy\" style=\"border: 0;\" src=\"https:\/\/www.google.com\/maps\/embed?pb=!1m18!1m12!1m3!1d3037.972346197725!2d-3.6952094000000004!3d40.40946339999999!2m3!1f0!2f0!3f0!3m2!1i1024!2i768!4f13.1!3m3!1m2!1s0xd422629207147c9%3A0x1df95f97a188e5ba!2sIlustre%20Colegio%20Oficial%20de%20M%C3%A9dicos%20de%20Madrid%20(ICOMEM)!5e0!3m2!1ses-419!2ses!4v1749556154348!5m2!1ses-419!2ses\" width=\"100%\" height=\"450\" allowfullscreen=\"allowfullscreen\"><\/iframe><\/p>\n<\/div>\n<div class=\"col-lg-12\">\n<p><span style=\"text-decoration: underline;\"><span class=\"clase1\">Con los avales cient\u00edficos:<\/span><\/span><\/p>\n<div class=\"colaboradores\"><img loading=\"lazy\" decoding=\"async\" class=\"alignnone wp-image-1421\" src=\"https:\/\/www.doctaforum-events.org\/2025\/translational-gecp2025\/wp-content\/uploads\/2025\/06\/Aseica.webp\" alt=\"\" width=\"153\" height=\"58\" \/><img loading=\"lazy\" decoding=\"async\" class=\"alignnone wp-image-1459 \" src=\"https:\/\/www.doctaforum-events.org\/2025\/translational-gecp2025\/wp-content\/uploads\/2025\/07\/SEOM.webp\" alt=\"\" width=\"117\" height=\"111\" \/><\/div>\n<\/div>\n","protected":false},"excerpt":{"rendered":"<p>Organizado por: &nbsp; Comit\u00e9 organizador: Junta Directiva GECP Sede: Ilustre Colegio Oficial de M\u00e9dicos de Madrid (ICOMEM) C. de Sta. Isabel, 51, Centro 28012 Madrid Con los avales cient\u00edficos:<\/p>\n","protected":false},"author":1,"featured_media":0,"parent":0,"menu_order":0,"comment_status":"closed","ping_status":"closed","template":"","meta":{"footnotes":""},"class_list":["post-264","page","type-page","status-publish","hentry"],"_links":{"self":[{"href":"https:\/\/www.doctaforum-events.org\/2025\/translational-gecp2025\/wp-json\/wp\/v2\/pages\/264","targetHints":{"allow":["GET"]}}],"collection":[{"href":"https:\/\/www.doctaforum-events.org\/2025\/translational-gecp2025\/wp-json\/wp\/v2\/pages"}],"about":[{"href":"https:\/\/www.doctaforum-events.org\/2025\/translational-gecp2025\/wp-json\/wp\/v2\/types\/page"}],"author":[{"embeddable":true,"href":"https:\/\/www.doctaforum-events.org\/2025\/translational-gecp2025\/wp-json\/wp\/v2\/users\/1"}],"replies":[{"embeddable":true,"href":"https:\/\/www.doctaforum-events.org\/2025\/translational-gecp2025\/wp-json\/wp\/v2\/comments?post=264"}],"version-history":[{"count":134,"href":"https:\/\/www.doctaforum-events.org\/2025\/translational-gecp2025\/wp-json\/wp\/v2\/pages\/264\/revisions"}],"predecessor-version":[{"id":1464,"href":"https:\/\/www.doctaforum-events.org\/2025\/translational-gecp2025\/wp-json\/wp\/v2\/pages\/264\/revisions\/1464"}],"wp:attachment":[{"href":"https:\/\/www.doctaforum-events.org\/2025\/translational-gecp2025\/wp-json\/wp\/v2\/media?parent=264"}],"curies":[{"name":"wp","href":"https:\/\/api.w.org\/{rel}","templated":true}]}}