{"id":2,"date":"2020-03-09T12:55:45","date_gmt":"2020-03-09T12:55:45","guid":{"rendered":"https:\/\/www.doctaforum-events.org\/2025\/translational-gecp2025\/?page_id=2"},"modified":"2025-06-17T10:15:20","modified_gmt":"2025-06-17T10:15:20","slug":"presentacion","status":"publish","type":"page","link":"https:\/\/www.doctaforum-events.org\/2025\/translational-gecp2025\/presentacion\/","title":{"rendered":"Presentaci\u00f3n"},"content":{"rendered":"<p><!--<span style=\"display: inline-block; width: 0px; overflow: hidden; line-height: 0;\" data-mce-type=\"bookmark\" class=\"mce_SELRES_start\"><span style=\"display: inline-block; width: 0px; overflow: hidden; line-height: 0;\" data-mce-type=\"bookmark\" class=\"mce_SELRES_start\"><\/span><span style=\"display: inline-block; width: 0px; overflow: hidden; line-height: 0;\" data-mce-type=\"bookmark\" class=\"mce_SELRES_start\"><\/span><span style=\"display: inline-block; width: 0px; overflow: hidden; line-height: 0;\" data-mce-type=\"bookmark\" class=\"mce_SELRES_start\"><\/span><\/span><span style=\"display: inline-block; width: 0px; overflow: hidden; line-height: 0;\" data-mce-type=\"bookmark\" class=\"mce_SELRES_start\"><\/span>&nbsp;\n\n&nbsp;\n\n&nbsp;\n\n&nbsp;\n\n&nbsp;\n\n\n<p style=\"text-align: center;\"><span style=\"font-size: 20pt; color: #5A7E88;\">Pr\u00f3ximamente<\/span><\/p>\n\n\n&nbsp;\n\n&nbsp;\n\n&nbsp;\n\n&nbsp;\n\n&nbsp;\n\n&nbsp;\n\n&nbsp;\n\n--><\/p>\n<p>&nbsp;<\/p>\n<p class=\"x_MsoNormal clase4\"><span data-olk-copy-source=\"MessageBody\">Te damos la bienvenida al primer\u00a0<b>GECP Symposium on Translational Research in Lung Cancer<\/b>, organizado por el Grupo Espa\u00f1ol de C\u00e1ncer de Pulm\u00f3n (GECP) que se celebrar\u00e1 en Madrid el pr\u00f3ximo martes 8 de julio en la sede del\u00a0<b>Ilustre Colegio Oficial de M\u00e9dicos de Madrid (ICOMEM)<\/b>.<\/span><\/p>\n<p class=\"x_MsoNormal\">Este simposio est\u00e1 dirigido a investigadores y cl\u00ednicos implicados en el tratamiento del c\u00e1ncer de pulm\u00f3n y tiene como objetivo principal fomentar el intercambio de conocimientos y avances en el \u00e1mbito de la investigaci\u00f3n traslacional. Durante la jornada, se desgranar\u00e1n los principales estudios impulsados por el GECP, ofreciendo una visi\u00f3n detallada de su impacto en el abordaje de la enfermedad.<\/p>\n<p class=\"x_MsoNormal clase4\"><span data-olk-copy-source=\"MessageBody\">Contaremos con ponencias de expertos nacionales e internacionales que abordar\u00e1n temas clave como:<\/span><\/p>\n<ul type=\"disc\">\n<li class=\"x_MsoNormal clase4\">An\u00e1lisis moleculares en estudios GECP<\/li>\n<li class=\"x_MsoNormal clase4\">Inmunobiolog\u00eda e inmunoterapia<\/li>\n<li class=\"x_MsoNormal clase4\">Microbioma e inmunomodulaci\u00f3n<\/li>\n<li class=\"x_MsoNormal clase4\">Nuevas l\u00edneas de colaboraci\u00f3n e investigaci\u00f3n<\/li>\n<\/ul>\n<p class=\"x_MsoNormal clase4\"><span data-olk-copy-source=\"MessageBody\">Adem\u00e1s, el Simposio contar\u00e1 con un espacio dedicado a la presentaci\u00f3n de posters sobre las \u00faltimas l\u00edneas de investigaci\u00f3n en la patolog\u00eda.<\/span><\/p>\n<p class=\"x_MsoNormal clase4\"><span data-olk-copy-source=\"MessageBody\">Esperamos que el programa cient\u00edfico resulte de tu inter\u00e9s y que este Simposio sea una oportunidad valiosa para el aprendizaje y la colaboraci\u00f3n entre profesionales dedicados a la investigaci\u00f3n en c\u00e1ncer de pulm\u00f3n.<\/span><\/p>\n<p>Atentamente,<br \/>\nJunta Directiva GECP<\/p>\n<p>&nbsp;<\/p>\n<p>&nbsp;<\/p>\n<p>&nbsp;<\/p>\n<p>&nbsp;<\/p>\n<p>&nbsp;<\/p>\n","protected":false},"excerpt":{"rendered":"<p>&nbsp; Te damos la bienvenida al primer\u00a0GECP Symposium on Translational Research in Lung Cancer, organizado por el Grupo Espa\u00f1ol de C\u00e1ncer de Pulm\u00f3n (GECP) que se celebrar\u00e1 en Madrid el pr\u00f3ximo martes 8 de julio en la sede del\u00a0Ilustre Colegio Oficial de M\u00e9dicos de Madrid (ICOMEM). Este simposio est\u00e1 dirigido a investigadores y cl\u00ednicos implicados [&hellip;]<\/p>\n","protected":false},"author":1,"featured_media":0,"parent":0,"menu_order":0,"comment_status":"closed","ping_status":"open","template":"","meta":{"footnotes":""},"class_list":["post-2","page","type-page","status-publish","hentry"],"_links":{"self":[{"href":"https:\/\/www.doctaforum-events.org\/2025\/translational-gecp2025\/wp-json\/wp\/v2\/pages\/2","targetHints":{"allow":["GET"]}}],"collection":[{"href":"https:\/\/www.doctaforum-events.org\/2025\/translational-gecp2025\/wp-json\/wp\/v2\/pages"}],"about":[{"href":"https:\/\/www.doctaforum-events.org\/2025\/translational-gecp2025\/wp-json\/wp\/v2\/types\/page"}],"author":[{"embeddable":true,"href":"https:\/\/www.doctaforum-events.org\/2025\/translational-gecp2025\/wp-json\/wp\/v2\/users\/1"}],"replies":[{"embeddable":true,"href":"https:\/\/www.doctaforum-events.org\/2025\/translational-gecp2025\/wp-json\/wp\/v2\/comments?post=2"}],"version-history":[{"count":58,"href":"https:\/\/www.doctaforum-events.org\/2025\/translational-gecp2025\/wp-json\/wp\/v2\/pages\/2\/revisions"}],"predecessor-version":[{"id":1444,"href":"https:\/\/www.doctaforum-events.org\/2025\/translational-gecp2025\/wp-json\/wp\/v2\/pages\/2\/revisions\/1444"}],"wp:attachment":[{"href":"https:\/\/www.doctaforum-events.org\/2025\/translational-gecp2025\/wp-json\/wp\/v2\/media?parent=2"}],"curies":[{"name":"wp","href":"https:\/\/api.w.org\/{rel}","templated":true}]}}