{"id":424,"date":"2020-03-16T18:17:34","date_gmt":"2020-03-16T18:17:34","guid":{"rendered":"https:\/\/www.doctaforum-events.org\/2025\/simposiogeico2025\/?page_id=424"},"modified":"2025-11-20T15:17:07","modified_gmt":"2025-11-20T15:17:07","slug":"jueves-27-de-noviembre","status":"publish","type":"page","link":"https:\/\/www.doctaforum-events.org\/2025\/simposiogeico2025\/jueves-27-de-noviembre\/","title":{"rendered":"JUEVES, 27 DE NOVIEMBRE"},"content":{"rendered":"<p><!--<span style=\"display: inline-block; width: 0px; overflow: hidden; line-height: 0;\" data-mce-type=\"bookmark\" class=\"mce_SELRES_start\"><\/span><span style=\"display: inline-block; width: 0px; overflow: hidden; line-height: 0;\" data-mce-type=\"bookmark\" class=\"mce_SELRES_start\"><\/span>&nbsp;\n&nbsp;\n\n&nbsp;\n\n&nbsp;\n\n&nbsp;\n\n\n<p style=\"text-align: center;\"><span style=\"font-size: 20pt;\">PR\u00d3XIMAMENTE<\/span><\/p>\n\n\n&nbsp;\n\n&nbsp;\n\n&nbsp;\n\n&nbsp;\n\n&nbsp;\n\n&nbsp;\n\n&nbsp;\n--><\/p>\n<div id=\"\" class=\"panel-group\">\n<div class=\"panel panel-default\">\n<div class=\"panel-heading\"  style=\"background: #62a5bb\">\n<div class='panel_hour d-flex align-items-center'>\n<h4 class=\"panel-title \">11:15 &#8211; 11:20<\/h4>\n<\/p><\/div>\n<div class='title_panel col d-flex align-items-center'>\n<h4 class=\"panel-title\">Bienvenida<\/h4>\n<\/p><\/div>\n<\/div>\n<div id=\"collapse2\" class=\"panel-collapse collapse in\">\n<table id=\"tablepress-8\" class=\"tablepress tablepress-id-8\">\n<tbody class=\"row-striping row-hover\">\n<tr class=\"row-1\">\n\t<td class=\"column-1\"><\/td><td class=\"column-2\"><span class=\"clase1\">Dr. Antonio Gonz\u00e1lez <\/span><br \/>\n<span class=\"clase3\">Cl\u00ednica Universidad de Navarra, Madrid<\/span><\/td>\n<\/tr>\n<\/tbody>\n<\/table>\n<!-- #tablepress-8 from cache --><\/div>\n<\/div>\n<div class=\"panel panel-default\">\n<div class=\"panel-heading coloramarillo\">\n<div class='panel_hour d-flex align-items-center'>\n<h4 class=\"panel-title \">11:20 &#8211; 12:45<\/h4>\n<\/p><\/div>\n<div class='title_panel col d-flex align-items-center'>\n<h4 class=\"panel-title\">MESA 1 LO MEJOR DEL A\u00d1O EN TUMORES GINECOL\u00d3GICOS<\/h4>\n<\/p><\/div>\n<\/div>\n<div id=\"collapse4\" class=\"panel-collapse collapse in\">\n<table id=\"tablepress-9\" class=\"tablepress tablepress-id-9\">\n<tbody class=\"row-striping row-hover\">\n<tr class=\"row-1\">\n\t<td class=\"column-1\">11:20 - 11:25<br \/>\n<span class=\"clase3\">Moderadoras<\/span><\/td><td class=\"column-2\"><span class=\"clase1\">Presentaci\u00f3n de la mesa<\/span><br \/>\n<br \/>\n<span class=\"clase2\">Dra. M\u00aa Jes\u00fas Rubio<\/span><br \/>\n<span class=\"clase3\">Hospital Univ. Reina Sof\u00eda, C\u00f3rdoba<\/span><br \/>\n<br \/>\n<span class=\"clase2\">Dra. Marta Gil<\/span><br \/>\n<span class=\"clase3\">ICO Hospitalet - Hospital Duran i Reynals, Barcelona<\/span><\/td>\n<\/tr>\n<tr class=\"row-2\">\n\t<td class=\"column-1\">11:25 - 11:45<\/td><td class=\"column-2\"><span class=\"clase1\">Lo mejor del a\u00f1o en Ovario<\/span><br \/>\n<br \/>\n<span class=\"clase2\">Dr. Avinash Ramchandani<\/span><br \/>\n<span class=\"clase3\">Hospital Univ. Insular de Gran Canaria, Las Palmas<\/span><\/td>\n<\/tr>\n<tr class=\"row-3\">\n\t<td class=\"column-1\">11:45 - 12:05<\/td><td class=\"column-2\"><span class=\"clase1\">Lo mejor del a\u00f1o en Endometrio<\/span><br \/>\n<br \/>\n<span class=\"clase2\">Dra. Ainhoa Madariaga<\/span><br \/>\n<span class=\"clase3\">Hospital Univ. 12 de Octubre, Madrid<\/span><\/td>\n<\/tr>\n<tr class=\"row-4\">\n\t<td class=\"column-1\">12:05 - 12:25<\/td><td class=\"column-2\"><span class=\"clase1\">Lo mejor del a\u00f1o en C\u00e9rvix<\/span><br \/>\n<br \/>\n<span class=\"clase2\">Dra. M\u00aa Jos\u00e9 Bermejo<\/span><br \/>\n<span class=\"clase3\">Hospital Univ. Virgen de la Victoria, M\u00e1laga<\/span><\/td>\n<\/tr>\n<tr class=\"row-5\">\n\t<td class=\"column-1\">12:25 - 12:45<\/td><td class=\"column-2\"><span class=\"clase1\">Discusi\u00f3n<\/span><\/td>\n<\/tr>\n<\/tbody>\n<\/table>\n<!-- #tablepress-9 from cache --><\/div>\n<\/div>\n<div class=\"panel panel-default\">\n<div class=\"panel-heading coloramarillo\">\n<div class='panel_hour d-flex align-items-center'>\n<h4 class=\"panel-title \">12:45 &#8211; 14:05<\/h4>\n<\/p><\/div>\n<div class='title_panel col d-flex align-items-center'>\n<h4 class=\"panel-title\">MESA 2 LA PACIENTE CON C\u00c1NCER DE ENDOMETRIO: RETOS CL\u00cdNICOS<\/h4>\n<\/p><\/div>\n<\/div>\n<div id=\"collapse4\" class=\"panel-collapse collapse in\">\n<table id=\"tablepress-10\" class=\"tablepress tablepress-id-10\">\n<tbody class=\"row-striping row-hover\">\n<tr class=\"row-1\">\n\t<td class=\"column-1\">12:45 - 12:50<br \/>\n<span class=\"clase3\">Moderador<\/span><\/td><td class=\"column-2\"><span class=\"clase1\">Presentaci\u00f3n de la mesa<\/span><br \/>\n<br \/>\n<span class=\"clase2\">Dr. Antonio Gonz\u00e1lez<\/span><br \/>\n<span class=\"clase3\">Cl\u00ednica Universidad de Navarra, Madrid<\/span><\/td>\n<\/tr>\n<tr class=\"row-2\">\n\t<td class=\"column-1\">12:50 - 13:10<\/td><td class=\"column-2\"><span class=\"clase1\">Situaci\u00f3n 1 + debate<\/span><\/td>\n<\/tr>\n<tr class=\"row-3\">\n\t<td class=\"column-1\">13:10 - 13:30<\/td><td class=\"column-2\"><span class=\"clase1\">Situaci\u00f3n 2 + debate<\/span><\/td>\n<\/tr>\n<tr class=\"row-4\">\n\t<td class=\"column-1\">13:30 - 13:50<\/td><td class=\"column-2\"><span class=\"clase1\">Situaci\u00f3n 3 + debate<\/span><br \/>\n<br \/>\n<span class=\"clase2\">Dr. Pablo Andreu<\/span><br \/>\n<span class=\"clase3\">Hospital Univ. Parc Taul\u00ed, Sabadell<\/span><\/td>\n<\/tr>\n<tr class=\"row-5\">\n\t<td class=\"column-1\">13:50 - 14:05<\/td><td class=\"column-2\"><span class=\"clase1\">Discusi\u00f3n<\/span><br \/>\n<br \/>\n<span class=\"clase2\">Dr. Andr\u00e9s Redondo. <\/span><br \/>\n<span class=\"clase3\">Hospital Univ. La Paz, Madrid<\/span><br \/>\n<br \/>\n<br \/>\n<span class=\"clase2\">Dra. Dina Najjari<\/span><br \/>\n<span class=\"clase3\">ICO Hospitalet - Hospital Duran i Reynals, Barcelona<\/span><br \/>\n<br \/>\n<br \/>\n<span class=\"clase2\">Dr. Xavier Matias-Guiu<\/span><br \/>\n<span class=\"clase3\">Hospital Univ. Arnau de Vilanova, Lleida<\/span><\/td>\n<\/tr>\n<\/tbody>\n<\/table>\n<!-- #tablepress-10 from cache --><\/div>\n<\/div>\n<div class=\"panel panel-default\">\n<div class=\"panel-heading\" style=\"background: #62a5bb\">\n<div class='panel_hour d-flex align-items-center'>\n<h4 class=\"panel-title \">14:05 &#8211; 14:15<\/h4>\n<\/p><\/div>\n<div class='title_panel col d-flex align-items-center'>\n<h4 class=\"panel-title\">Entrega Becas GEICO<\/h4>\n<\/p><\/div>\n<\/div>\n<\/div>\n<div class=\"panel panel-default\">\n<div class=\"panel-heading breakColors\">\n<div class='panel_hour d-flex align-items-center'>\n<h4 class=\"panel-title \">14:15 &#8211; 15:05<\/h4>\n<\/p><\/div>\n<div class='title_panel col d-flex align-items-center'>\n<h4 class=\"panel-title\">Comida<\/h4>\n<\/p><\/div>\n<\/div>\n<\/div>\n<div class=\"panel panel-default\">\n<div class=\"panel-heading coloramarillo\">\n<div class='panel_hour d-flex align-items-center'>\n<h4 class=\"panel-title \">15:05 &#8211; 16:25<\/h4>\n<\/p><\/div>\n<div class='title_panel col d-flex align-items-center'>\n<h4 class=\"panel-title\">MESA 3 TEMAS DE ACTUALIDAD EN C\u00c1NCER GINECOL\u00d3GICO<\/h4>\n<\/p><\/div>\n<\/div>\n<div id=\"collapse6\" class=\"panel-collapse collapse in\">\n<table id=\"tablepress-11\" class=\"tablepress tablepress-id-11\">\n<tbody class=\"row-striping row-hover\">\n<tr class=\"row-1\">\n\t<td class=\"column-1\">15:05 - 15:10<br \/>\n<span class=\"clase3\">Moderadoras<\/span><\/td><td class=\"column-2\"><span class=\"clase1\">Presentaci\u00f3n de la mesa<\/span><br \/>\n<br \/>\n<span class=\"clase2\">Dra. Mar\u00eda Quind\u00f3s<\/span><br \/>\n<span class=\"clase3\">Complejo Hospitalario Univ. A Coru\u00f1a<\/span><br \/>\n<br \/>\n<span class=\"clase2\">Dra. Yolanda Garc\u00eda<\/span><br \/>\n<span class=\"clase3\">Hospital Univ. de \u00c1lava - Txagorritxu, Vitoria-Gasteiz<\/span><\/td>\n<\/tr>\n<tr class=\"row-2\">\n\t<td class=\"column-1\">15:10 - 15:25<\/td><td class=\"column-2\"><span class=\"clase1\">Inmunoterapia en c\u00e1ncer de ovario<\/span><br \/>\n<br \/>\n<span class=\"clase2\">Dra. Lorena Fari\u00f1as<\/span><br \/>\n<span class=\"clase3\">Hospital Univ. Vall d'Hebron, Barcelona<\/span><\/td>\n<\/tr>\n<tr class=\"row-3\">\n\t<td class=\"column-1\">15:25 - 15:40<\/td><td class=\"column-2\"><span class=\"clase1\">Lectura cr\u00edtica de EECC<\/span><br \/>\n<br \/>\n<span class=\"clase2\">Sr. Guillermo Villacampa<\/span><br \/>\n<span class=\"clase3\">Hospital Univ. Vall d'Hebron, Barcelona<\/span><\/td>\n<\/tr>\n<tr class=\"row-4\">\n\t<td class=\"column-1\">15:40 - 15:55<\/td><td class=\"column-2\"><span class=\"clase1\">C\u00e1ncer de ovario platino - Refractario<\/span><br \/>\n<br \/>\n<span class=\"clase2\">Dra. Purificaci\u00f3n Est\u00e9vez<\/span><br \/>\n<span class=\"clase3\">Hospital Univ. Virgen Del Roc\u00edo, Sevilla<\/span><\/td>\n<\/tr>\n<tr class=\"row-5\">\n\t<td class=\"column-1\">15:55 - 16:10<\/td><td class=\"column-2\"><span class=\"clase1\">ADCs: Manejo de toxicidades espec\u00edficas<\/span><br \/>\n<br \/>\n<span class=\"clase2\">Dra. Lydia Gaba<\/span><br \/>\n<span class=\"clase3\">Hospital Cl\u00ednic de Barcelona<\/span><\/td>\n<\/tr>\n<tr class=\"row-6\">\n\t<td class=\"column-1\">16:10 - 16:25<\/td><td class=\"column-2\"><span class=\"clase1\">Discusi\u00f3n<\/span><\/td>\n<\/tr>\n<\/tbody>\n<\/table>\n<!-- #tablepress-11 from cache --><\/div>\n<\/div>\n<div class=\"panel panel-default\">\n<div class=\"panel-heading coloramarillo\">\n<div class='panel_hour d-flex align-items-center'>\n<h4 class=\"panel-title \">16:25 &#8211; 17:30<\/h4>\n<\/p><\/div>\n<div class='title_panel col d-flex align-items-center'>\n<h4 class=\"panel-title\">MESA 4 CALIDAD DE VIDA: FERTILIDAD Y SEXUALIDAD<\/h4>\n<\/p><\/div>\n<\/div>\n<div id=\"collapse6\" class=\"panel-collapse collapse in\">\n<table id=\"tablepress-12\" class=\"tablepress tablepress-id-12\">\n<tbody class=\"row-striping row-hover\">\n<tr class=\"row-1\">\n\t<td class=\"column-1\">16:25 - 16:30<br \/>\n<span class=\"clase3\">Moderadora<\/span><\/td><td class=\"column-2\"><span class=\"clase1\">Presentaci\u00f3n de la mesa<\/span><br \/>\n<br \/>\n<span class=\"clase2\">Dra. Eva Mar\u00eda Guerra<\/span><br \/>\n<span class=\"clase3\">Hospital Univ. Ram\u00f3n y Cajal, Madrid<\/span><\/td>\n<\/tr>\n<tr class=\"row-2\">\n\t<td class=\"column-1\">16:30 - 16:50<\/td><td class=\"column-2\"><span class=\"clase1\">Introducci\u00f3n al tema<\/span><br \/>\n<br \/>\n<span class=\"clase2\">Dra. Blanca Gil-Ib\u00e1\u00f1ez<\/span><br \/>\n<span class=\"clase3\">Hospital Univ. 12 de Octubre, Madrid<\/span><br \/>\n<br \/>\n<span class=\"clase1\">Discusi\u00f3n<\/span><\/td>\n<\/tr>\n<tr class=\"row-3\">\n\t<td class=\"column-1\">16:50 - 17:10<\/td><td class=\"column-2\"><span class=\"clase1\">Debate sobre Fertilidad y Sexualidad<\/span><br \/>\n<br \/>\n<span class=\"clase2\">Dra. Blanca Gil-Ib\u00e1\u00f1ez<\/span><br \/>\n<span class=\"clase3\">Hospital Univ. 12 de Octubre, Madrid<\/span><br \/>\n<br \/>\n<span class=\"clase2\">Sra. F\u00e1tima Casta\u00f1o<\/span><br \/>\n<span class=\"clase3\">MD Anderson Cancer Center Madrid<\/span><\/td>\n<\/tr>\n<tr class=\"row-4\">\n\t<td class=\"column-1\">17:10 - 17:30<\/td><td class=\"column-2\"><span class=\"clase1\">Debate entre onc\u00f3logo y psic\u00f3logo. Turno de participaci\u00f3n<\/span><br \/>\n<br \/>\n<span class=\"clase2\">Dra. Eva Mar\u00eda Guerra<\/span><br \/>\n<span class=\"clase3\">Hospital Univ. Ram\u00f3n y Cajal, Madrid<\/span><br \/>\n<br \/>\n<span class=\"clase2\">Sra. F\u00e1tima Casta\u00f1o<\/span><br \/>\n<span class=\"clase3\">MD Anderson Cancer Center Madrid<\/span><\/td>\n<\/tr>\n<\/tbody>\n<\/table>\n<!-- #tablepress-12 from cache --><\/div>\n<\/div>\n<div class=\"panel panel-default\">\n<div class=\"panel-heading coloramarillo\" style=\"background: #62a5bb\">\n<div class='panel_hour d-flex align-items-center'>\n<h4 class=\"panel-title \">17:30 &#8211; 17:35<\/h4>\n<\/p><\/div>\n<div class='title_panel col d-flex align-items-center'>\n<h4 class=\"panel-title\">Despedida<\/h4>\n<\/p><\/div>\n<\/div>\n<div id=\"collapse6\" class=\"panel-collapse collapse in\">\n<table id=\"tablepress-8-no-2\" class=\"tablepress tablepress-id-8\">\n<tbody class=\"row-striping row-hover\">\n<tr class=\"row-1\">\n\t<td class=\"column-1\"><\/td><td class=\"column-2\"><span class=\"clase1\">Dr. Antonio Gonz\u00e1lez <\/span><br \/>\n<span class=\"clase3\">Cl\u00ednica Universidad de Navarra, Madrid<\/span><\/td>\n<\/tr>\n<\/tbody>\n<\/table>\n<!-- #tablepress-8-no-2 from cache --><\/div>\n<\/div>\n<div class=\"panel panel-default\">\n<div class=\"panel-heading breakColors\">\n<div class='panel_hour d-flex align-items-center'>\n<h4 class=\"panel-title \">17:35 &#8211; 17:45<\/h4>\n<\/p><\/div>\n<div class='title_panel col d-flex align-items-center'>\n<h4 class=\"panel-title\">Pausa Caf\u00e9<\/h4>\n<\/p><\/div>\n<\/div>\n<\/div>\n<div class=\"panel panel-default\">\n<div class=\"panel-heading \" style=\"background: #62a5bb\">\n<div class='panel_hour d-flex align-items-center'>\n<h4 class=\"panel-title \">17:45 &#8211; 19:45<\/h4>\n<\/p><\/div>\n<div class='title_panel col d-flex align-items-center'>\n<h4 class=\"panel-title\">Asamblea GEICO<\/h4>\n<\/p><\/div>\n<\/div>\n<div id=\"collapse6\" class=\"panel-collapse collapse in\">\n<table id=\"tablepress-13\" class=\"tablepress tablepress-id-13\">\n<tbody class=\"row-striping row-hover\">\n<tr class=\"row-1\">\n\t<td class=\"column-1\"><\/td><td class=\"column-2\"><span class=\"clase1\">Actividad s\u00f3lo para Asociados GEICO<\/span><\/td>\n<\/tr>\n<\/tbody>\n<\/table>\n<!-- #tablepress-13 from cache --><\/div>\n<\/div>\n<\/div>\n","protected":false},"excerpt":{"rendered":"<p>11:15 &#8211; 11:20 Bienvenida 11:20 &#8211; 12:45 MESA 1 LO MEJOR DEL A\u00d1O EN TUMORES GINECOL\u00d3GICOS 12:45 &#8211; 14:05 MESA 2 LA PACIENTE CON C\u00c1NCER DE ENDOMETRIO: RETOS CL\u00cdNICOS 14:05 &#8211; 14:15 Entrega Becas GEICO 14:15 &#8211; 15:05 Comida 15:05 &#8211; 16:25 MESA 3 TEMAS DE ACTUALIDAD EN C\u00c1NCER GINECOL\u00d3GICO 16:25 &#8211; 17:30 MESA 4 [&hellip;]<\/p>\n","protected":false},"author":1,"featured_media":0,"parent":0,"menu_order":0,"comment_status":"closed","ping_status":"closed","template":"","meta":{"footnotes":""},"class_list":["post-424","page","type-page","status-publish","hentry"],"_links":{"self":[{"href":"https:\/\/www.doctaforum-events.org\/2025\/simposiogeico2025\/wp-json\/wp\/v2\/pages\/424","targetHints":{"allow":["GET"]}}],"collection":[{"href":"https:\/\/www.doctaforum-events.org\/2025\/simposiogeico2025\/wp-json\/wp\/v2\/pages"}],"about":[{"href":"https:\/\/www.doctaforum-events.org\/2025\/simposiogeico2025\/wp-json\/wp\/v2\/types\/page"}],"author":[{"embeddable":true,"href":"https:\/\/www.doctaforum-events.org\/2025\/simposiogeico2025\/wp-json\/wp\/v2\/users\/1"}],"replies":[{"embeddable":true,"href":"https:\/\/www.doctaforum-events.org\/2025\/simposiogeico2025\/wp-json\/wp\/v2\/comments?post=424"}],"version-history":[{"count":88,"href":"https:\/\/www.doctaforum-events.org\/2025\/simposiogeico2025\/wp-json\/wp\/v2\/pages\/424\/revisions"}],"predecessor-version":[{"id":1480,"href":"https:\/\/www.doctaforum-events.org\/2025\/simposiogeico2025\/wp-json\/wp\/v2\/pages\/424\/revisions\/1480"}],"wp:attachment":[{"href":"https:\/\/www.doctaforum-events.org\/2025\/simposiogeico2025\/wp-json\/wp\/v2\/media?parent=424"}],"curies":[{"name":"wp","href":"https:\/\/api.w.org\/{rel}","templated":true}]}}