{"id":264,"date":"2020-02-09T14:27:05","date_gmt":"2020-02-09T14:27:05","guid":{"rendered":"http:\/\/demo.themetim.com\/bring-back\/?page_id=264"},"modified":"2025-07-30T09:03:49","modified_gmt":"2025-07-30T09:03:49","slug":"informacion-general","status":"publish","type":"page","link":"https:\/\/www.doctaforum-events.org\/2025\/simposiogeico2025\/informacion-general\/","title":{"rendered":"Informaci\u00f3n General"},"content":{"rendered":"<div class=\"col-lg-12\">\n<p><span style=\"text-decoration: underline;\"><span class=\"clase1\">Organizado por:<\/span><\/span><br \/>\n<img loading=\"lazy\" decoding=\"async\" class=\"\" src=\"https:\/\/www.doctaforum-events.org\/2025\/simposiogeico2025\/wp-content\/themes\/bring-back\/images\/logo-cliente.webp\" alt=\"logo GECP\" width=\"203\" height=\"84\" \/>\n<\/div>\n<div class=\"col-lg-12\">\n<p><span style=\"text-decoration: underline;\"><span class=\"clase1\">Comit\u00e9 Cient\u00edfico:<\/span><\/span><\/p>\n<p><span class=\"clase2\">&#8211; Dra. Pilar Barretina, <\/span><span class=\"clase3\">Hospital Univ. Dr. Josep Trueta &#8211; ICO, Girona<\/span><br \/>\n<span class=\"clase2\">&#8211; Dra. Yolanda Garc\u00eda, <\/span><span class=\"clase3\">Parc Taul\u00ed Hospital Universitari, Barcelona<\/span><br \/>\n<span class=\"clase2\">&#8211; Dra. Marta Gil, <\/span><span class=\"clase3\">Hospital Duran i Reynals &#8211; ICO Hospitalet, Barcelona<\/span><br \/>\n<span class=\"clase2\">&#8211; Dr. Antonio Gonz\u00e1lez, <\/span><span class=\"clase3\">Cl\u00ednica Universidad de Navarra, Madrid<\/span><br \/>\n<span class=\"clase2\">&#8211; Dr. Andr\u00e9s Redondo, <\/span><span class=\"clase3\">Hospital Univ. La Paz, Madrid<\/span><br \/>\n<span class=\"clase2\">&#8211; Dra. M\u00aa Jes\u00fas Rubio, <\/span><span class=\"clase3\">Hospital General Univ. Reina Sof\u00eda, C\u00f3rdoba<\/span><br \/>\n<span class=\"clase2\">&#8211; Dr. Andr\u00e9s Poveda, <\/span><span class=\"clase3\">Hospital Quir\u00f3nsalud, Valencia<\/span><br \/>\n<span class=\"clase3\"><br \/>\n<\/span><\/p>\n<\/div>\n<div class=\"col-lg-12\">\n<p><span style=\"text-decoration: underline;\"> <span class=\"clase1\">Sede Presencial:<\/span> <\/span><\/p>\n<p><span class=\"clase3\">Auditorio El Beatriz<\/span><br \/>\n<span class=\"clase3\">C. de Jos\u00e9 Ortega y Gasset, 29<\/span><br \/>\n<span class=\"clase3\">28006 Madrid<\/span><\/p>\n<\/div>\n<div class=\"col-lg-12 col-md-12 col-sm-12\">\n<p><iframe class=\"mapa-sede\" style=\"border: 0;\" src=\"https:\/\/www.google.com\/maps\/embed?pb=!1m18!1m12!1m3!1d3037.0171314680397!2d-3.685579123546992!3d40.43061955479317!2m3!1f0!2f0!3f0!3m2!1i1024!2i768!4f13.1!3m3!1m2!1s0xd422970693b66ff%3A0x20d83bcc89aca464!2sEl%20Beatriz%20Madrid!5e0!3m2!1ses-419!2ses!4v1753264670960!5m2!1ses-419!2ses\" allowfullscreen=\"allowfullscreen\" aria-label=\"Sede\"><br \/>\n<\/iframe>\n<\/div>\n<p><!--\n&nbsp;\n\n&nbsp;\n\n&nbsp;\n\n&nbsp;\n\n\n<p style=\"text-align: center;\"><span style=\"font-size: 20pt;\">PR\u00d3XIMAMENTE<\/span><\/p>\n\n\n&nbsp;\n\n&nbsp;\n\n&nbsp;\n\n&nbsp;\n\n&nbsp;\n\n&nbsp;\n\n&nbsp;--><\/p>\n","protected":false},"excerpt":{"rendered":"<p>Organizado por: Comit\u00e9 Cient\u00edfico: &#8211; Dra. Pilar Barretina, Hospital Univ. Dr. Josep Trueta &#8211; ICO, Girona &#8211; Dra. Yolanda Garc\u00eda, Parc Taul\u00ed Hospital Universitari, Barcelona &#8211; Dra. Marta Gil, Hospital Duran i Reynals &#8211; ICO Hospitalet, Barcelona &#8211; Dr. Antonio Gonz\u00e1lez, Cl\u00ednica Universidad de Navarra, Madrid &#8211; Dr. Andr\u00e9s Redondo, Hospital Univ. La Paz, Madrid [&hellip;]<\/p>\n","protected":false},"author":1,"featured_media":0,"parent":0,"menu_order":0,"comment_status":"closed","ping_status":"closed","template":"","meta":{"footnotes":""},"class_list":["post-264","page","type-page","status-publish","hentry"],"_links":{"self":[{"href":"https:\/\/www.doctaforum-events.org\/2025\/simposiogeico2025\/wp-json\/wp\/v2\/pages\/264","targetHints":{"allow":["GET"]}}],"collection":[{"href":"https:\/\/www.doctaforum-events.org\/2025\/simposiogeico2025\/wp-json\/wp\/v2\/pages"}],"about":[{"href":"https:\/\/www.doctaforum-events.org\/2025\/simposiogeico2025\/wp-json\/wp\/v2\/types\/page"}],"author":[{"embeddable":true,"href":"https:\/\/www.doctaforum-events.org\/2025\/simposiogeico2025\/wp-json\/wp\/v2\/users\/1"}],"replies":[{"embeddable":true,"href":"https:\/\/www.doctaforum-events.org\/2025\/simposiogeico2025\/wp-json\/wp\/v2\/comments?post=264"}],"version-history":[{"count":130,"href":"https:\/\/www.doctaforum-events.org\/2025\/simposiogeico2025\/wp-json\/wp\/v2\/pages\/264\/revisions"}],"predecessor-version":[{"id":1430,"href":"https:\/\/www.doctaforum-events.org\/2025\/simposiogeico2025\/wp-json\/wp\/v2\/pages\/264\/revisions\/1430"}],"wp:attachment":[{"href":"https:\/\/www.doctaforum-events.org\/2025\/simposiogeico2025\/wp-json\/wp\/v2\/media?parent=264"}],"curies":[{"name":"wp","href":"https:\/\/api.w.org\/{rel}","templated":true}]}}