{"id":2,"date":"2020-03-09T12:55:45","date_gmt":"2020-03-09T12:55:45","guid":{"rendered":"https:\/\/www.doctaforum-events.org\/2025\/simposiogeico2025\/?page_id=2"},"modified":"2025-07-02T10:51:48","modified_gmt":"2025-07-02T10:51:48","slug":"presentacion","status":"publish","type":"page","link":"https:\/\/www.doctaforum-events.org\/2025\/simposiogeico2025\/presentacion\/","title":{"rendered":"Presentaci\u00f3n"},"content":{"rendered":"<p><!--\n\n<span style=\"display: inline-block; width: 0px; overflow: hidden; line-height: 0;\" data-mce-type=\"bookmark\" class=\"mce_SELRES_start\"><\/span><span style=\"display: inline-block; width: 0px; overflow: hidden; line-height: 0;\" data-mce-type=\"bookmark\" class=\"mce_SELRES_start\"><\/span>&nbsp;\n\n&nbsp;\n\n&nbsp;\n\n&nbsp;\n\n&nbsp;\n\n\n<p style=\"text-align: center;\"><span style=\"font-size: 20pt; color: #5A7E88;\">Pr\u00f3ximamente<\/span><\/p>\n\n\n&nbsp;\n\n&nbsp;\n\n&nbsp;\n\n&nbsp;\n\n&nbsp;\n\n&nbsp;\n\n&nbsp;\n\n--><\/p>\n<p>El Congreso de la Sociedad Americana de Oncolog\u00eda es una de las reuniones m\u00e1s importantes a nivel Mundial sobre Oncolog\u00eda. En tan s\u00f3lo cuatro d\u00edas se presenta un gran n\u00famero de trabajos, siendo imposible asistir a todas las comunicaciones.<\/p>\n<p>Hace veinticuatro a\u00f1os iniciamos una jornada de revisi\u00f3n de un d\u00eda para poder discutir, evaluar e interpretar los resultados presentados en el Congreso Americano de Oncolog\u00eda y facilitar la informaci\u00f3n m\u00e1s relevante a todas aquellas personas que por los motivos que fueran no hab\u00edan podido asistir. Adem\u00e1s, esta evaluaci\u00f3n deber\u00eda de ser lo m\u00e1s independiente posible y siempre explicada por personas con amplia experiencia y sentido cr\u00edtico. Es nuestra intenci\u00f3n seguir manteniendo la imparcialidad e independencia de los revisores.<\/p>\n<p style=\"text-align: justify;\">Estamos seguros de que en el pr\u00f3ximo Congreso de ASCO se presentaran avances muy importantes que cambiaran la pr\u00e1ctica cl\u00ednica en la mayor\u00eda de las \u00e1reas de Oncolog\u00eda.<\/p>\n<p>La jornada de 2024 se celebrar\u00e1 en <strong>formato h\u00edbrido<\/strong> (presencial y streaming) el viernes <strong>21 de junio <\/strong>en Madrid y el <strong>28 de junio<\/strong> en <strong>formato <\/strong><strong>presencial<\/strong> en Barcelona. Hemos pensado realizar la reuni\u00f3n durante una jornada de ma\u00f1ana, dando comienzo a las 09.30 hrs y terminando a las 14.00hrs para facilitar la asistencia de todos los interesados.<\/p>\n<p style=\"text-align: justify;\">Mantendr\u00e1 el formato de la edici\u00f3n anterior, con 3 bloques de sesiones de 75 minutos de duraci\u00f3n cada una.<\/p>\n<p style=\"text-align: justify;\">Esta jornada, como siempre, va dirigida al personal de Oncolog\u00eda que, o bien no ha logrado acudir a la reuni\u00f3n americana, o bien, a pesar de asistir a ella, no ha podido cubrir todos los eventos. Adem\u00e1s, este a\u00f1o nos gustar\u00eda seguir contando con nuestros compa\u00f1eros farmac\u00e9uticos de hospital y otros especialistas que participan en el tratamiento multidisciplinar del c\u00e1ncer.<\/p>\n<p>Esperamos que esta reuni\u00f3n de trabajo, abierta a todos, sea una puesta en com\u00fan sobre los resultados m\u00e1s importantes presentados en el Congreso Americano de Oncolog\u00eda y que se convierta en un foro de debate general de lo expuesto por los revisores. Por todo lo anteriormente mencionado, nos gustar\u00eda contar con tu colaboraci\u00f3n y sugerencias.<\/p>\n<div class=\"d-flex flex-wrap\">\n<div class=\"col-12 d-flex flex-wrap align-items-center\">\n<div class=\"col-6 text-center\">\n\t\t\t<img loading=\"lazy\" decoding=\"async\" class=\"alignnone size-full wp-image-1264\" src=\"https:\/\/www.doctaforum-events.org\/2025\/simposiogeico2025\/wp-content\/uploads\/2024\/02\/firma-Domine-300x121-1.jpg\" alt=\"\" width=\"300\" height=\"121\" \/>\n\t\t<\/div>\n<div class=\"col-6 text-center\">\n\t\t\t<img loading=\"lazy\" decoding=\"async\" class=\"alignnone size-full wp-image-1265\" src=\"https:\/\/www.doctaforum-events.org\/2025\/simposiogeico2025\/wp-content\/uploads\/2024\/02\/firma-Dr.-Carles-Galceran-271x300-1.jpg\" alt=\"\" width=\"200\" height=\"300\" \/>\n\t\t<\/div>\n<\/p><\/div>\n<div class=\"col-12 d-flex flex-wrap justify-content-center\">\n<div class=\"col-6 text-center\">\n\t\t\t<span class=\"clase2\">Manuel D\u00f3mine G\u00f3mez<\/span><br \/>\n\t\t\t<em class=\"clase3\">Coordinador<\/em>\n\t\t<\/div>\n<div class=\"col-6 text-center\">\n\t\t\t<span class=\"clase2\">Joan Carles Galcer\u00e1n<\/span><br \/>\n\t\t\t<em class=\"clase3\">Coordinador<\/em>\n\t\t<\/div>\n<\/p><\/div>\n<\/div>\n","protected":false},"excerpt":{"rendered":"<p>El Congreso de la Sociedad Americana de Oncolog\u00eda es una de las reuniones m\u00e1s importantes a nivel Mundial sobre Oncolog\u00eda. En tan s\u00f3lo cuatro d\u00edas se presenta un gran n\u00famero de trabajos, siendo imposible asistir a todas las comunicaciones. Hace veinticuatro a\u00f1os iniciamos una jornada de revisi\u00f3n de un d\u00eda para poder discutir, evaluar e [&hellip;]<\/p>\n","protected":false},"author":1,"featured_media":0,"parent":0,"menu_order":0,"comment_status":"closed","ping_status":"open","template":"","meta":{"footnotes":""},"class_list":["post-2","page","type-page","status-publish","hentry"],"_links":{"self":[{"href":"https:\/\/www.doctaforum-events.org\/2025\/simposiogeico2025\/wp-json\/wp\/v2\/pages\/2","targetHints":{"allow":["GET"]}}],"collection":[{"href":"https:\/\/www.doctaforum-events.org\/2025\/simposiogeico2025\/wp-json\/wp\/v2\/pages"}],"about":[{"href":"https:\/\/www.doctaforum-events.org\/2025\/simposiogeico2025\/wp-json\/wp\/v2\/types\/page"}],"author":[{"embeddable":true,"href":"https:\/\/www.doctaforum-events.org\/2025\/simposiogeico2025\/wp-json\/wp\/v2\/users\/1"}],"replies":[{"embeddable":true,"href":"https:\/\/www.doctaforum-events.org\/2025\/simposiogeico2025\/wp-json\/wp\/v2\/comments?post=2"}],"version-history":[{"count":42,"href":"https:\/\/www.doctaforum-events.org\/2025\/simposiogeico2025\/wp-json\/wp\/v2\/pages\/2\/revisions"}],"predecessor-version":[{"id":1403,"href":"https:\/\/www.doctaforum-events.org\/2025\/simposiogeico2025\/wp-json\/wp\/v2\/pages\/2\/revisions\/1403"}],"wp:attachment":[{"href":"https:\/\/www.doctaforum-events.org\/2025\/simposiogeico2025\/wp-json\/wp\/v2\/media?parent=2"}],"curies":[{"name":"wp","href":"https:\/\/api.w.org\/{rel}","templated":true}]}}