{"id":637,"date":"2020-06-23T08:51:07","date_gmt":"2020-06-23T08:51:07","guid":{"rendered":"https:\/\/www.doctaforum-events.org\/2025\/postmundialpulmon2025\/?page_id=637"},"modified":"2024-05-14T12:57:28","modified_gmt":"2024-05-14T12:57:28","slug":"acceso-al-streaming","status":"publish","type":"page","link":"https:\/\/www.doctaforum-events.org\/2025\/postmundialpulmon2025\/acceso-al-streaming\/","title":{"rendered":"Acceso al streaming"},"content":{"rendered":"<p>&nbsp;<\/p>\n<p>&nbsp;<\/p>\n<p style=\"text-align: center;\"><u><span style=\"font-size: 14pt;\">Para conectarse a la reuni\u00f3n en directo mediante la plataforma Streaming siga las siguientes indicaciones:<\/span><\/u><\/p>\n<p style=\"text-align: center;\">&#8211; Deber\u00e1 conectarse desde un ordenador con conexi\u00f3n a Internet y altavoces. No es necesario disponer de Webcam.<\/p>\n<p style=\"text-align: center;\">&#8211; Es preferible conectarse a Internet mediante cable frente a la conexi\u00f3n por Wifi ya que al ser un flujo constante de v\u00eddeo cualquier interrupci\u00f3n puede provocar cortes.<\/p>\n<p style=\"text-align: center;\">&#8211; Recomendamos el uso de Chrome frente a otros navegadores, aunque la plataforma es compatible con todos los navegadores.<\/p>\n<p style=\"text-align: center;\">&#8211; Una vez acceda a la URL tendr\u00e1 que introducir su correo electr\u00f3nico. Deber\u00e1 leer y aceptar las condiciones de uso.<\/p>\n<p>&nbsp;<\/p>\n<p>&nbsp;<\/p>\n<p><a href=\"#\"><img loading=\"lazy\" decoding=\"async\" class=\"alignnone size-full wp-image-1329 aligncenter\" src=\"https:\/\/www.doctaforum-events.org\/2025\/postmundialpulmon2025\/wp-content\/uploads\/2024\/05\/boton-streaming.png\" alt=\"\" width=\"220\" height=\"42\" \/><\/a><\/p>\n<p>&nbsp;<\/p>\n<p>&nbsp;<\/p>\n<p>&nbsp;<\/p>\n<p>&nbsp;<\/p>\n","protected":false},"excerpt":{"rendered":"<p>&nbsp; &nbsp; Para conectarse a la reuni\u00f3n en directo mediante la plataforma Streaming siga las siguientes indicaciones: &#8211; Deber\u00e1 conectarse desde un ordenador con conexi\u00f3n a Internet y altavoces. No es necesario disponer de Webcam. &#8211; Es preferible conectarse a Internet mediante cable frente a la conexi\u00f3n por Wifi ya que al ser un flujo [&hellip;]<\/p>\n","protected":false},"author":1,"featured_media":0,"parent":0,"menu_order":0,"comment_status":"closed","ping_status":"closed","template":"","meta":{"footnotes":""},"class_list":["post-637","page","type-page","status-publish","hentry"],"_links":{"self":[{"href":"https:\/\/www.doctaforum-events.org\/2025\/postmundialpulmon2025\/wp-json\/wp\/v2\/pages\/637"}],"collection":[{"href":"https:\/\/www.doctaforum-events.org\/2025\/postmundialpulmon2025\/wp-json\/wp\/v2\/pages"}],"about":[{"href":"https:\/\/www.doctaforum-events.org\/2025\/postmundialpulmon2025\/wp-json\/wp\/v2\/types\/page"}],"author":[{"embeddable":true,"href":"https:\/\/www.doctaforum-events.org\/2025\/postmundialpulmon2025\/wp-json\/wp\/v2\/users\/1"}],"replies":[{"embeddable":true,"href":"https:\/\/www.doctaforum-events.org\/2025\/postmundialpulmon2025\/wp-json\/wp\/v2\/comments?post=637"}],"version-history":[{"count":25,"href":"https:\/\/www.doctaforum-events.org\/2025\/postmundialpulmon2025\/wp-json\/wp\/v2\/pages\/637\/revisions"}],"predecessor-version":[{"id":1332,"href":"https:\/\/www.doctaforum-events.org\/2025\/postmundialpulmon2025\/wp-json\/wp\/v2\/pages\/637\/revisions\/1332"}],"wp:attachment":[{"href":"https:\/\/www.doctaforum-events.org\/2025\/postmundialpulmon2025\/wp-json\/wp\/v2\/media?parent=637"}],"curies":[{"name":"wp","href":"https:\/\/api.w.org\/{rel}","templated":true}]}}