{"id":424,"date":"2020-03-16T18:17:34","date_gmt":"2020-03-16T18:17:34","guid":{"rendered":"https:\/\/www.doctaforum-events.org\/2025\/postmundialpulmon2025\/?page_id=424"},"modified":"2025-03-31T07:26:53","modified_gmt":"2025-03-31T07:26:53","slug":"ver-programa","status":"publish","type":"page","link":"https:\/\/www.doctaforum-events.org\/2025\/postmundialpulmon2025\/ver-programa\/","title":{"rendered":"Ver Programa"},"content":{"rendered":"<p><!--&nbsp;\n\n&nbsp;\n\n&nbsp;\n\n&nbsp;\n\n&nbsp;\n\n\n<p style=\"text-align: center;\"><span style=\"font-size: 20pt; color: #e84739;\">PROXIMAMENTE<\/span><\/p>\n\n\n&nbsp;\n\n&nbsp;\n\n&nbsp;\n\n&nbsp;\n\n&nbsp;\n\n&nbsp;\n\n&nbsp;--><\/p>\n<div id=\"\" class=\"panel-group\">\n<div class=\"panel panel-default\">\n<div class=\"panel-heading\">\n<div class='panel_hour d-flex align-items-center'>\n<h4 class=\"panel-title \">15:50 &#8211; 16:00<\/h4>\n<\/div>\n<div class='title_panel col d-flex align-items-center'>\n<h4 class=\"panel-title\">Inauguraci\u00f3n  y bienvenida<\/h4>\n<\/div>\n<\/div>\n<div id=\"collapse2\" class=\"panel-collapse collapse in\">\n<table id=\"tablepress-8\" class=\"tablepress tablepress-id-8\">\n<tbody class=\"row-hover\">\n<tr class=\"row-1 odd\">\n\t<td class=\"column-1\"><span class=\"clase2\">Dra. Enriqueta Felip, <\/span><span class=\"clase3\">Hospital Univ. Vall d'Hebr\u00f3n, Barcelona<\/span><br \/>\n<span class=\"clase2\">Dra. Dolores Isla, <\/span><span class=\"clase3\">Hospital Cl\u00ednico Univ. Lozano Blesa, Zaragoza<\/span><\/td>\n<\/tr>\n<\/tbody>\n<\/table>\n<!-- #tablepress-8 from cache --><\/div>\n<\/div>\n<div class=\"panel panel-default\">\n<div class=\"panel-heading coloramarillo\">\n<div class='panel_hour d-flex align-items-center'>\n<h4 class=\"panel-title \">16:00 &#8211; 17:35<\/h4>\n<\/div>\n<div class='title_panel col d-flex align-items-center'>\n<h4 class=\"panel-title\">SESI\u00d3N I: BIOMARCADORES, CPNM ESTADIOS LOCALIZADOS, CARCINOMA MICROC\u00cdTICO Y OTROS TUMORES TOR\u00c1CICOS<\/h4>\n<\/div>\n<\/div>\n<div id=\"collapse4\" class=\"panel-collapse collapse in\">\n<table id=\"tablepress-9\" class=\"tablepress tablepress-id-9\">\n<tbody class=\"row-hover\">\n<tr class=\"row-1 odd\">\n\t<td class=\"column-1\"><\/td><td class=\"column-2\"><span class=\"clase1\">Moderadores:<\/span><br \/>\n<span class=\"clase2\">Dra. Enriqueta Felip, <\/span><span class=\"clase3\">Hospital Univ. Vall d'Hebr\u00f3n, Barcelona<\/span><br \/>\n<span class=\"clase2\">Dra. Dolores Isla, <\/span><span class=\"clase3\">Hospital Cl\u00ednico Univ. Lozano Blesa, Zaragoza<\/span><\/td>\n<\/tr>\n<tr class=\"row-2 even\">\n\t<td class=\"column-1\">16:00 - 16:15<\/td><td class=\"column-2\"><span class=\"clase1\">Biomarcadores moleculares e inmunol\u00f3gicos<\/span><br \/>\n<span class=\"clase2\">Dr. Fernando Lopez-R\u00edos<\/span><br \/>\n<span class=\"clase3\">Hospital Univ. 12 de octubre, Madrid<\/span><\/td>\n<\/tr>\n<tr class=\"row-3 odd\">\n\t<td class=\"column-1\">16:15 - 16:35<\/td><td class=\"column-2\"><span class=\"clase1\">CPNM. Estadio precoz<\/span><br \/>\n<span class=\"clase2\">Dra. Rosario Garc\u00eda Campelo<\/span><br \/>\n<span class=\"clase3\">Complejo Hospitalario Univ. de A Coru\u00f1a<\/span><\/td>\n<\/tr>\n<tr class=\"row-4 even\">\n\t<td class=\"column-1\">16:35 - 16:45<\/td><td class=\"column-2\"><span class=\"clase1\">CPNM. Estadio III Irresecable<\/span><br \/>\n<span class=\"clase2\">Dra. Patricia Cruz<\/span><br \/>\n<span class=\"clase3\">Hospital General Universitario de Ciudad Real<\/span><\/td>\n<\/tr>\n<tr class=\"row-5 odd\">\n\t<td class=\"column-1\">16:45 - 17:05<\/td><td class=\"column-2\"><span class=\"clase1\">Carcinoma microc\u00edtico y otros tumores tor\u00e1cicos (mesotelioma, timoma)<\/span><br \/>\n<span class=\"clase2\">Dra. M\u00aa Eugenia Olmedo<\/span><br \/>\n<span class=\"clase3\">Hospital Univ. Ram\u00f3n y Cajal, Madrid<\/span><\/td>\n<\/tr>\n<tr class=\"row-6 even\">\n\t<td class=\"column-1\">17:05 - 17:35<\/td><td class=\"column-2\"><span class=\"clase1\">Discusi\u00f3n<\/span><\/td>\n<\/tr>\n<\/tbody>\n<\/table>\n<!-- #tablepress-9 from cache --><\/div>\n<\/div>\n<div class=\"panel panel-default\">\n<div class=\"panel-heading colorgris\">\n<div class='panel_hour d-flex align-items-center'>\n<h4 class=\"panel-title \">17:35 &#8211; 18:05<\/h4>\n<\/div>\n<div class='title_panel col d-flex align-items-center'>\n<h4 class=\"panel-title\">Pausa Caf\u00e9<\/h4>\n<\/div>\n<\/div>\n<\/div>\n<div class=\"panel panel-default\">\n<div class=\"panel-heading coloramarillo\">\n<div class='panel_hour d-flex align-items-center'>\n<h4 class=\"panel-title \">18:05 &#8211; 19:25<\/h4>\n<\/div>\n<div class='title_panel col d-flex align-items-center'>\n<h4 class=\"panel-title\">SESI\u00d3N II: CPNM AVANZADO<\/h4>\n<\/div>\n<\/div>\n<div id=\"collapse4\" class=\"panel-collapse collapse in\">\n<table id=\"tablepress-11\" class=\"tablepress tablepress-id-11\">\n<tbody class=\"row-hover\">\n<tr class=\"row-1 odd\">\n\t<td class=\"column-1\"><\/td><td class=\"column-2\"><span class=\"clase1\">Moderadores:<\/span><br \/>\n<span class=\"clase2\">Dr. Manuel D\u00f3mine, <\/span><span class=\"clase3\">Hospital Univ. Fundaci\u00f3n Jim\u00e9nez D\u00edaz<\/span><br \/>\n<span class=\"clase2\">Dra. Pilar Garrido, <\/span><span class=\"clase3\">Hospital Univ. Ram\u00f3n y Cajal, Madrid<\/span><\/td>\n<\/tr>\n<tr class=\"row-2 even\">\n\t<td class=\"column-1\">18:05 - 18:25<\/td><td class=\"column-2\"><span class=\"clase1\">Tratamiento en pacientes con alteraciones gen\u00f3micas accionables<\/span><br \/>\n<span class=\"clase2\">Dr. Javier de Castro<\/span><br \/>\n<span class=\"clase3\">Hospital Universitario La Paz, Madrid<\/span><\/td>\n<\/tr>\n<tr class=\"row-3 odd\">\n\t<td class=\"column-1\">18:25 - 18:40<\/td><td class=\"column-2\"><span class=\"clase1\">Tratamiento en pacientes sin alteraciones gen\u00f3micas accionables en primera l\u00ednea<\/span><br \/>\n<span class=\"clase2\">Dra. Anna Estival<\/span><br \/>\n<span class=\"clase3\">Hospital Univ. Insular de Canarias<\/span><\/td>\n<\/tr>\n<tr class=\"row-4 even\">\n\t<td class=\"column-1\">18:40 - 18:55<\/td><td class=\"column-2\"><span class=\"clase1\">Tratamiento en pacientes sin alteraciones gen\u00f3micas accionables pretratados<\/span><br \/>\n<span class=\"clase2\">Dr. Jos\u00e9 Manuel Trigo<\/span><br \/>\n<span class=\"clase3\">HC Marbella International Hospital<\/span><\/td>\n<\/tr>\n<tr class=\"row-5 odd\">\n\t<td class=\"column-1\">18:55 - 19:25<\/td><td class=\"column-2\"><span class=\"clase1\">Debate<\/span><\/td>\n<\/tr>\n<\/tbody>\n<\/table>\n<!-- #tablepress-11 from cache --><\/div>\n<\/div>\n<\/div>\n<div class=\"panel panel-default\">\n<div class=\"panel-heading coloramarillo\">\n<div class='panel_hour d-flex align-items-center'>\n<h4 class=\"panel-title \">19:25<\/h4>\n<\/div>\n<div class='title_panel col d-flex align-items-center'>\n<h4 class=\"panel-title\">Conclusiones y clausura<\/h4>\n<\/div>\n<\/div>\n<div id=\"collapse4\" class=\"panel-collapse collapse in\">\n<table id=\"tablepress-12\" class=\"tablepress tablepress-id-12\">\n<tbody class=\"row-hover\">\n<tr class=\"row-1 odd\">\n\t<td class=\"column-1\"><span class=\"clase2\">Dr. Manuel D\u00f3mine<\/span><span class=\"clase3\">Hospital Univ. Fundaci\u00f3n Jim\u00e9nez D\u00edaz<\/span><br \/>\n<span class=\"clase2\">Dra. Pilar Garrido, <\/span><span class=\"clase3\">Hospital Univ. Ram\u00f3n y Cajal, Madrid<\/span><\/td>\n<\/tr>\n<\/tbody>\n<\/table>\n<!-- #tablepress-12 from cache --><\/div>\n<\/div>\n","protected":false},"excerpt":{"rendered":"<p>15:50 &#8211; 16:00 Inauguraci\u00f3n y bienvenida 16:00 &#8211; 17:35 SESI\u00d3N I: BIOMARCADORES, CPNM ESTADIOS LOCALIZADOS, CARCINOMA MICROC\u00cdTICO Y OTROS TUMORES TOR\u00c1CICOS 17:35 &#8211; 18:05 Pausa Caf\u00e9 18:05 &#8211; 19:25 SESI\u00d3N II: CPNM AVANZADO 19:25 Conclusiones y clausura<\/p>\n","protected":false},"author":1,"featured_media":0,"parent":0,"menu_order":0,"comment_status":"closed","ping_status":"closed","template":"","meta":{"footnotes":""},"class_list":["post-424","page","type-page","status-publish","hentry"],"_links":{"self":[{"href":"https:\/\/www.doctaforum-events.org\/2025\/postmundialpulmon2025\/wp-json\/wp\/v2\/pages\/424"}],"collection":[{"href":"https:\/\/www.doctaforum-events.org\/2025\/postmundialpulmon2025\/wp-json\/wp\/v2\/pages"}],"about":[{"href":"https:\/\/www.doctaforum-events.org\/2025\/postmundialpulmon2025\/wp-json\/wp\/v2\/types\/page"}],"author":[{"embeddable":true,"href":"https:\/\/www.doctaforum-events.org\/2025\/postmundialpulmon2025\/wp-json\/wp\/v2\/users\/1"}],"replies":[{"embeddable":true,"href":"https:\/\/www.doctaforum-events.org\/2025\/postmundialpulmon2025\/wp-json\/wp\/v2\/comments?post=424"}],"version-history":[{"count":81,"href":"https:\/\/www.doctaforum-events.org\/2025\/postmundialpulmon2025\/wp-json\/wp\/v2\/pages\/424\/revisions"}],"predecessor-version":[{"id":1438,"href":"https:\/\/www.doctaforum-events.org\/2025\/postmundialpulmon2025\/wp-json\/wp\/v2\/pages\/424\/revisions\/1438"}],"wp:attachment":[{"href":"https:\/\/www.doctaforum-events.org\/2025\/postmundialpulmon2025\/wp-json\/wp\/v2\/media?parent=424"}],"curies":[{"name":"wp","href":"https:\/\/api.w.org\/{rel}","templated":true}]}}