{"id":417,"date":"2020-03-16T18:16:17","date_gmt":"2020-03-16T18:16:17","guid":{"rendered":"https:\/\/www.doctaforum-events.org\/2025\/postmundialpulmon2025\/?page_id=417"},"modified":"2025-09-24T10:56:19","modified_gmt":"2025-09-24T10:56:19","slug":"cuotas-de-inscripcion","status":"publish","type":"page","link":"https:\/\/www.doctaforum-events.org\/2025\/postmundialpulmon2025\/cuotas-de-inscripcion\/","title":{"rendered":"Cuotas de Inscripcion"},"content":{"rendered":"\n<table id=\"tablepress-1\" class=\"tablepress tablepress-id-1\">\n<tbody class=\"row-hover\">\n<tr class=\"row-1 odd\">\n\t<td colspan=\"2\" class=\"column-1\">INSCRIPCI\u00d3N GENERAL<\/td>\n<\/tr>\n<tr class=\"row-2 even\">\n\t<td class=\"column-1\">Inscripci\u00f3n presencial para personal sanitario:<\/td><td class=\"column-2\"><strong>423,50\u20ac (350\u20ac+21% IVA)<\/strong><\/td>\n<\/tr>\n<tr class=\"row-3 odd\">\n\t<td class=\"column-1\">Inscripci\u00f3n presencial para personal de laboratorios patrocinadores:<\/td><td class=\"column-2\"><strong>121\u20ac (100\u20ac+21% IVA)<\/strong><\/td>\n<\/tr>\n<tr class=\"row-4 even\">\n\t<td colspan=\"2\" class=\"column-1\">La cuota de inscripci\u00f3n incluye el acceso a las sesiones cient\u00edficas presenciales , certificado de asistencia y certificado de acreditaci\u00f3n en formaci\u00f3n continuada (acorde asistencia)<\/td>\n<\/tr>\n<\/tbody>\n<\/table>\n\n<p><!--[table id=6 \/]--><\/p>\n\n<table id=\"tablepress-2\" class=\"tablepress tablepress-id-2\">\n<tbody class=\"row-hover\">\n<tr class=\"row-1 odd\">\n\t<td class=\"column-1\">FORMA DE PAGO<\/td>\n<\/tr>\n<tr class=\"row-2 even\">\n\t<td class=\"column-1\"><strong>Realizar la transferencia bancaria<\/strong> a nombre de Doctaforum Servicios S.L., a la cuenta corriente:<br \/>\n<ul style=\"list-style: none\" class=\"lista_pgos\"><br \/>\n<li>IBAN: ES37 0081 7116 6500 0109 4519<\/li><br \/>\n<li>SWIFT: BSABESBBXXX<\/li><br \/>\n<\/ul><br \/>\n- Los pagos deben ser sin gastos para el receptor.<br \/>\n<br \/>\n- Por favor, env\u00ede el comprobante de la transferencia a la direcci\u00f3n de correo electr\u00f3nico: <a style=\"color: #23474d\" href=\"mailto:postmundialpulmon@doctaforum.com \">postmundialpulmon@doctaforum.com <\/a><br \/>\n <br \/>\n<\/td>\n<\/tr>\n<tr class=\"row-3 odd\">\n\t<td class=\"column-1\"><strong>Tarjeta de cr\u00e9dito:<\/strong> (Visa o Master Card) a trav\u00e9s de la p\u00e1gina web del curso (TPV virtual).<\/td>\n<\/tr>\n<\/tbody>\n<\/table>\n\n<p><!--[table id=23 \/] [table id=24 \/]--><br \/>\n<!--<a href=\"https:\/\/www.doctaforum-events.org\/2025\/postmundialpulmon2025\/formulario-de-inscripcion\/\" rel=\"noopener\"><img loading=\"lazy\" decoding=\"async\" class=\"aligncenter wp-image-1130 size-full\" src=\"https:\/\/www.doctaforum-events.org\/2025\/postmundialpulmon2025\/wp-content\/uploads\/2024\/04\/boton-formulario.png\" alt=\"\" width=\"220\" height=\"42\" \/><\/a>--><\/p>\n<p>Se ruega completar el bolet\u00edn de inscripci\u00f3n.<\/p>\n<p>La adjudicaci\u00f3n de plaza para el evento, ser\u00e1 realizada una vez recibido el justificante de pago del importe correspondiente. Si desea aclarar alguna duda o recibir m\u00e1s informaci\u00f3n, por favor p\u00f3ngase en contacto con la Secretar\u00eda T\u00e9cnica.<\/p>\n<p>En cumplimiento de la legislaci\u00f3n aplicable en materia de protecci\u00f3n de consumidores y usuarios puede ejercer su derecho de desistimiento dentro de los plazos legalmente establecidos enviando el siguiente <a href=\"https:\/\/www.doctaforum.com\/-modelo-desistimiento\/MODELO_DESISTIMIENTO-2025-ES.pdf\" target=\"_blank\" rel=\"noopener noreferrer\">documento<\/a> convenientemente cumplimentado y firmado.<\/p>\n<p>&nbsp;<\/p>\n<p>&nbsp;<\/p>\n<p><!--\n&nbsp;\n\n&nbsp;\n\n&nbsp;\n\n&nbsp;\n\n&nbsp;\n\n\n<p style=\"text-align: center;\"><span style=\"font-size: 20pt; color: #5a7e88;\">Disponible en breve<\/span><\/p>\n\n\n&nbsp;\n\n&nbsp;\n\n&nbsp;\n\n&nbsp;\n\n&nbsp;\n\n&nbsp;\n\n&nbsp;--><\/p>\n","protected":false},"excerpt":{"rendered":"<p>Se ruega completar el bolet\u00edn de inscripci\u00f3n. La adjudicaci\u00f3n de plaza para el evento, ser\u00e1 realizada una vez recibido el justificante de pago del importe correspondiente. Si desea aclarar alguna duda o recibir m\u00e1s informaci\u00f3n, por favor p\u00f3ngase en contacto con la Secretar\u00eda T\u00e9cnica. En cumplimiento de la legislaci\u00f3n aplicable en materia de protecci\u00f3n de [&hellip;]<\/p>\n","protected":false},"author":1,"featured_media":0,"parent":0,"menu_order":0,"comment_status":"closed","ping_status":"closed","template":"","meta":{"footnotes":""},"class_list":["post-417","page","type-page","status-publish","hentry"],"_links":{"self":[{"href":"https:\/\/www.doctaforum-events.org\/2025\/postmundialpulmon2025\/wp-json\/wp\/v2\/pages\/417"}],"collection":[{"href":"https:\/\/www.doctaforum-events.org\/2025\/postmundialpulmon2025\/wp-json\/wp\/v2\/pages"}],"about":[{"href":"https:\/\/www.doctaforum-events.org\/2025\/postmundialpulmon2025\/wp-json\/wp\/v2\/types\/page"}],"author":[{"embeddable":true,"href":"https:\/\/www.doctaforum-events.org\/2025\/postmundialpulmon2025\/wp-json\/wp\/v2\/users\/1"}],"replies":[{"embeddable":true,"href":"https:\/\/www.doctaforum-events.org\/2025\/postmundialpulmon2025\/wp-json\/wp\/v2\/comments?post=417"}],"version-history":[{"count":72,"href":"https:\/\/www.doctaforum-events.org\/2025\/postmundialpulmon2025\/wp-json\/wp\/v2\/pages\/417\/revisions"}],"predecessor-version":[{"id":1477,"href":"https:\/\/www.doctaforum-events.org\/2025\/postmundialpulmon2025\/wp-json\/wp\/v2\/pages\/417\/revisions\/1477"}],"wp:attachment":[{"href":"https:\/\/www.doctaforum-events.org\/2025\/postmundialpulmon2025\/wp-json\/wp\/v2\/media?parent=417"}],"curies":[{"name":"wp","href":"https:\/\/api.w.org\/{rel}","templated":true}]}}