{"id":264,"date":"2020-02-09T14:27:05","date_gmt":"2020-02-09T14:27:05","guid":{"rendered":"http:\/\/demo.themetim.com\/bring-back\/?page_id=264"},"modified":"2025-09-22T07:56:04","modified_gmt":"2025-09-22T07:56:04","slug":"informacion-general","status":"publish","type":"page","link":"https:\/\/www.doctaforum-events.org\/2025\/postmundialpulmon2025\/informacion-general\/","title":{"rendered":"Informaci\u00f3n General"},"content":{"rendered":"<div class=\"col-lg-12\">\n<p><span style=\"text-decoration: underline;\"><span class=\"clase1\">Organizado por:<\/span><\/span><br \/>\n<a href=\"#\" target=\"_blank\" rel=\"noopener\"><br \/>\n<img loading=\"lazy\" decoding=\"async\" class=\"alignnone size-medium wp-image-1420\" src=\"https:\/\/www.doctaforum-events.org\/2025\/postmundialpulmon2025\/wp-content\/uploads\/2025\/01\/Fundacion-Kronos-300x66.png\" alt=\"\" width=\"300\" height=\"66\" srcset=\"https:\/\/www.doctaforum-events.org\/2025\/postmundialpulmon2025\/wp-content\/uploads\/2025\/01\/Fundacion-Kronos-300x66.png 300w, https:\/\/www.doctaforum-events.org\/2025\/postmundialpulmon2025\/wp-content\/uploads\/2025\/01\/Fundacion-Kronos.png 390w\" sizes=\"(max-width: 300px) 100vw, 300px\" \/><\/a><\/p>\n<\/div>\n<div class=\"col-lg-12\">\n<p><span style=\"text-decoration: underline;\"><span class=\"clase1\">Coordinadores:<\/span><\/span><\/p>\n<p>&#8211; Dra. Pilar Garrido. Hospital Univ. Ram\u00f3n y Cajal, Madrid<br \/>\n&#8211; Dra. Dolores Isla. Hospital Cl\u00ednico Univ. Lozano Blesa, Zaragoza<br \/>\n&#8211; Dr. Manuel D\u00f3mine. Fundaci\u00f3n Jim\u00e9nez D\u00edaz, Madrid<br \/>\n&#8211; Dra. Enriqueta Felip. Hospital Univ. Vall d&#8217;Hebr\u00f3n, Barcelona<\/p>\n<p><span style=\"text-decoration: underline;\"><span class=\"clase1\">Idioma:<\/span><\/span><\/p>\n<p>&#8211; Espa\u00f1ol<\/p>\n<\/div>\n<div class=\"col-lg-12\">\n<p><span style=\"text-decoration: underline;\"> <span class=\"clase1\">Cr\u00e9ditos:<\/span> <\/span><\/p>\n<p>Solicitada la acreditaci\u00f3n a la Comisi\u00f3n de Formaci\u00f3n Continuada de Castilla-La Mancha.<\/p>\n<\/div>\n<div class=\"col-lg-12\">\n<p><span style=\"text-decoration: underline;\"> <span class=\"clase1\">Sede Presencial:<\/span> <\/span><\/p>\n<p>Hotel AC Atocha, Madrid<br \/>\nCalle Delicias 42, Madrid<\/p>\n<\/div>\n<div class=\"col-lg-12\">\n<p><span style=\"text-decoration: underline;\"><span class=\"clase1\">Con el Aval Cient\u00edfico de:<\/span><\/span><br \/>\n<a href=\"#\" target=\"_blank\" rel=\"noopener\"><br \/>\n<img loading=\"lazy\" decoding=\"async\" class=\"alignnone wp-image-1420 \" src=\"https:\/\/www.doctaforum-events.org\/2025\/postmundialpulmon2025\/wp-content\/uploads\/2025\/08\/SEOM.png\" alt=\"\" width=\"143\" height=\"136\" \/><\/a><\/p>\n<\/div>\n<div class=\"col-lg-12 col-md-12 col-sm-12\"><iframe loading=\"lazy\" style=\"border: 0;\" src=\"https:\/\/www.google.com\/maps\/embed?pb=!1m18!1m12!1m3!1d3038.227785641013!2d-3.692591424429262!3d40.403804356426605!2m3!1f0!2f0!3f0!3m2!1i1024!2i768!4f13.1!3m3!1m2!1s0xd422624d882a3b5%3A0xc2bf9e39e836e2d2!2sAC%20Hotel%20by%20Marriott%20Atocha!5e0!3m2!1ses-419!2ses!4v1737366288553!5m2!1ses-419!2ses\" width=\"100%\" height=\"450\" allowfullscreen=\"allowfullscreen\"><\/iframe><\/div>\n","protected":false},"excerpt":{"rendered":"<p>Organizado por: Coordinadores: &#8211; Dra. Pilar Garrido. Hospital Univ. Ram\u00f3n y Cajal, Madrid &#8211; Dra. Dolores Isla. Hospital Cl\u00ednico Univ. Lozano Blesa, Zaragoza &#8211; Dr. Manuel D\u00f3mine. Fundaci\u00f3n Jim\u00e9nez D\u00edaz, Madrid &#8211; Dra. Enriqueta Felip. Hospital Univ. Vall d&#8217;Hebr\u00f3n, Barcelona Idioma: &#8211; Espa\u00f1ol Cr\u00e9ditos: Solicitada la acreditaci\u00f3n a la Comisi\u00f3n de Formaci\u00f3n Continuada de Castilla-La [&hellip;]<\/p>\n","protected":false},"author":1,"featured_media":0,"parent":0,"menu_order":0,"comment_status":"closed","ping_status":"closed","template":"","meta":{"footnotes":""},"class_list":["post-264","page","type-page","status-publish","hentry"],"_links":{"self":[{"href":"https:\/\/www.doctaforum-events.org\/2025\/postmundialpulmon2025\/wp-json\/wp\/v2\/pages\/264"}],"collection":[{"href":"https:\/\/www.doctaforum-events.org\/2025\/postmundialpulmon2025\/wp-json\/wp\/v2\/pages"}],"about":[{"href":"https:\/\/www.doctaforum-events.org\/2025\/postmundialpulmon2025\/wp-json\/wp\/v2\/types\/page"}],"author":[{"embeddable":true,"href":"https:\/\/www.doctaforum-events.org\/2025\/postmundialpulmon2025\/wp-json\/wp\/v2\/users\/1"}],"replies":[{"embeddable":true,"href":"https:\/\/www.doctaforum-events.org\/2025\/postmundialpulmon2025\/wp-json\/wp\/v2\/comments?post=264"}],"version-history":[{"count":131,"href":"https:\/\/www.doctaforum-events.org\/2025\/postmundialpulmon2025\/wp-json\/wp\/v2\/pages\/264\/revisions"}],"predecessor-version":[{"id":1474,"href":"https:\/\/www.doctaforum-events.org\/2025\/postmundialpulmon2025\/wp-json\/wp\/v2\/pages\/264\/revisions\/1474"}],"wp:attachment":[{"href":"https:\/\/www.doctaforum-events.org\/2025\/postmundialpulmon2025\/wp-json\/wp\/v2\/media?parent=264"}],"curies":[{"name":"wp","href":"https:\/\/api.w.org\/{rel}","templated":true}]}}