{"id":2,"date":"2020-03-09T12:55:45","date_gmt":"2020-03-09T12:55:45","guid":{"rendered":"https:\/\/www.doctaforum-events.org\/2025\/postmundialpulmon2025\/?page_id=2"},"modified":"2025-07-16T12:02:55","modified_gmt":"2025-07-16T12:02:55","slug":"presentacion","status":"publish","type":"page","link":"https:\/\/www.doctaforum-events.org\/2025\/postmundialpulmon2025\/presentacion\/","title":{"rendered":"Presentaci\u00f3n"},"content":{"rendered":"<p><!--\n\n<span style=\"display: inline-block; width: 0px; overflow: hidden; line-height: 0;\" data-mce-type=\"bookmark\" class=\"mce_SELRES_start\"><span style=\"display: inline-block; width: 0px; overflow: hidden; line-height: 0;\" data-mce-type=\"bookmark\" class=\"mce_SELRES_start\"><\/span><\/span><span style=\"display: inline-block; width: 0px; overflow: hidden; line-height: 0;\" data-mce-type=\"bookmark\" class=\"mce_SELRES_start\"><\/span>&nbsp;\n\n&nbsp;\n\n&nbsp;\n\n&nbsp;\n\n&nbsp;\n\n\n<p style=\"text-align: center;\"><span style=\"font-size: 20pt; color: #5A7E88;\">Pr\u00f3ximamente<\/span><\/p>\n\n\n&nbsp;\n\n&nbsp;\n\n&nbsp;\n\n&nbsp;\n\n&nbsp;\n\n&nbsp;\n\n&nbsp;\n\n--><br \/>\n&nbsp;<\/p>\n<p>El World Conference on Lung Cancer (WCLC) que organiza la International Association for the Study of Lung Cancer (IASLC) es una cita que marca un hito en las agendas de multitud de especialistas en c\u00e1ncer de pulm\u00f3n y, este a\u00f1o, se celebrar\u00e1 del 6 al 9 de septiembre en Barcelona, en formato h\u00edbrido.<br \/>\nPor tanto, en esta ocasi\u00f3n, el objetivo de nuestra reuni\u00f3n es compartir una revisi\u00f3n realizada por expertos a partir de c\u00f3mo han interpretado toda la informaci\u00f3n que se ha presentado en el Congreso Mundial para elaborar las pautas asistenciales que deben cambiarse y establecer cu\u00e1les ser\u00e1n los nuevos retos en el futuro.<br \/>\nCon el deseo de que esta iniciativa resulte de tu inter\u00e9s, esperamos contar con tu asistencia a la reuni\u00f3n Post Mundial de C\u00e1ncer de Pulm\u00f3n 2025. Formato presencial, que celebraremos el d\u00eda 25 de septiembre de 2025.<\/p>\n<p>&nbsp;<\/p>\n<p>&nbsp;<\/p>\n<p>&nbsp;<\/p>\n<p><!--\n&nbsp;\n\n\n<div class=\"d-flex flex-wrap\">\n\n\n<div class=\"col-12 d-flex flex-wrap align-items-center\">\n\n\n<div class=\"col-6 text-center\"><img loading=\"lazy\" decoding=\"async\" class=\"alignnone size-full wp-image-1264\" src=\"https:\/\/www.doctaforum-events.org\/2025\/postmundialpulmon2025\/wp-content\/uploads\/2024\/02\/firma-Domine-300x121-1.jpg\" alt=\"\" width=\"300\" height=\"121\" \/><\/div>\n\n\n\n\n<div class=\"col-6 text-center\"><img loading=\"lazy\" decoding=\"async\" class=\"alignnone size-full wp-image-1265\" src=\"https:\/\/www.doctaforum-events.org\/2025\/postmundialpulmon2025\/wp-content\/uploads\/2024\/02\/firma-Dr.-Carles-Galceran-271x300-1.jpg\" alt=\"\" width=\"200\" height=\"300\" \/><\/div>\n\n\n<\/div>\n\n\n\n\n<div class=\"col-12 d-flex flex-wrap justify-content-center\">\n\n\n<div class=\"col-6 text-center\"><span style=\"color: #ad8b5f;\">Manuel D\u00f3mine G\u00f3mez<\/span>\n<em>Coordinador<\/em><\/div>\n\n\n\n\n<div class=\"col-6 text-center\"><span style=\"color: #ad8b5f;\">Joan Carles Galcer\u00e1n<\/span>\n<em>Coordinador<\/em><\/div>\n\n\n<\/div>\n\n\n<\/div>\n\n\n--><\/p>\n","protected":false},"excerpt":{"rendered":"<p>&nbsp; El World Conference on Lung Cancer (WCLC) que organiza la International Association for the Study of Lung Cancer (IASLC) es una cita que marca un hito en las agendas de multitud de especialistas en c\u00e1ncer de pulm\u00f3n y, este a\u00f1o, se celebrar\u00e1 del 6 al 9 de septiembre en Barcelona, en formato h\u00edbrido. Por [&hellip;]<\/p>\n","protected":false},"author":1,"featured_media":0,"parent":0,"menu_order":0,"comment_status":"closed","ping_status":"open","template":"","meta":{"footnotes":""},"class_list":["post-2","page","type-page","status-publish","hentry"],"_links":{"self":[{"href":"https:\/\/www.doctaforum-events.org\/2025\/postmundialpulmon2025\/wp-json\/wp\/v2\/pages\/2"}],"collection":[{"href":"https:\/\/www.doctaforum-events.org\/2025\/postmundialpulmon2025\/wp-json\/wp\/v2\/pages"}],"about":[{"href":"https:\/\/www.doctaforum-events.org\/2025\/postmundialpulmon2025\/wp-json\/wp\/v2\/types\/page"}],"author":[{"embeddable":true,"href":"https:\/\/www.doctaforum-events.org\/2025\/postmundialpulmon2025\/wp-json\/wp\/v2\/users\/1"}],"replies":[{"embeddable":true,"href":"https:\/\/www.doctaforum-events.org\/2025\/postmundialpulmon2025\/wp-json\/wp\/v2\/comments?post=2"}],"version-history":[{"count":51,"href":"https:\/\/www.doctaforum-events.org\/2025\/postmundialpulmon2025\/wp-json\/wp\/v2\/pages\/2\/revisions"}],"predecessor-version":[{"id":1466,"href":"https:\/\/www.doctaforum-events.org\/2025\/postmundialpulmon2025\/wp-json\/wp\/v2\/pages\/2\/revisions\/1466"}],"wp:attachment":[{"href":"https:\/\/www.doctaforum-events.org\/2025\/postmundialpulmon2025\/wp-json\/wp\/v2\/media?parent=2"}],"curies":[{"name":"wp","href":"https:\/\/api.w.org\/{rel}","templated":true}]}}