{"id":424,"date":"2020-03-16T18:17:34","date_gmt":"2020-03-16T18:17:34","guid":{"rendered":"https:\/\/www.doctaforum-events.org\/2025\/curso-endovascular-basico2025\/?page_id=424"},"modified":"2025-10-29T11:36:34","modified_gmt":"2025-10-29T11:36:34","slug":"programa-online","status":"publish","type":"page","link":"https:\/\/www.doctaforum-events.org\/2025\/curso-endovascular-basico2025\/programa-online\/","title":{"rendered":"Mi\u00e9rcoles &#8211; 22 de octubre"},"content":{"rendered":"<p><!--&nbsp;\n\n&nbsp;\n\n&nbsp;\n\n&nbsp;\n\n<!--&nbsp;\n\n&nbsp;\n\n&nbsp;\n\n&nbsp;\n\n&nbsp;\n\n\n<p style=\"text-align: center;\"><span style=\"font-size: 20pt; color: #e84739;\">PR\u00d3XIMAMENTE<\/span><\/p>\n\n\n&nbsp;\n\n&nbsp;\n\n&nbsp;\n\n&nbsp;\n\n&nbsp;\n\n&nbsp;\n\n&nbsp;--><\/p>\n<div id=\"\" class=\"panel-group\">\n<div class=\"panel panel-default\">\n<div class=\"panel-heading\">\n<div class=\"panel_hour d-flex align-items-center\">\n<h4 class=\"panel-title \">18:00 &#8211; 21:00<\/h4>\n<\/p><\/div>\n<div class=\"title_panel col d-flex align-items-center\">\n<h4 class=\"panel-title\">Programa Online<\/h4>\n<\/p><\/div>\n<\/p><\/div>\n<div id=\"collapse2\" class=\"panel-collapse collapse in\">\n<table id=\"tablepress-8\" class=\"tablepress tablepress-id-8\">\n<tbody class=\"row-striping row-hover\">\n<tr class=\"row-1\">\n\t<td class=\"column-1\"><\/td><td class=\"column-2\"><span class=\"clase1\">Moderadora: Claudia Marisa Aguirre Ram\u00f3n<\/span><br \/>\n<br \/>\n<span class=\"clase3\">Servicio de Cirug\u00eda Cardiovascular, Hospital Universitari i Polit\u00e8cnicLa Fe (Valencia)<\/span><\/td>\n<\/tr>\n<tr class=\"row-2\">\n\t<td class=\"column-1\"><\/td><td class=\"column-2\"><span class=\"clase1\">CONTENIDOS:<\/span><br \/>\n<br \/>\n<span class=\"clase2\">Accesos\/Perif\u00e9rico (Dr. Pont\u00f3n)<\/span><br \/>\n<br \/>\n<span class=\"clase2\">TAVI (Dr. Garrido)<\/span><br \/>\n<br \/>\n<span class=\"clase2\">TEVAR (Dr. G\u00f3mez)<\/span><br \/>\n<br \/>\n<span class=\"clase2\">EVAR (Dr. Valderrama)<\/span><\/td>\n<\/tr>\n<\/tbody>\n<\/table>\n<!-- #tablepress-8 from cache --><\/div>\n<\/p><\/div>\n<\/div>\n<p><!-- Bot\u00f3n de acceso a la grabaci\u00f3n de la sesi\u00f3n --><\/p>\n<div style=\"width: 100%; display: flex; flex-wrap: wrap; justify-content: center; align-items: center; margin-top: 10px;\">\n  <a class=\"btn-platforms\" style=\"witdh:270px;height:50px\" href=\"https:\/\/www.cursoslafe.com\/\" target=\"_blank\"><br \/>\n    Acceso a la grabaci\u00f3n de la sesi\u00f3n<br \/>\n  <\/a>\n<\/div>\n","protected":false},"excerpt":{"rendered":"<p>18:00 &#8211; 21:00 Programa Online Acceso a la grabaci\u00f3n de la sesi\u00f3n<\/p>\n","protected":false},"author":1,"featured_media":0,"parent":0,"menu_order":0,"comment_status":"closed","ping_status":"closed","template":"","meta":{"footnotes":""},"class_list":["post-424","page","type-page","status-publish","hentry"],"_links":{"self":[{"href":"https:\/\/www.doctaforum-events.org\/2025\/curso-endovascular-basico2025\/wp-json\/wp\/v2\/pages\/424","targetHints":{"allow":["GET"]}}],"collection":[{"href":"https:\/\/www.doctaforum-events.org\/2025\/curso-endovascular-basico2025\/wp-json\/wp\/v2\/pages"}],"about":[{"href":"https:\/\/www.doctaforum-events.org\/2025\/curso-endovascular-basico2025\/wp-json\/wp\/v2\/types\/page"}],"author":[{"embeddable":true,"href":"https:\/\/www.doctaforum-events.org\/2025\/curso-endovascular-basico2025\/wp-json\/wp\/v2\/users\/1"}],"replies":[{"embeddable":true,"href":"https:\/\/www.doctaforum-events.org\/2025\/curso-endovascular-basico2025\/wp-json\/wp\/v2\/comments?post=424"}],"version-history":[{"count":92,"href":"https:\/\/www.doctaforum-events.org\/2025\/curso-endovascular-basico2025\/wp-json\/wp\/v2\/pages\/424\/revisions"}],"predecessor-version":[{"id":1644,"href":"https:\/\/www.doctaforum-events.org\/2025\/curso-endovascular-basico2025\/wp-json\/wp\/v2\/pages\/424\/revisions\/1644"}],"wp:attachment":[{"href":"https:\/\/www.doctaforum-events.org\/2025\/curso-endovascular-basico2025\/wp-json\/wp\/v2\/media?parent=424"}],"curies":[{"name":"wp","href":"https:\/\/api.w.org\/{rel}","templated":true}]}}