{"id":1469,"date":"2025-08-27T09:48:28","date_gmt":"2025-08-27T09:48:28","guid":{"rendered":"https:\/\/www.doctaforum-events.org\/2025\/curso-endovascular-basico2025\/?page_id=1469"},"modified":"2025-08-29T08:28:17","modified_gmt":"2025-08-29T08:28:17","slug":"jueves-30-de-octubre","status":"publish","type":"page","link":"https:\/\/www.doctaforum-events.org\/2025\/curso-endovascular-basico2025\/jueves-30-de-octubre\/","title":{"rendered":"Jueves &#8211; 30 de octubre"},"content":{"rendered":"<div class=\"panel panel-default\">\n<div class=\"panel-heading coloramarillo\">\n<div class=\"panel_hour d-flex align-items-center\">\n<h4 class=\"panel-title\">08:00 &#8211; 09:00<\/h4>\n<\/p><\/div>\n<div class=\"title_panel col d-flex align-items-center\">\n<h4 class=\"panel-title\">Hospital Universitari i Polit\u00e8cnic La Fe (Valencia)<\/h4>\n<\/p><\/div>\n<\/p><\/div>\n<div id=\"collapse4\" class=\"panel-collapse collapse in\">\n<table id=\"tablepress-12\" class=\"tablepress tablepress-id-12 tbody-has-connected-cells\">\n<tbody class=\"row-striping row-hover\">\n<tr class=\"row-1\">\n\t<td colspan=\"2\" class=\"column-1\"><span class=\"clase2\">Localizaci\u00f3n\/Sala: Torre E-F, Sala Simulaci\u00f3n, 5\u00aa Planta<\/span><\/td><td class=\"column-3\"><\/td><td class=\"column-4\"><\/td><td class=\"column-5\"><\/td>\n<\/tr>\n<tr class=\"row-2\">\n\t<td class=\"column-1\">08:00 - 08:30<\/td><td class=\"column-2\"><span class=\"clase2\">Registro y recogida de documentaci\u00f3n<\/span><\/td><td class=\"column-3\"><\/td><td class=\"column-4\"><\/td><td class=\"column-5\"><\/td>\n<\/tr>\n<tr class=\"row-3\">\n\t<td class=\"column-1\">08:30 - 09:00<\/td><td class=\"column-2\"><span class=\"clase2\">Feed-back ENDO: Kahoot ENDO<\/span><br \/>\n<br \/>\n<span class=\"clase2\">Dr. Heredia<\/span><br \/>\n<br \/>\n<span class=\"clase2\">Dr. Garrido<\/span><\/td><td class=\"column-3\"><\/td><td class=\"column-4\"><\/td><td class=\"column-5\"><\/td>\n<\/tr>\n<\/tbody>\n<\/table>\n<!-- #tablepress-12 from cache --><\/div>\n<\/div>\n<div class=\"panel panel-default mb-2\">\n<div class=\"panel-heading breakColors\">\n<div class=\"panel_hour d-flex align-items-center\">\n<h4 class=\"panel-title  \">09:00 &#8211; 09:15<\/h4>\n<\/p><\/div>\n<div class=\"title_panel col d-flex align-items-center\">\n<h4 class=\"panel-title\">Traslado a lugares de trabajo y caf\u00e9<\/h4>\n<\/p><\/div>\n<\/p><\/div>\n<\/div>\n<div class=\"panel panel-default\">\n<div class=\"panel-heading coloramarillo\">\n<div class=\"panel_hour d-flex align-items-center\">\n<h4 class=\"panel-title \">09:15 &#8211; 12:45<\/h4>\n<\/p><\/div>\n<div class=\"title_panel col d-flex align-items-center\">\n<h4 class=\"panel-title\">TRABAJO POR GRUPOS Y M\u00d3DULOS<\/h4>\n<\/p><\/div>\n<\/p><\/div>\n<div id=\"collapse5\" class=\"panel-collapse collapse in\">\n<table id=\"tablepress-18\" class=\"tablepress tablepress-id-18\">\n<tbody class=\"row-striping row-hover\">\n<tr class=\"row-1\">\n\t<td class=\"column-1\"><\/td><td class=\"column-2\"><span class=\"clase1\">GRUPO 2: PLANNING &amp; SIZING - Supuestos pr\u00e1cticos (1\u00aa parte)<\/span><br \/>\n<br \/>\n<span class=\"clase2\">Localizaci\u00f3n\/Sala: Torre G, Sala reuniones CCV, 4\u00aa Planta<\/span><br \/>\n<br \/>\n<span class=\"clase2\">Dr. Bel<\/span><br \/>\n<br \/>\n<span class=\"clase2\">Dr. G\u00f3mez<\/span><br \/>\n<br \/>\n<span class=\"clase2\">Dr. Guevara<\/span><br \/>\n<br \/>\n<span class=\"clase2\">Dr. Heredia<\/span><br \/>\n<\/td>\n<\/tr>\n<tr class=\"row-2\">\n\t<td class=\"column-1\"><\/td><td class=\"column-2\"><span class=\"clase1\">GRUPO 1: PR\u00c1CTICA ENDO - Metacrilatos-Rx\/Simuladores (1\u00aa parte)<\/span><br \/>\n<br \/>\n<span class=\"clase2\">Localizaci\u00f3n\/Sala: Torre A, S\u00f3tano -1, Animalario<\/span><br \/>\n<br \/>\n<span class=\"clase2\">Dr. Sirgo<\/span><br \/>\n<br \/>\n<span class=\"clase2\">Dr. Pont\u00f3n<\/span><br \/>\n<br \/>\n<span class=\"clase2\">Dr. Valderrama<\/span><br \/>\n<\/td>\n<\/tr>\n<\/tbody>\n<\/table>\n<!-- #tablepress-18 from cache --><\/div>\n<\/div>\n<div class=\"panel panel-default mb-2\">\n<div class=\"panel-heading breakColors \">\n<div class=\"panel_hour d-flex align-items-center mb-2\">\n<h4 class=\"panel-title \">12:45 &#8211; 14:00<\/h4>\n<\/p><\/div>\n<div class=\"title_panel col-8 d-flex align-items-center mb-2\">\n<h4 class=\"panel-title\">Almuerzo<\/h4>\n<\/p><\/div>\n<p><\/p>\n<div class=\"title_panel col-10 d-flex align-items-center\">\n<h5 class=\"panel-title\">Localizaci\u00f3n\/Sala: Torre E-F, Sala Sumulaci\u00f3n, 5\u00aa Planta<\/h5>\n<\/p><\/div>\n<\/p><\/div>\n<\/div>\n<div class=\"panel panel-default mb-2\">\n<div class=\"panel-heading coloramarillo\">\n<div class=\"panel_hour d-flex align-items-center\">\n<h4 class=\"panel-title \">14:00 &#8211; 18:00<\/h4>\n<\/p><\/div>\n<div class=\"title_panel col d-flex align-items-center\">\n<h4 class=\"panel-title\">TRABAJO POR GRUPOS Y M\u00d3DULOS<\/h4>\n<\/p><\/div>\n<\/p><\/div>\n<div id=\"collapse6\" class=\"panel-collapse collapse in\">\n<table id=\"tablepress-19\" class=\"tablepress tablepress-id-19\">\n<tbody class=\"row-striping row-hover\">\n<tr class=\"row-1\">\n\t<td class=\"column-1\"><\/td><td class=\"column-2\"><span class=\"clase1\">GRUPO 2: PLANNING &amp; SIZING - Supuestos pr\u00e1cticos (2\u00aa parte)<\/span><br \/>\n<br \/>\n<span class=\"clase2\">Localizaci\u00f3n\/Sala: Torre G, Sala reuniones CCV, 4\u00aa Planta<\/span><br \/>\n<br \/>\n<span class=\"clase2\">Dr. Heredia<\/span><br \/>\n<br \/>\n<span class=\"clase2\">Dr. Guevara<\/span><br \/>\n<br \/>\n<span class=\"clase2\">Dr. Pont\u00f3n<\/span><br \/>\n<br \/>\n<span class=\"clase2\">Dr. Valderrama<\/span><br \/>\n<br \/>\n<span class=\"clase2\">Dr. G\u00f3mez<\/span><\/td>\n<\/tr>\n<tr class=\"row-2\">\n\t<td class=\"column-1\"><\/td><td class=\"column-2\"><span class=\"clase1\">GRUPO 1: PR\u00c1CTICA ENDO - Experimental animal (2\u00aa parte)<\/span><br \/>\n<br \/>\n<span class=\"clase2\">Localizaci\u00f3n\/Sala: Torre A, S\u00f3tano -1, Animalario<\/span><br \/>\n<br \/>\n<span class=\"clase2\">Dr. Bel<\/span><br \/>\n<br \/>\n<span class=\"clase2\">Dr. Garrido<\/span><br \/>\n<br \/>\n<span class=\"clase2\">Dr. Mart\u00edn<\/span><br \/>\n<br \/>\n<span class=\"clase2\">Dr. Dom\u00ednguez<\/span><br \/>\n<br \/>\n<span class=\"clase2\">Dr. Aguirre<\/span><br \/>\n<\/td>\n<\/tr>\n<\/tbody>\n<\/table>\n<!-- #tablepress-19 from cache --><\/div>\n<\/div>\n<div class=\"panel panel-default\">\n<div class=\"panel-heading breakColors\">\n<div class=\"panel_hour d-flex align-items-center\">\n<h4 class=\"panel-title \">18:00<\/h4>\n<\/p><\/div>\n<div class=\"title_panel col d-flex align-items-center\">\n<h4 class=\"panel-title\">Conclusiones y cierre del curso<\/h4>\n<\/p><\/div>\n<\/p><\/div>\n<\/div>\n","protected":false},"excerpt":{"rendered":"<p>08:00 &#8211; 09:00 Hospital Universitari i Polit\u00e8cnic La Fe (Valencia) 09:00 &#8211; 09:15 Traslado a lugares de trabajo y caf\u00e9 09:15 &#8211; 12:45 TRABAJO POR GRUPOS Y M\u00d3DULOS 12:45 &#8211; 14:00 Almuerzo Localizaci\u00f3n\/Sala: Torre E-F, Sala Sumulaci\u00f3n, 5\u00aa Planta 14:00 &#8211; 18:00 TRABAJO POR GRUPOS Y M\u00d3DULOS 18:00 Conclusiones y cierre del curso<\/p>\n","protected":false},"author":3,"featured_media":0,"parent":0,"menu_order":0,"comment_status":"closed","ping_status":"closed","template":"","meta":{"footnotes":""},"class_list":["post-1469","page","type-page","status-publish","hentry"],"_links":{"self":[{"href":"https:\/\/www.doctaforum-events.org\/2025\/curso-endovascular-basico2025\/wp-json\/wp\/v2\/pages\/1469","targetHints":{"allow":["GET"]}}],"collection":[{"href":"https:\/\/www.doctaforum-events.org\/2025\/curso-endovascular-basico2025\/wp-json\/wp\/v2\/pages"}],"about":[{"href":"https:\/\/www.doctaforum-events.org\/2025\/curso-endovascular-basico2025\/wp-json\/wp\/v2\/types\/page"}],"author":[{"embeddable":true,"href":"https:\/\/www.doctaforum-events.org\/2025\/curso-endovascular-basico2025\/wp-json\/wp\/v2\/users\/3"}],"replies":[{"embeddable":true,"href":"https:\/\/www.doctaforum-events.org\/2025\/curso-endovascular-basico2025\/wp-json\/wp\/v2\/comments?post=1469"}],"version-history":[{"count":5,"href":"https:\/\/www.doctaforum-events.org\/2025\/curso-endovascular-basico2025\/wp-json\/wp\/v2\/pages\/1469\/revisions"}],"predecessor-version":[{"id":1595,"href":"https:\/\/www.doctaforum-events.org\/2025\/curso-endovascular-basico2025\/wp-json\/wp\/v2\/pages\/1469\/revisions\/1595"}],"wp:attachment":[{"href":"https:\/\/www.doctaforum-events.org\/2025\/curso-endovascular-basico2025\/wp-json\/wp\/v2\/media?parent=1469"}],"curies":[{"name":"wp","href":"https:\/\/api.w.org\/{rel}","templated":true}]}}