{"id":1466,"date":"2025-08-27T09:47:38","date_gmt":"2025-08-27T09:47:38","guid":{"rendered":"https:\/\/www.doctaforum-events.org\/2025\/curso-endovascular-basico2025\/?page_id=1466"},"modified":"2025-09-17T07:03:57","modified_gmt":"2025-09-17T07:03:57","slug":"miercoles-29-de-octubre","status":"publish","type":"page","link":"https:\/\/www.doctaforum-events.org\/2025\/curso-endovascular-basico2025\/miercoles-29-de-octubre\/","title":{"rendered":"Mi\u00e9rcoles &#8211; 29 de octubre"},"content":{"rendered":"<div class=\"panel panel-default\">\n<div class=\"panel-heading coloramarillo\">\n<div class=\"panel_hour d-flex align-items-center\">\n<h4 class=\"panel-title\">08:00 &#8211; 09:45<\/h4>\n<\/div>\n<div class=\"title_panel col d-flex align-items-center\">\n<h4 class=\"panel-title\">Hospital Universitari i Polit\u00e8cnic La Fe (Valencia)<\/h4>\n<\/div>\n<\/div>\n<div id=\"collapse4\" class=\"panel-collapse collapse in\">\n<table id=\"tablepress-9\" class=\"tablepress tablepress-id-9 tbody-has-connected-cells\">\n<tbody class=\"row-striping row-hover\">\n<tr class=\"row-1\">\n\t<td colspan=\"2\" class=\"column-1\"><span class=\"clase2\">Localizaci\u00f3n\/Sala: Torre E-F, Sala Simulaci\u00f3n, 5\u00aa Planta<\/span><\/td>\n<\/tr>\n<tr class=\"row-2\">\n\t<td class=\"column-1\">08:00 - 08:30<\/td><td class=\"column-2\"><span class=\"clase2\">Registro y recogida de documentaci\u00f3n<\/span><\/td>\n<\/tr>\n<tr class=\"row-3\">\n\t<td class=\"column-1\">08:30 - 08:45<\/td><td class=\"column-2\"><span class=\"clase2\">Bienvenida y presentaci\u00f3n<\/span><\/td>\n<\/tr>\n<tr class=\"row-4\">\n\t<td class=\"column-1\">08:45 - 09:45<\/td><td class=\"column-2\"><span class=\"clase2\">Feed-back Endo: MENSAJES B\u00c1SICOS<\/span><\/td>\n<\/tr>\n<tr class=\"row-5\">\n\t<td class=\"column-1\">08:45 - 09:00<\/td><td class=\"column-2\"><span class=\"clase2\">Accesos\/Perif\u00e9rico (Dr. Pont\u00f3n)<\/span><\/td>\n<\/tr>\n<tr class=\"row-6\">\n\t<td class=\"column-1\">09:00 - 09:15<\/td><td class=\"column-2\"><span class=\"clase2\">TAVI (Dr. Garrido)<\/span><\/td>\n<\/tr>\n<tr class=\"row-7\">\n\t<td class=\"column-1\">09:15 - 09:30<\/td><td class=\"column-2\"><span class=\"clase2\">TEVAR (Dr. G\u00f3mez)<\/span><\/td>\n<\/tr>\n<tr class=\"row-8\">\n\t<td class=\"column-1\">09:30 - 09:45<\/td><td class=\"column-2\"><span class=\"clase2\">EVAR (Dr. Valderrama)<\/span><\/td>\n<\/tr>\n<\/tbody>\n<\/table>\n<!-- #tablepress-9 from cache --><\/div>\n<\/div>\n<div class=\"panel panel-default mb-2\">\n<div class=\"panel-heading breakColors\">\n<div class=\"panel_hour d-flex align-items-center\">\n<h4 class=\"panel-title \">09:45 &#8211; 10:00<\/h4>\n<\/div>\n<div class=\"title_panel col d-flex align-items-center\">\n<h4 class=\"panel-title\">Traslado a lugares de trabajo y caf\u00e9<\/h4>\n<\/div>\n<\/div>\n<\/div>\n<div class=\"panel panel-default\">\n<div class=\"panel-heading coloramarillo\">\n<div class=\"panel_hour d-flex align-items-center\">\n<h4 class=\"panel-title \">10:00 &#8211; 13:30<\/h4>\n<\/div>\n<div class=\"title_panel col d-flex align-items-center\">\n<h4 class=\"panel-title\">TRABAJO POR GRUPOS Y M\u00d3DULOS<\/h4>\n<\/div>\n<\/div>\n<div id=\"collapse5\" class=\"panel-collapse collapse in\">\n<table id=\"tablepress-11\" class=\"tablepress tablepress-id-11\">\n<tbody class=\"row-striping row-hover\">\n<tr class=\"row-1\">\n\t<td class=\"column-1\"><\/td><td class=\"column-2\"><span class=\"clase1\">GRUPO 1: PR\u00c1CTICA ENDO - Metacrilatos-Rx\/Simuladores (1\u00aa parte)<\/span><br \/>\n<br \/>\n<span class=\"clase2\">Localizaci\u00f3n\/Sala: Torre A, S\u00f3tano -1, Animalario<\/span><br \/>\n<br \/>\n<span class=\"clase2\">Dr. Sirgo<\/span><br \/>\n<br \/>\n<span class=\"clase2\">Dr. Pont\u00f3n<\/span><br \/>\n<br \/>\n<span class=\"clase2\">Dr. Valderrama<\/span><\/td>\n<\/tr>\n<tr class=\"row-2\">\n\t<td class=\"column-1\"><\/td><td class=\"column-2\"><span class=\"clase1\">GRUPO 2: PLANNING &amp; SIZING - Supuestos pr\u00e1cticos (1\u00aa parte)<\/span><br \/>\n<br \/>\n<span class=\"clase2\">Localizaci\u00f3n\/Sala: Torre G, Sala reuniones CCV, 4\u00aa Planta<\/span><br \/>\n<br \/>\n<span class=\"clase2\">Dr. Bel<\/span><br \/>\n<br \/>\n<span class=\"clase2\">Dr. Garrido<\/span><br \/>\n<br \/>\n<span class=\"clase2\">Dr. Guevara<\/span><br \/>\n<br \/>\n<span class=\"clase2\">Dr. Heredia<\/span><\/td>\n<\/tr>\n<\/tbody>\n<\/table>\n<!-- #tablepress-11 from cache --><\/div>\n<\/div>\n<div class=\"panel panel-default mb-2\">\n<div class=\"panel-heading breakColors \">\n<div class=\"panel_hour d-flex align-items-center mb-2\">\n<h4 class=\"panel-title \">13:30 &#8211; 14:30<\/h4>\n<\/div>\n<div class=\"title_panel col-8 d-flex align-items-center mb-2\">\n<h4 class=\"panel-title\">Almuerzo<\/h4>\n<\/div>\n<p>&nbsp;<\/p>\n<div class=\"title_panel col-10 d-flex align-items-center\">\n<h5 class=\"panel-title\">Localizaci\u00f3n\/Sala: Torre E-F, Sala Simulaci\u00f3n, 5\u00aa Planta<\/h5>\n<\/div>\n<\/div>\n<\/div>\n<div class=\"panel panel-default mb-2\">\n<div class=\"panel-heading coloramarillo\">\n<div class=\"panel_hour d-flex align-items-center\">\n<h4 class=\"panel-title \">14:30 &#8211; 18:30<\/h4>\n<\/div>\n<div class=\"title_panel col d-flex align-items-center\">\n<h4 class=\"panel-title\">TRABAJO POR GRUPOS Y M\u00d3DULOS<\/h4>\n<\/div>\n<\/div>\n<div id=\"collapse6\" class=\"panel-collapse collapse in\">\n<table id=\"tablepress-10\" class=\"tablepress tablepress-id-10\">\n<tbody class=\"row-striping row-hover\">\n<tr class=\"row-1\">\n\t<td class=\"column-1\"><\/td><td class=\"column-2\"><span class=\"clase1\">GRUPO 1: PR\u00c1CTICA ENDO - Experimental animal (2\u00aa parte)<\/span><br \/>\n<br \/>\n<span class=\"clase2\">Localizaci\u00f3n\/Sala: Torre A, S\u00f3tano -1, Animalario<\/span><br \/>\n<span class=\"clase2\">Dr. Bel<\/span><br \/>\n<br \/>\n<span class=\"clase2\">Dr. Gom\u00e9z<\/span><br \/>\n<br \/>\n<span class=\"clase2\">Dr. Mart\u00edn<\/span><br \/>\n<br \/>\n<span class=\"clase2\">Dr. Dom\u00ednguez<\/span><br \/>\n<br \/>\n<span class=\"clase2\">Dr. Pascual<\/span><\/td>\n<\/tr>\n<tr class=\"row-2\">\n\t<td class=\"column-1\"><\/td><td class=\"column-2\"><span class=\"clase1\">GRUPO 2: PLANNING &amp; SIZING - Supuestos pr\u00e1cticos (2\u00aa parte)<\/span><br \/>\n<br \/>\n<span class=\"clase2\">Localizaci\u00f3n\/Sala: Torre G, Sala reuniones CCV, 4\u00aa Planta<\/span><br \/>\n<br \/>\n<span class=\"clase2\">Dr. Garrido<\/span><br \/>\n<br \/>\n<span class=\"clase2\">Dr. Guevara<\/span><br \/>\n<br \/>\n<span class=\"clase2\">Dr. Heredia<\/span><br \/>\n<br \/>\n<span class=\"clase2\">Dr. Pont\u00f3n<\/span><br \/>\n<br \/>\n<span class=\"clase2\">Dr. Valderrama<\/span><\/td>\n<\/tr>\n<\/tbody>\n<\/table>\n<!-- #tablepress-10 from cache --><\/div>\n<\/div>\n<div class=\"panel panel-default\">\n<div class=\"panel-heading breakColors\">\n<div class=\"panel_hour d-flex align-items-center\">\n<h4 class=\"panel-title \">20:30<\/h4>\n<\/div>\n<div class=\"title_panel col d-flex align-items-center mb-2\">\n<h4 class=\"panel-title\">Cena oficial del curso<\/h4>\n<\/div>\n<p>&nbsp;<\/p>\n<div class=\"title_panel col-10 d-flex align-items-center mb-2\">\n<h5 class=\"panel-title\">Localizaci\u00f3n\/Sala: Hotel Malcom and Barret (Av\/ d\u2019Ausi\u00e0s March 59, Valencia)<\/h5>\n<\/div>\n<\/div>\n<\/div>\n","protected":false},"excerpt":{"rendered":"<p>08:00 &#8211; 09:45 Hospital Universitari i Polit\u00e8cnic La Fe (Valencia) 09:45 &#8211; 10:00 Traslado a lugares de trabajo y caf\u00e9 10:00 &#8211; 13:30 TRABAJO POR GRUPOS Y M\u00d3DULOS 13:30 &#8211; 14:30 Almuerzo &nbsp; Localizaci\u00f3n\/Sala: Torre E-F, Sala Simulaci\u00f3n, 5\u00aa Planta 14:30 &#8211; 18:30 TRABAJO POR GRUPOS Y M\u00d3DULOS 20:30 Cena oficial del curso &nbsp; Localizaci\u00f3n\/Sala: [&hellip;]<\/p>\n","protected":false},"author":3,"featured_media":0,"parent":0,"menu_order":0,"comment_status":"closed","ping_status":"closed","template":"","meta":{"footnotes":""},"class_list":["post-1466","page","type-page","status-publish","hentry"],"_links":{"self":[{"href":"https:\/\/www.doctaforum-events.org\/2025\/curso-endovascular-basico2025\/wp-json\/wp\/v2\/pages\/1466","targetHints":{"allow":["GET"]}}],"collection":[{"href":"https:\/\/www.doctaforum-events.org\/2025\/curso-endovascular-basico2025\/wp-json\/wp\/v2\/pages"}],"about":[{"href":"https:\/\/www.doctaforum-events.org\/2025\/curso-endovascular-basico2025\/wp-json\/wp\/v2\/types\/page"}],"author":[{"embeddable":true,"href":"https:\/\/www.doctaforum-events.org\/2025\/curso-endovascular-basico2025\/wp-json\/wp\/v2\/users\/3"}],"replies":[{"embeddable":true,"href":"https:\/\/www.doctaforum-events.org\/2025\/curso-endovascular-basico2025\/wp-json\/wp\/v2\/comments?post=1466"}],"version-history":[{"count":31,"href":"https:\/\/www.doctaforum-events.org\/2025\/curso-endovascular-basico2025\/wp-json\/wp\/v2\/pages\/1466\/revisions"}],"predecessor-version":[{"id":1617,"href":"https:\/\/www.doctaforum-events.org\/2025\/curso-endovascular-basico2025\/wp-json\/wp\/v2\/pages\/1466\/revisions\/1617"}],"wp:attachment":[{"href":"https:\/\/www.doctaforum-events.org\/2025\/curso-endovascular-basico2025\/wp-json\/wp\/v2\/media?parent=1466"}],"curies":[{"name":"wp","href":"https:\/\/api.w.org\/{rel}","templated":true}]}}